{"id":17805,"date":"2022-05-11T11:55:25","date_gmt":"2022-05-11T04:55:25","guid":{"rendered":"https:\/\/nicolebridal.vn\/?page_id=17805"},"modified":"2022-05-28T13:15:01","modified_gmt":"2022-05-28T06:15:01","slug":"tell-story","status":"publish","type":"page","link":"https:\/\/nicolebridal.vn\/en\/tell-story\/","title":{"rendered":"Tell Us Your Story"},"content":{"rendered":"\t\t<div data-elementor-type=\"wp-page\" data-elementor-id=\"17805\" class=\"elementor elementor-17805\" data-elementor-post-type=\"page\">\n\t\t\t\t\t\t<section class=\"elementor-section elementor-top-section elementor-element elementor-element-b1d0d98 elementor-section-boxed elementor-section-height-default elementor-section-height-default\" data-id=\"b1d0d98\" data-element_type=\"section\">\n\t\t\t\t\t\t<div class=\"elementor-container elementor-column-gap-default\">\n\t\t\t\t\t<div class=\"elementor-column elementor-col-100 elementor-top-column elementor-element elementor-element-d61524a\" data-id=\"d61524a\" data-element_type=\"column\">\n\t\t\t<div class=\"elementor-widget-wrap elementor-element-populated\">\n\t\t\t\t\t\t<div class=\"elementor-element elementor-element-d43f8c6 elementor-widget elementor-widget-text-editor\" data-id=\"d43f8c6\" data-element_type=\"widget\" data-widget_type=\"text-editor.default\">\n\t\t\t\t\t\t\t\t\t<p>H\u00e3y k\u1ec3 ch\u00fang m\u00ecnh nghe c\u00e2u chuy\u1ec7n h\u00f4n nh\u00e2n v\u00e0 nh\u1eefng th\u1eddi kh\u1eafc qu\u00fd gi\u00e1 c\u1ee7a b\u1ea1n. R\u1ea5t \u0111\u01a1n gi\u1ea3n, b\u1ea1n h\u00e3y gi\u00fap Nicole Bridal \u0111i\u1ec1n th\u00f4ng tin, c\u1eadp nh\u1eadt h\u00ecnh \u1ea3nh v\u00e0 \u0111\u1eebng qu\u00ean cung c\u1ea5p th\u00eam chi ti\u1ebft li\u00ean quan tr\u01b0\u1edbc khi &#8221;SEND &#8221; nh\u00e9.<\/p><p>&#8212;<\/p><p>Tell us your wedding story and share your precious moments. Simply complete the form below, upload your wedding picture and provide other details before clicking &#8220;SEND&#8221;<\/p>\t\t\t\t\t\t\t\t<\/div>\n\t\t\t\t<section class=\"elementor-section elementor-inner-section elementor-element elementor-element-253dac0 elementor-section-boxed elementor-section-height-default elementor-section-height-default\" data-id=\"253dac0\" data-element_type=\"section\">\n\t\t\t\t\t\t<div class=\"elementor-container elementor-column-gap-default\">\n\t\t\t\t\t<div class=\"elementor-column elementor-col-100 elementor-inner-column elementor-element elementor-element-f3afa0c\" data-id=\"f3afa0c\" data-element_type=\"column\">\n\t\t\t<div class=\"elementor-widget-wrap elementor-element-populated\">\n\t\t\t\t\t\t<div class=\"elementor-element elementor-element-9995818 elementor-button-align-center elementor-widget elementor-widget-form\" data-id=\"9995818\" data-element_type=\"widget\" data-settings=\"{&quot;step_next_label&quot;:&quot;Next&quot;,&quot;step_previous_label&quot;:&quot;Previous&quot;,&quot;button_width&quot;:&quot;100&quot;,&quot;step_type&quot;:&quot;number_text&quot;,&quot;step_icon_shape&quot;:&quot;circle&quot;}\" data-widget_type=\"form.default\">\n\t\t\t\t\t\t\t<form class=\"elementor-form\" method=\"post\" name=\"New Form\">\n\t\t\t<input type=\"hidden\" name=\"post_id\" value=\"17805\"\/>\n\t\t\t<input type=\"hidden\" name=\"form_id\" value=\"9995818\"\/>\n\t\t\t<input type=\"hidden\" name=\"referer_title\" value=\"Tell Us Your Story - Nicole Bridal\" \/>\n\n\t\t\t\t\t\t\t<input type=\"hidden\" name=\"queried_id\" value=\"17805\"\/>\n\t\t\t\n\t\t\t<div class=\"elementor-form-fields-wrapper elementor-labels-\">\n\t\t\t\t\t\t\t\t<div class=\"elementor-field-type-text elementor-field-group elementor-column elementor-field-group-name elementor-col-60 elementor-field-required\">\n\t\t\t\t\t\t\t\t\t\t\t\t<label for=\"form-field-name\" class=\"elementor-field-label elementor-screen-only\">\n\t\t\t\t\t\t\t\t Bride & Groom's names \t\t\t\t\t\t\t<\/label>\n\t\t\t\t\t\t\t\t\t\t\t\t\t\t<input size=\"1\" type=\"text\" name=\"form_fields[name]\" id=\"form-field-name\" class=\"elementor-field elementor-size-sm  elementor-field-textual\" placeholder=\" * Bride &amp; Groom&#039;s names \" required=\"required\">\n\t\t\t\t\t\t\t\t\t\t\t<\/div>\n\t\t\t\t\t\t\t\t<div class=\"elementor-field-type-date elementor-field-group elementor-column elementor-field-group-email elementor-col-40 elementor-field-required\">\n\t\t\t\t\t\t\t\t\t\t\t\t<label for=\"form-field-email\" class=\"elementor-field-label elementor-screen-only\">\n\t\t\t\t\t\t\t\t Wedding date\t\t\t\t\t\t\t<\/label>\n\t\t\t\t\t\t\n\t\t<input type=\"date\" name=\"form_fields[email]\" id=\"form-field-email\" class=\"elementor-field elementor-size-sm  elementor-field-textual elementor-date-field\" placeholder=\" * Wedding date\" required=\"required\" pattern=\"[0-9]{4}-[0-9]{2}-[0-9]{2}\">\n\t\t\t\t\t\t<\/div>\n\t\t\t\t\t\t\t\t<div class=\"elementor-field-type-text elementor-field-group elementor-column elementor-field-group-field_eb356b1 elementor-col-50\">\n\t\t\t\t\t\t\t\t\t\t\t\t<label for=\"form-field-field_eb356b1\" class=\"elementor-field-label elementor-screen-only\">\n\t\t\t\t\t\t\t\tWedding Venue\t\t\t\t\t\t\t<\/label>\n\t\t\t\t\t\t\t\t\t\t\t\t\t\t<input size=\"1\" type=\"text\" name=\"form_fields[field_eb356b1]\" id=\"form-field-field_eb356b1\" class=\"elementor-field elementor-size-sm  elementor-field-textual\" placeholder=\"Wedding Venue\">\n\t\t\t\t\t\t\t\t\t\t\t<\/div>\n\t\t\t\t\t\t\t\t<div class=\"elementor-field-type-text elementor-field-group elementor-column elementor-field-group-field_c09e42c elementor-col-50\">\n\t\t\t\t\t\t\t\t\t\t\t\t<label for=\"form-field-field_c09e42c\" class=\"elementor-field-label elementor-screen-only\">\n\t\t\t\t\t\t\t\tPhotographer\t\t\t\t\t\t\t<\/label>\n\t\t\t\t\t\t\t\t\t\t\t\t\t\t<input size=\"1\" type=\"text\" name=\"form_fields[field_c09e42c]\" id=\"form-field-field_c09e42c\" class=\"elementor-field elementor-size-sm  elementor-field-textual\" placeholder=\"Photographer\">\n\t\t\t\t\t\t\t\t\t\t\t<\/div>\n\t\t\t\t\t\t\t\t<div class=\"elementor-field-type-text elementor-field-group elementor-column elementor-field-group-field_0ad40a9 elementor-col-50\">\n\t\t\t\t\t\t\t\t\t\t\t\t<label for=\"form-field-field_0ad40a9\" class=\"elementor-field-label elementor-screen-only\">\n\t\t\t\t\t\t\t\tDecoration\t\t\t\t\t\t\t<\/label>\n\t\t\t\t\t\t\t\t\t\t\t\t\t\t<input size=\"1\" type=\"text\" name=\"form_fields[field_0ad40a9]\" id=\"form-field-field_0ad40a9\" class=\"elementor-field elementor-size-sm  elementor-field-textual\" placeholder=\"Decoration\">\n\t\t\t\t\t\t\t\t\t\t\t<\/div>\n\t\t\t\t\t\t\t\t<div class=\"elementor-field-type-text elementor-field-group elementor-column elementor-field-group-field_0571385 elementor-col-50\">\n\t\t\t\t\t\t\t\t\t\t\t\t<label for=\"form-field-field_0571385\" class=\"elementor-field-label elementor-screen-only\">\n\t\t\t\t\t\t\t\tWedding Planner\t\t\t\t\t\t\t<\/label>\n\t\t\t\t\t\t\t\t\t\t\t\t\t\t<input size=\"1\" type=\"text\" name=\"form_fields[field_0571385]\" id=\"form-field-field_0571385\" class=\"elementor-field elementor-size-sm  elementor-field-textual\" placeholder=\"Wedding Planner\">\n\t\t\t\t\t\t\t\t\t\t\t<\/div>\n\t\t\t\t\t\t\t\t<div class=\"elementor-field-type-html elementor-field-group elementor-column elementor-field-group-field_4bfbee9 elementor-col-100\">\n\t\t\t\t\t<div> * Your Image <\/div>\t\t\t\t<\/div>\n\t\t\t\t\t\t\t\t<div class=\"elementor-field-type-upload elementor-field-group elementor-column elementor-field-group-field_8c85f06 elementor-col-100 elementor-field-required\">\n\t\t\t\t\t\t\t\t\t\t\t\t<label for=\"form-field-field_8c85f06\" class=\"elementor-field-label elementor-screen-only\">\n\t\t\t\t\t\t\t\tWedding gown photo\t\t\t\t\t\t\t<\/label>\n\t\t\t\t\t\t\t\t<input type=\"file\" name=\"form_fields[field_8c85f06][]\" id=\"form-field-field_8c85f06\" class=\"elementor-field elementor-size-sm  elementor-upload-field\" required=\"required\" multiple=\"multiple\" data-maxsize=\"5\" data-maxsize-message=\"This file exceeds the maximum allowed size.\">\n\n\t\t\t\t\t\t<\/div>\n\t\t\t\t\t\t\t\t<div class=\"elementor-field-type-html elementor-field-group elementor-column elementor-field-group-field_458e356 elementor-col-100\">\n\t\t\t\t\t<div> Link Youtube video<\/div>\t\t\t\t<\/div>\n\t\t\t\t\t\t\t\t<div class=\"elementor-field-type-upload elementor-field-group elementor-column elementor-field-group-field_cf2bc30 elementor-col-100\">\n\t\t\t\t\t\t\t\t\t\t\t\t<label for=\"form-field-field_cf2bc30\" class=\"elementor-field-label elementor-screen-only\">\n\t\t\t\t\t\t\t\tLink Youtube\t\t\t\t\t\t\t<\/label>\n\t\t\t\t\t\t\t\t<input type=\"file\" name=\"form_fields[field_cf2bc30]\" id=\"form-field-field_cf2bc30\" class=\"elementor-field elementor-size-sm  elementor-upload-field\">\n\n\t\t\t\t\t\t<\/div>\n\t\t\t\t\t\t\t\t<div class=\"elementor-field-type-textarea elementor-field-group elementor-column elementor-field-group-field_e88e317 elementor-col-100\">\n\t\t\t\t\t\t\t\t\t\t\t\t<label for=\"form-field-field_e88e317\" class=\"elementor-field-label elementor-screen-only\">\n\t\t\t\t\t\t\t\tTestimonials\t\t\t\t\t\t\t<\/label>\n\t\t\t\t\t\t<textarea class=\"elementor-field-textual elementor-field  elementor-size-sm\" name=\"form_fields[field_e88e317]\" id=\"form-field-field_e88e317\" rows=\"3\" placeholder=\"Your Story &amp; Review\"><\/textarea>\t\t\t\t<\/div>\n\t\t\t\t\t\t\t\t<div class=\"elementor-field-type-email elementor-field-group elementor-column elementor-field-group-field_4ab2bb1 elementor-col-100 elementor-field-required\">\n\t\t\t\t\t\t\t\t\t\t\t\t<label for=\"form-field-field_4ab2bb1\" class=\"elementor-field-label elementor-screen-only\">\n\t\t\t\t\t\t\t\tEmail\t\t\t\t\t\t\t<\/label>\n\t\t\t\t\t\t\t\t\t\t\t\t\t\t<input size=\"1\" type=\"email\" name=\"form_fields[field_4ab2bb1]\" id=\"form-field-field_4ab2bb1\" class=\"elementor-field elementor-size-sm  elementor-field-textual\" placeholder=\"* Email\" required=\"required\">\n\t\t\t\t\t\t\t\t\t\t\t<\/div>\n\t\t\t\t\t\t\t\t<div class=\"elementor-field-group elementor-column elementor-field-type-submit elementor-col-100 e-form__buttons\">\n\t\t\t\t\t<button class=\"elementor-button elementor-size-sm\" type=\"submit\">\n\t\t\t\t\t\t<span class=\"elementor-button-content-wrapper\">\n\t\t\t\t\t\t\t\t\t\t\t\t\t\t\t\t\t\t\t\t\t\t<span class=\"elementor-button-text\">Send<\/span>\n\t\t\t\t\t\t\t\t\t\t\t\t\t<\/span>\n\t\t\t\t\t<\/button>\n\t\t\t\t<\/div>\n\t\t\t<\/div>\n\t\t<\/form>\n\t\t\t\t\t\t<\/div>\n\t\t\t\t\t<\/div>\n\t\t<\/div>\n\t\t\t\t\t<\/div>\n\t\t<\/section>\n\t\t\t\t\t<\/div>\n\t\t<\/div>\n\t\t\t\t\t<\/div>\n\t\t<\/section>\n\t\t\t\t<\/div>\n\t\t","protected":false},"excerpt":{"rendered":"<p>H\u00e3y k\u1ec3 ch\u00fang m\u00ecnh nghe c\u00e2u chuy\u1ec7n h\u00f4n nh\u00e2n v\u00e0 nh\u1eefng th\u1eddi kh\u1eafc qu\u00fd gi\u00e1 c\u1ee7a b\u1ea1n. R\u1ea5t \u0111\u01a1n gi\u1ea3n, b\u1ea1n h\u00e3y gi\u00fap Nicole Bridal \u0111i\u1ec1n th\u00f4ng tin, c\u1eadp nh\u1eadt h\u00ecnh \u1ea3nh v\u00e0 \u0111\u1eebng qu\u00ean cung c\u1ea5p th\u00eam chi ti\u1ebft li\u00ean quan tr\u01b0\u1edbc khi &#8221;SEND &#8221; nh\u00e9. &#8212; Tell us your wedding story and share [&hellip;]<\/p>\n","protected":false},"author":2,"featured_media":0,"parent":0,"menu_order":0,"comment_status":"closed","ping_status":"closed","template":"","meta":{"footnotes":""},"class_list":["post-17805","page","type-page","status-publish","hentry"],"_links":{"self":[{"href":"https:\/\/nicolebridal.vn\/en\/wp-json\/wp\/v2\/pages\/17805","targetHints":{"allow":["GET"]}}],"collection":[{"href":"https:\/\/nicolebridal.vn\/en\/wp-json\/wp\/v2\/pages"}],"about":[{"href":"https:\/\/nicolebridal.vn\/en\/wp-json\/wp\/v2\/types\/page"}],"author":[{"embeddable":true,"href":"https:\/\/nicolebridal.vn\/en\/wp-json\/wp\/v2\/users\/2"}],"replies":[{"embeddable":true,"href":"https:\/\/nicolebridal.vn\/en\/wp-json\/wp\/v2\/comments?post=17805"}],"version-history":[{"count":0,"href":"https:\/\/nicolebridal.vn\/en\/wp-json\/wp\/v2\/pages\/17805\/revisions"}],"wp:attachment":[{"href":"https:\/\/nicolebridal.vn\/en\/wp-json\/wp\/v2\/media?parent=17805"}],"curies":[{"name":"wp","href":"https:\/\/api.w.org\/{rel}","templated":true}]}}