{"id":1002,"date":"2018-05-01T09:16:18","date_gmt":"2018-05-01T02:16:18","guid":{"rendered":"http:\/\/webdongian.com\/en\/san-pham\/chua-phan-loai\/jane\/"},"modified":"2024-10-11T09:17:10","modified_gmt":"2024-10-11T02:17:10","slug":"jane","status":"publish","type":"product","link":"https:\/\/nicolebridal.vn\/en\/shop\/uncategorized\/jane\/","title":{"rendered":"Jane"},"content":{"rendered":"<p><img fetchpriority=\"high\" decoding=\"async\" class=\"alignnone size-full wp-image-914\" src=\"https:\/\/dichvuwebtot.com\/wp-content\/uploads\/2018\/05\/aocuoithietke_nicolebridal_jane1.jpg\" alt=\"\u00e1o c\u01b0\u1edbi jane\" width=\"952\" height=\"1437\" srcset=\"https:\/\/cdn.nicolebridal.vn\/wp-content\/uploads\/2018\/05\/aocuoithietke_nicolebridal_jane1.jpg 952w, https:\/\/cdn.nicolebridal.vn\/wp-content\/uploads\/2018\/05\/aocuoithietke_nicolebridal_jane1-700x1057.jpg 700w\" sizes=\"(max-width: 952px) 100vw, 952px\" \/> <img decoding=\"async\" class=\"alignnone size-full wp-image-917\" src=\"https:\/\/dichvuwebtot.com\/wp-content\/uploads\/2018\/05\/aocuoithietke_nicolebridal_jane4.jpg\" alt=\"\u00e1o c\u01b0\u1edbi jane\" width=\"980\" height=\"1479\" srcset=\"https:\/\/cdn.nicolebridal.vn\/wp-content\/uploads\/2018\/05\/aocuoithietke_nicolebridal_jane4.jpg 980w, https:\/\/cdn.nicolebridal.vn\/wp-content\/uploads\/2018\/05\/aocuoithietke_nicolebridal_jane4-700x1056.jpg 700w, https:\/\/cdn.nicolebridal.vn\/wp-content\/uploads\/2018\/05\/aocuoithietke_nicolebridal_jane4-199x300.jpg 199w, https:\/\/cdn.nicolebridal.vn\/wp-content\/uploads\/2018\/05\/aocuoithietke_nicolebridal_jane4-768x1159.jpg 768w, https:\/\/cdn.nicolebridal.vn\/wp-content\/uploads\/2018\/05\/aocuoithietke_nicolebridal_jane4-679x1024.jpg 679w, https:\/\/cdn.nicolebridal.vn\/wp-content\/uploads\/2018\/05\/aocuoithietke_nicolebridal_jane4-600x906.jpg 600w\" sizes=\"(max-width: 980px) 100vw, 980px\" \/> <img decoding=\"async\" class=\"alignnone size-full wp-image-916\" src=\"https:\/\/dichvuwebtot.com\/wp-content\/uploads\/2018\/05\/aocuoithietke_nicolebridal_jane3.jpg\" alt=\"\u00e1o c\u01b0\u1edbi jane\" width=\"980\" height=\"1479\" srcset=\"https:\/\/cdn.nicolebridal.vn\/wp-content\/uploads\/2018\/05\/aocuoithietke_nicolebridal_jane3.jpg 980w, https:\/\/cdn.nicolebridal.vn\/wp-content\/uploads\/2018\/05\/aocuoithietke_nicolebridal_jane3-700x1056.jpg 700w, https:\/\/cdn.nicolebridal.vn\/wp-content\/uploads\/2018\/05\/aocuoithietke_nicolebridal_jane3-199x300.jpg 199w, https:\/\/cdn.nicolebridal.vn\/wp-content\/uploads\/2018\/05\/aocuoithietke_nicolebridal_jane3-768x1159.jpg 768w, https:\/\/cdn.nicolebridal.vn\/wp-content\/uploads\/2018\/05\/aocuoithietke_nicolebridal_jane3-679x1024.jpg 679w, https:\/\/cdn.nicolebridal.vn\/wp-content\/uploads\/2018\/05\/aocuoithietke_nicolebridal_jane3-600x906.jpg 600w\" sizes=\"(max-width: 980px) 100vw, 980px\" \/> <img loading=\"lazy\" decoding=\"async\" class=\"alignnone size-full wp-image-915\" src=\"https:\/\/dichvuwebtot.com\/wp-content\/uploads\/2018\/05\/aocuoithietke_nicolebridal_jane2.jpg\" alt=\"\u00e1o c\u01b0\u1edbi jane\" width=\"980\" height=\"1479\" srcset=\"https:\/\/cdn.nicolebridal.vn\/wp-content\/uploads\/2018\/05\/aocuoithietke_nicolebridal_jane2.jpg 980w, https:\/\/cdn.nicolebridal.vn\/wp-content\/uploads\/2018\/05\/aocuoithietke_nicolebridal_jane2-700x1056.jpg 700w, https:\/\/cdn.nicolebridal.vn\/wp-content\/uploads\/2018\/05\/aocuoithietke_nicolebridal_jane2-199x300.jpg 199w, https:\/\/cdn.nicolebridal.vn\/wp-content\/uploads\/2018\/05\/aocuoithietke_nicolebridal_jane2-768x1159.jpg 768w, https:\/\/cdn.nicolebridal.vn\/wp-content\/uploads\/2018\/05\/aocuoithietke_nicolebridal_jane2-679x1024.jpg 679w, https:\/\/cdn.nicolebridal.vn\/wp-content\/uploads\/2018\/05\/aocuoithietke_nicolebridal_jane2-600x906.jpg 600w\" sizes=\"(max-width: 980px) 100vw, 980px\" \/><\/p>\n","protected":false},"excerpt":{"rendered":"<p><span class=\"_5mfr _47e3\"><img loading=\"lazy\" decoding=\"async\" class=\"img\" role=\"presentation\" src=\"https:\/\/static.xx.fbcdn.net\/images\/emoji.php\/v9\/ff9\/1\/16\/1f48e.png\" alt=\"\" width=\"16\" height=\"16\" \/><span class=\"_7oe\">?<\/span><\/span>M\u00c2Y COLLECTION &#8211; Thi\u1ebft k\u1ebf Jane<span class=\"_5mfr _47e3\"><img loading=\"lazy\" decoding=\"async\" class=\"img\" role=\"presentation\" src=\"https:\/\/static.xx.fbcdn.net\/images\/emoji.php\/v9\/ff9\/1\/16\/1f48e.png\" alt=\"\" width=\"16\" height=\"16\" \/><span class=\"_7oe\">?<\/span><\/span><br \/>\nN\u00e0ng th\u01a1 m\u1edbi n\u1eb1m trong b\u1ed9 s\u01b0u t\u1eadp &#8220;M\u00e2y&#8221; c\u1ee7a Nicole l\u00e0 s\u1ef1 k\u1ebft h\u1ee3p ho\u00e0n h\u1ea3o gi\u1eefa c\u1ed5 \u0111i\u1ec3n v\u00e0 hi\u1ec7n \u0111\u1ea1i, gi\u1eefa ch\u1ea5t ren n\u1ed5i b\u1eadt v\u00e0 s\u1eafc x\u1ea3o tr\u00ean n\u1ec1n ch\u1ea5t li\u1ec7u tulle cao c\u1ea5p m\u1ec1m m\u1ea1i t\u1ea1o \u0111\u1ed9 b\u1ed3ng b\u1ec1nh t\u1ef1 nhi\u00ean. T\u1ea5t c\u1ea3 l\u00e0 \u0111\u1ec3 b\u1eadt l\u00ean n\u00e9t sang tr\u1ecdng nh\u01b0ng nh\u1eb9 nh\u00e0ng tinh t\u1ebf c\u1ee7a c\u00e1c c\u00f4 d\u00e2u<span class=\"_5mfr _47e3\"><img loading=\"lazy\" decoding=\"async\" class=\"img\" role=\"presentation\" src=\"https:\/\/static.xx.fbcdn.net\/images\/emoji.php\/v9\/f6c\/1\/16\/2764.png\" alt=\"\" width=\"16\" height=\"16\" \/><span class=\"_7oe\">&#x2764;<\/span><\/span><span class=\"_5mfr _47e3\"><img loading=\"lazy\" decoding=\"async\" class=\"img\" role=\"presentation\" src=\"https:\/\/static.xx.fbcdn.net\/images\/emoji.php\/v9\/f6c\/1\/16\/2764.png\" alt=\"\" width=\"16\" height=\"16\" \/><span class=\"_7oe\">&#x2764;<\/span><\/span><span class=\"_5mfr _47e3\"><img loading=\"lazy\" decoding=\"async\" class=\"img\" role=\"presentation\" src=\"https:\/\/static.xx.fbcdn.net\/images\/emoji.php\/v9\/f6c\/1\/16\/2764.png\" alt=\"\" width=\"16\" height=\"16\" \/><span class=\"_7oe\">&#x2764;<\/span><\/span><span class=\"_5mfr _47e3\"><img loading=\"lazy\" decoding=\"async\" class=\"img\" role=\"presentation\" src=\"https:\/\/static.xx.fbcdn.net\/images\/emoji.php\/v9\/f6c\/1\/16\/2764.png\" alt=\"\" width=\"16\" height=\"16\" \/><span class=\"_7oe\">&#x2764;<\/span><\/span><\/p>\n<p><span class=\"_5mfr _47e3\"><img loading=\"lazy\" decoding=\"async\" class=\"img\" role=\"presentation\" src=\"https:\/\/static.xx.fbcdn.net\/images\/emoji.php\/v9\/f6c\/1\/16\/2764.png\" alt=\"\" width=\"16\" height=\"16\" \/><span class=\"_7oe\">&#x2764;<\/span><\/span>From Nicole with love<\/p>\n","protected":false},"featured_media":31442,"template":"","meta":[],"product_brand":[],"product_cat":[],"product_tag":[386,387,1416],"class_list":{"0":"post-1002","1":"product","2":"type-product","3":"status-publish","4":"has-post-thumbnail","6":"product_tag-ao-cuoi-chu-a-en","7":"product_tag-ao-cuoi-dai-tay-en","8":"product_tag-premium-wedding-dress","9":"pa_chi-tiet-long-sleeves","10":"pa_kieu-dang-ao-cuoi-letter-a-wedding-dress","11":"pa_mau-sac-ivory","13":"first","14":"instock","15":"shipping-taxable","16":"product-type-simple"},"_links":{"self":[{"href":"https:\/\/nicolebridal.vn\/en\/wp-json\/wp\/v2\/product\/1002","targetHints":{"allow":["GET"]}}],"collection":[{"href":"https:\/\/nicolebridal.vn\/en\/wp-json\/wp\/v2\/product"}],"about":[{"href":"https:\/\/nicolebridal.vn\/en\/wp-json\/wp\/v2\/types\/product"}],"wp:featuredmedia":[{"embeddable":true,"href":"https:\/\/nicolebridal.vn\/en\/wp-json\/wp\/v2\/media\/31442"}],"wp:attachment":[{"href":"https:\/\/nicolebridal.vn\/en\/wp-json\/wp\/v2\/media?parent=1002"}],"wp:term":[{"taxonomy":"product_brand","embeddable":true,"href":"https:\/\/nicolebridal.vn\/en\/wp-json\/wp\/v2\/product_brand?post=1002"},{"taxonomy":"product_cat","embeddable":true,"href":"https:\/\/nicolebridal.vn\/en\/wp-json\/wp\/v2\/product_cat?post=1002"},{"taxonomy":"product_tag","embeddable":true,"href":"https:\/\/nicolebridal.vn\/en\/wp-json\/wp\/v2\/product_tag?post=1002"}],"curies":[{"name":"wp","href":"https:\/\/api.w.org\/{rel}","templated":true}]}}