{"id":1006,"date":"2018-04-26T16:15:06","date_gmt":"2018-04-26T09:15:06","guid":{"rendered":"http:\/\/webdongian.com\/en\/san-pham\/chua-phan-loai\/hebe\/"},"modified":"2023-03-29T23:48:25","modified_gmt":"2023-03-29T16:48:25","slug":"hebe","status":"publish","type":"product","link":"https:\/\/nicolebridal.vn\/en\/shop\/2018-collections\/collection-clouds\/hebe\/","title":{"rendered":"Hebe"},"content":{"rendered":"<p><img fetchpriority=\"high\" decoding=\"async\" class=\"alignnone size-full wp-image-793\" src=\"https:\/\/dichvuwebtot.com\/wp-content\/uploads\/2018\/04\/aocuoithietke_nicolebridal_hebe4.jpg\" alt=\"v\u00e1y c\u01b0\u1edbi \u0111u\u00f4i c\u00e1 \u0111\u1eb9p\" width=\"3264\" height=\"4928\" \/> <img decoding=\"async\" class=\"alignnone size-full wp-image-797\" src=\"https:\/\/dichvuwebtot.com\/wp-content\/uploads\/2018\/04\/aocuoithietke_nicolebridal_hebe5.jpg\" alt=\"\u00e1o c\u01b0\u1edbi \u0111u\u00f4i c\u00e1 hebe\" width=\"3264\" height=\"4928\" \/> <img decoding=\"async\" class=\"alignnone size-full wp-image-796\" src=\"https:\/\/dichvuwebtot.com\/wp-content\/uploads\/2018\/04\/aocuoithietke_nicolebridal_hebe3.jpg\" alt=\"\u00e1o c\u01b0\u1edbi \u0111u\u00f4i c\u00e1 hebe\" width=\"3264\" height=\"4928\" \/> <img loading=\"lazy\" decoding=\"async\" class=\"alignnone size-full wp-image-795\" src=\"https:\/\/dichvuwebtot.com\/wp-content\/uploads\/2018\/04\/aocuoithietke_nicolebridal_hebe2.jpg\" alt=\"\u00e1o c\u01b0\u1edbi \u0111u\u00f4i c\u00e1 hebe\" width=\"3264\" height=\"4928\" \/> <img loading=\"lazy\" decoding=\"async\" class=\"alignnone size-full wp-image-794\" src=\"https:\/\/dichvuwebtot.com\/wp-content\/uploads\/2018\/04\/aocuoithietke_nicolebridal_hebe1.jpg\" alt=\"\u00e1o c\u01b0\u1edbi \u0111u\u00f4i c\u00e1 hebe\" width=\"3264\" height=\"4928\" \/><\/p>\n","protected":false},"excerpt":{"rendered":"","protected":false},"featured_media":793,"template":"","meta":[],"product_brand":[],"product_cat":[155],"product_tag":[1416],"class_list":{"0":"post-1006","1":"product","2":"type-product","3":"status-publish","4":"has-post-thumbnail","6":"product_cat-collection-clouds","7":"product_tag-premium-wedding-dress","8":"pa_chi-tiet-off-shoulder","9":"pa_kieu-dang-ao-cuoi-mermaid-wedding-dress","10":"pa_mau-sac-ivory","12":"first","13":"instock","14":"shipping-taxable","15":"purchasable","16":"product-type-simple"},"_links":{"self":[{"href":"https:\/\/nicolebridal.vn\/en\/wp-json\/wp\/v2\/product\/1006","targetHints":{"allow":["GET"]}}],"collection":[{"href":"https:\/\/nicolebridal.vn\/en\/wp-json\/wp\/v2\/product"}],"about":[{"href":"https:\/\/nicolebridal.vn\/en\/wp-json\/wp\/v2\/types\/product"}],"wp:featuredmedia":[{"embeddable":true,"href":"https:\/\/nicolebridal.vn\/en\/wp-json\/wp\/v2\/media\/793"}],"wp:attachment":[{"href":"https:\/\/nicolebridal.vn\/en\/wp-json\/wp\/v2\/media?parent=1006"}],"wp:term":[{"taxonomy":"product_brand","embeddable":true,"href":"https:\/\/nicolebridal.vn\/en\/wp-json\/wp\/v2\/product_brand?post=1006"},{"taxonomy":"product_cat","embeddable":true,"href":"https:\/\/nicolebridal.vn\/en\/wp-json\/wp\/v2\/product_cat?post=1006"},{"taxonomy":"product_tag","embeddable":true,"href":"https:\/\/nicolebridal.vn\/en\/wp-json\/wp\/v2\/product_tag?post=1006"}],"curies":[{"name":"wp","href":"https:\/\/api.w.org\/{rel}","templated":true}]}}