{"id":1018,"date":"2018-04-21T15:45:30","date_gmt":"2018-04-21T08:45:30","guid":{"rendered":"http:\/\/webdongian.com\/en\/san-pham\/chua-phan-loai\/ivy\/"},"modified":"2023-03-29T23:48:40","modified_gmt":"2023-03-29T16:48:40","slug":"ivy","status":"publish","type":"product","link":"https:\/\/nicolebridal.vn\/en\/shop\/dream-in-summer-i-2017-en\/ivy\/","title":{"rendered":"Ivy"},"content":{"rendered":"<p><img fetchpriority=\"high\" decoding=\"async\" class=\"alignnone size-full wp-image-742\" src=\"https:\/\/dichvuwebtot.com\/wp-content\/uploads\/2018\/04\/IMGP5626copy.jpg\" alt=\"\u00e1o c\u01b0\u1edbi \u0111u\u00f4i c\u00e1 h\u1edf l\u01b0ng\" width=\"980\" height=\"1479\" srcset=\"https:\/\/cdn.nicolebridal.vn\/wp-content\/uploads\/2018\/04\/IMGP5626copy.jpg 980w, https:\/\/cdn.nicolebridal.vn\/wp-content\/uploads\/2018\/04\/IMGP5626copy-700x1056.jpg 700w, https:\/\/cdn.nicolebridal.vn\/wp-content\/uploads\/2018\/04\/IMGP5626copy-199x300.jpg 199w, https:\/\/cdn.nicolebridal.vn\/wp-content\/uploads\/2018\/04\/IMGP5626copy-768x1159.jpg 768w, https:\/\/cdn.nicolebridal.vn\/wp-content\/uploads\/2018\/04\/IMGP5626copy-679x1024.jpg 679w, https:\/\/cdn.nicolebridal.vn\/wp-content\/uploads\/2018\/04\/IMGP5626copy-600x906.jpg 600w\" sizes=\"(max-width: 980px) 100vw, 980px\" \/> <img decoding=\"async\" class=\"alignnone size-full wp-image-744\" src=\"https:\/\/dichvuwebtot.com\/wp-content\/uploads\/2018\/04\/IMGP5632-copy.jpg\" alt=\"v\u00e1y c\u01b0\u1edbi \u0111u\u00f4i c\u00e1\" width=\"980\" height=\"1479\" srcset=\"https:\/\/cdn.nicolebridal.vn\/wp-content\/uploads\/2018\/04\/IMGP5632-copy.jpg 980w, https:\/\/cdn.nicolebridal.vn\/wp-content\/uploads\/2018\/04\/IMGP5632-copy-700x1056.jpg 700w, https:\/\/cdn.nicolebridal.vn\/wp-content\/uploads\/2018\/04\/IMGP5632-copy-199x300.jpg 199w, https:\/\/cdn.nicolebridal.vn\/wp-content\/uploads\/2018\/04\/IMGP5632-copy-768x1159.jpg 768w, https:\/\/cdn.nicolebridal.vn\/wp-content\/uploads\/2018\/04\/IMGP5632-copy-679x1024.jpg 679w, https:\/\/cdn.nicolebridal.vn\/wp-content\/uploads\/2018\/04\/IMGP5632-copy-600x906.jpg 600w\" sizes=\"(max-width: 980px) 100vw, 980px\" \/> <img decoding=\"async\" class=\"alignnone size-full wp-image-743\" src=\"https:\/\/dichvuwebtot.com\/wp-content\/uploads\/2018\/04\/IMGP5612-copy.jpg\" alt=\"v\u00e1y c\u01b0\u1edbi \u0111u\u00f4i c\u00e1\" width=\"980\" height=\"1479\" srcset=\"https:\/\/cdn.nicolebridal.vn\/wp-content\/uploads\/2018\/04\/IMGP5612-copy.jpg 980w, https:\/\/cdn.nicolebridal.vn\/wp-content\/uploads\/2018\/04\/IMGP5612-copy-700x1056.jpg 700w, https:\/\/cdn.nicolebridal.vn\/wp-content\/uploads\/2018\/04\/IMGP5612-copy-199x300.jpg 199w, https:\/\/cdn.nicolebridal.vn\/wp-content\/uploads\/2018\/04\/IMGP5612-copy-768x1159.jpg 768w, https:\/\/cdn.nicolebridal.vn\/wp-content\/uploads\/2018\/04\/IMGP5612-copy-679x1024.jpg 679w, https:\/\/cdn.nicolebridal.vn\/wp-content\/uploads\/2018\/04\/IMGP5612-copy-600x906.jpg 600w\" sizes=\"(max-width: 980px) 100vw, 980px\" \/><\/p>\n","protected":false},"excerpt":{"rendered":"","protected":false},"featured_media":742,"template":"","meta":[],"product_brand":[],"product_cat":[69],"product_tag":[1416],"class_list":{"0":"post-1018","1":"product","2":"type-product","3":"status-publish","4":"has-post-thumbnail","6":"product_cat-dream-in-summer-i-2017-en","7":"product_tag-premium-wedding-dress","8":"pa_chi-tiet-2-strings","9":"pa_chi-tiet-backless-en","10":"pa_kieu-dang-ao-cuoi-mermaid-wedding-dress","11":"pa_mau-sac-ivory","13":"first","14":"instock","15":"shipping-taxable","16":"purchasable","17":"product-type-simple"},"_links":{"self":[{"href":"https:\/\/nicolebridal.vn\/en\/wp-json\/wp\/v2\/product\/1018","targetHints":{"allow":["GET"]}}],"collection":[{"href":"https:\/\/nicolebridal.vn\/en\/wp-json\/wp\/v2\/product"}],"about":[{"href":"https:\/\/nicolebridal.vn\/en\/wp-json\/wp\/v2\/types\/product"}],"wp:featuredmedia":[{"embeddable":true,"href":"https:\/\/nicolebridal.vn\/en\/wp-json\/wp\/v2\/media\/742"}],"wp:attachment":[{"href":"https:\/\/nicolebridal.vn\/en\/wp-json\/wp\/v2\/media?parent=1018"}],"wp:term":[{"taxonomy":"product_brand","embeddable":true,"href":"https:\/\/nicolebridal.vn\/en\/wp-json\/wp\/v2\/product_brand?post=1018"},{"taxonomy":"product_cat","embeddable":true,"href":"https:\/\/nicolebridal.vn\/en\/wp-json\/wp\/v2\/product_cat?post=1018"},{"taxonomy":"product_tag","embeddable":true,"href":"https:\/\/nicolebridal.vn\/en\/wp-json\/wp\/v2\/product_tag?post=1018"}],"curies":[{"name":"wp","href":"https:\/\/api.w.org\/{rel}","templated":true}]}}