{"id":1019,"date":"2018-04-21T15:42:23","date_gmt":"2018-04-21T08:42:23","guid":{"rendered":"http:\/\/webdongian.com\/en\/san-pham\/chua-phan-loai\/iris\/"},"modified":"2023-03-29T23:48:43","modified_gmt":"2023-03-29T16:48:43","slug":"iris","status":"publish","type":"product","link":"https:\/\/nicolebridal.vn\/en\/shop\/bst-dream-in-summer-ii-2017-en\/iris\/","title":{"rendered":"Iris"},"content":{"rendered":"<p>\u00c1o c\u01b0\u1edbi \u0111u\u00f4i c\u00e1<\/p>\n<p><img fetchpriority=\"high\" decoding=\"async\" class=\"alignnone size-full wp-image-737\" src=\"https:\/\/dichvuwebtot.com\/wp-content\/uploads\/2018\/04\/IMGP7123-copy.jpg\" alt=\"v\u00e1y c\u01b0\u1edbi \u0111u\u00f4i c\u00e1\" width=\"943\" height=\"1423\" srcset=\"https:\/\/cdn.nicolebridal.vn\/wp-content\/uploads\/2018\/04\/IMGP7123-copy.jpg 943w, https:\/\/cdn.nicolebridal.vn\/wp-content\/uploads\/2018\/04\/IMGP7123-copy-700x1056.jpg 700w, https:\/\/cdn.nicolebridal.vn\/wp-content\/uploads\/2018\/04\/IMGP7123-copy-199x300.jpg 199w, https:\/\/cdn.nicolebridal.vn\/wp-content\/uploads\/2018\/04\/IMGP7123-copy-768x1159.jpg 768w, https:\/\/cdn.nicolebridal.vn\/wp-content\/uploads\/2018\/04\/IMGP7123-copy-679x1024.jpg 679w, https:\/\/cdn.nicolebridal.vn\/wp-content\/uploads\/2018\/04\/IMGP7123-copy-600x905.jpg 600w\" sizes=\"(max-width: 943px) 100vw, 943px\" \/> <img decoding=\"async\" class=\"alignnone size-full wp-image-740\" src=\"https:\/\/dichvuwebtot.com\/wp-content\/uploads\/2018\/04\/IMGP7158-copy.jpg\" alt=\"v\u00e1y c\u01b0\u1edbi \u0111u\u00f4i c\u00e1\" width=\"980\" height=\"1479\" srcset=\"https:\/\/cdn.nicolebridal.vn\/wp-content\/uploads\/2018\/04\/IMGP7158-copy.jpg 980w, https:\/\/cdn.nicolebridal.vn\/wp-content\/uploads\/2018\/04\/IMGP7158-copy-700x1056.jpg 700w, https:\/\/cdn.nicolebridal.vn\/wp-content\/uploads\/2018\/04\/IMGP7158-copy-199x300.jpg 199w, https:\/\/cdn.nicolebridal.vn\/wp-content\/uploads\/2018\/04\/IMGP7158-copy-768x1159.jpg 768w, https:\/\/cdn.nicolebridal.vn\/wp-content\/uploads\/2018\/04\/IMGP7158-copy-679x1024.jpg 679w, https:\/\/cdn.nicolebridal.vn\/wp-content\/uploads\/2018\/04\/IMGP7158-copy-600x906.jpg 600w\" sizes=\"(max-width: 980px) 100vw, 980px\" \/> <img decoding=\"async\" class=\"alignnone size-full wp-image-739\" src=\"https:\/\/dichvuwebtot.com\/wp-content\/uploads\/2018\/04\/IMGP7137-copy.jpg\" alt=\"v\u00e1y c\u01b0\u1edbi \u0111u\u00f4i c\u00e1\" width=\"953\" height=\"1438\" srcset=\"https:\/\/cdn.nicolebridal.vn\/wp-content\/uploads\/2018\/04\/IMGP7137-copy.jpg 953w, https:\/\/cdn.nicolebridal.vn\/wp-content\/uploads\/2018\/04\/IMGP7137-copy-700x1056.jpg 700w, https:\/\/cdn.nicolebridal.vn\/wp-content\/uploads\/2018\/04\/IMGP7137-copy-199x300.jpg 199w, https:\/\/cdn.nicolebridal.vn\/wp-content\/uploads\/2018\/04\/IMGP7137-copy-768x1159.jpg 768w, https:\/\/cdn.nicolebridal.vn\/wp-content\/uploads\/2018\/04\/IMGP7137-copy-679x1024.jpg 679w, https:\/\/cdn.nicolebridal.vn\/wp-content\/uploads\/2018\/04\/IMGP7137-copy-600x905.jpg 600w\" sizes=\"(max-width: 953px) 100vw, 953px\" \/> <img loading=\"lazy\" decoding=\"async\" class=\"alignnone size-full wp-image-738\" src=\"https:\/\/dichvuwebtot.com\/wp-content\/uploads\/2018\/04\/IMGP7120-copy.jpg\" alt=\"v\u00e1y c\u01b0\u1edbi \u0111u\u00f4i c\u00e1\" width=\"980\" height=\"1479\" srcset=\"https:\/\/cdn.nicolebridal.vn\/wp-content\/uploads\/2018\/04\/IMGP7120-copy.jpg 980w, https:\/\/cdn.nicolebridal.vn\/wp-content\/uploads\/2018\/04\/IMGP7120-copy-700x1056.jpg 700w, https:\/\/cdn.nicolebridal.vn\/wp-content\/uploads\/2018\/04\/IMGP7120-copy-199x300.jpg 199w, https:\/\/cdn.nicolebridal.vn\/wp-content\/uploads\/2018\/04\/IMGP7120-copy-768x1159.jpg 768w, https:\/\/cdn.nicolebridal.vn\/wp-content\/uploads\/2018\/04\/IMGP7120-copy-679x1024.jpg 679w, https:\/\/cdn.nicolebridal.vn\/wp-content\/uploads\/2018\/04\/IMGP7120-copy-600x906.jpg 600w\" sizes=\"(max-width: 980px) 100vw, 980px\" \/><\/p>\n","protected":false},"excerpt":{"rendered":"<p>Attracting all eyes from the beauty of the bright bar is easy to feel at the design Iris. The combination of fine lace between gentle elegance on the background of high quality materials and shapes help to maximize the charm but still extremely luxurious, noble.<\/p>\n","protected":false},"featured_media":737,"template":"","meta":[],"product_brand":[],"product_cat":[121],"product_tag":[1416],"class_list":{"0":"post-1019","1":"product","2":"type-product","3":"status-publish","4":"has-post-thumbnail","6":"product_cat-bst-dream-in-summer-ii-2017-en","7":"product_tag-premium-wedding-dress","8":"pa_chi-tiet-fairy-wings","9":"pa_kieu-dang-ao-cuoi-mermaid-wedding-dress","10":"pa_mau-sac-ivory","12":"first","13":"instock","14":"shipping-taxable","15":"purchasable","16":"product-type-simple"},"_links":{"self":[{"href":"https:\/\/nicolebridal.vn\/en\/wp-json\/wp\/v2\/product\/1019","targetHints":{"allow":["GET"]}}],"collection":[{"href":"https:\/\/nicolebridal.vn\/en\/wp-json\/wp\/v2\/product"}],"about":[{"href":"https:\/\/nicolebridal.vn\/en\/wp-json\/wp\/v2\/types\/product"}],"wp:featuredmedia":[{"embeddable":true,"href":"https:\/\/nicolebridal.vn\/en\/wp-json\/wp\/v2\/media\/737"}],"wp:attachment":[{"href":"https:\/\/nicolebridal.vn\/en\/wp-json\/wp\/v2\/media?parent=1019"}],"wp:term":[{"taxonomy":"product_brand","embeddable":true,"href":"https:\/\/nicolebridal.vn\/en\/wp-json\/wp\/v2\/product_brand?post=1019"},{"taxonomy":"product_cat","embeddable":true,"href":"https:\/\/nicolebridal.vn\/en\/wp-json\/wp\/v2\/product_cat?post=1019"},{"taxonomy":"product_tag","embeddable":true,"href":"https:\/\/nicolebridal.vn\/en\/wp-json\/wp\/v2\/product_tag?post=1019"}],"curies":[{"name":"wp","href":"https:\/\/api.w.org\/{rel}","templated":true}]}}