{"id":1020,"date":"2018-04-21T15:37:38","date_gmt":"2018-04-21T08:37:38","guid":{"rendered":"http:\/\/webdongian.com\/en\/san-pham\/chua-phan-loai\/daisy\/"},"modified":"2024-10-11T09:19:42","modified_gmt":"2024-10-11T02:19:42","slug":"daisy","status":"publish","type":"product","link":"https:\/\/nicolebridal.vn\/en\/shop\/bst-dream-in-summer-ii-2017-en\/daisy\/","title":{"rendered":"Daisy"},"content":{"rendered":"<p>\u00c1o c\u01b0\u1edbi ng\u1eafn Daisy r\u1edbt vai, m\u00e0u x\u00e1m kh\u00f3i.<\/p>\n<figure id=\"attachment_732\" aria-describedby=\"caption-attachment-732\" style=\"width: 980px\" class=\"wp-caption alignnone\"><img fetchpriority=\"high\" decoding=\"async\" class=\"size-full wp-image-732\" src=\"https:\/\/dichvuwebtot.com\/wp-content\/uploads\/2018\/04\/IMGP7243-copy.jpg\" alt=\"\u00e1o c\u01b0\u1edbi ng\u1eafn\" width=\"980\" height=\"1479\" srcset=\"https:\/\/cdn.nicolebridal.vn\/wp-content\/uploads\/2018\/04\/IMGP7243-copy.jpg 980w, https:\/\/cdn.nicolebridal.vn\/wp-content\/uploads\/2018\/04\/IMGP7243-copy-700x1056.jpg 700w, https:\/\/cdn.nicolebridal.vn\/wp-content\/uploads\/2018\/04\/IMGP7243-copy-199x300.jpg 199w, https:\/\/cdn.nicolebridal.vn\/wp-content\/uploads\/2018\/04\/IMGP7243-copy-768x1159.jpg 768w, https:\/\/cdn.nicolebridal.vn\/wp-content\/uploads\/2018\/04\/IMGP7243-copy-679x1024.jpg 679w, https:\/\/cdn.nicolebridal.vn\/wp-content\/uploads\/2018\/04\/IMGP7243-copy-600x906.jpg 600w\" sizes=\"(max-width: 980px) 100vw, 980px\" \/><figcaption id=\"caption-attachment-732\" class=\"wp-caption-text\">\u00e1o c\u01b0\u1edbi ng\u1eafn<\/figcaption><\/figure>\n<p><img decoding=\"async\" class=\"alignnone size-full wp-image-735\" src=\"https:\/\/dichvuwebtot.com\/wp-content\/uploads\/2018\/04\/IMGP7257-copy.jpg\" alt=\"\u00e1o c\u01b0\u1edbi ng\u1eafn\" width=\"980\" height=\"1479\" srcset=\"https:\/\/cdn.nicolebridal.vn\/wp-content\/uploads\/2018\/04\/IMGP7257-copy.jpg 980w, https:\/\/cdn.nicolebridal.vn\/wp-content\/uploads\/2018\/04\/IMGP7257-copy-700x1056.jpg 700w, https:\/\/cdn.nicolebridal.vn\/wp-content\/uploads\/2018\/04\/IMGP7257-copy-199x300.jpg 199w, https:\/\/cdn.nicolebridal.vn\/wp-content\/uploads\/2018\/04\/IMGP7257-copy-768x1159.jpg 768w, https:\/\/cdn.nicolebridal.vn\/wp-content\/uploads\/2018\/04\/IMGP7257-copy-679x1024.jpg 679w, https:\/\/cdn.nicolebridal.vn\/wp-content\/uploads\/2018\/04\/IMGP7257-copy-600x906.jpg 600w\" sizes=\"(max-width: 980px) 100vw, 980px\" \/> <img decoding=\"async\" class=\"alignnone size-full wp-image-734\" src=\"https:\/\/dichvuwebtot.com\/wp-content\/uploads\/2018\/04\/IMGP7249-copy.jpg\" alt=\"\u00e1o c\u01b0\u1edbi ng\u1eafn\" width=\"980\" height=\"1479\" srcset=\"https:\/\/cdn.nicolebridal.vn\/wp-content\/uploads\/2018\/04\/IMGP7249-copy.jpg 980w, https:\/\/cdn.nicolebridal.vn\/wp-content\/uploads\/2018\/04\/IMGP7249-copy-700x1056.jpg 700w, https:\/\/cdn.nicolebridal.vn\/wp-content\/uploads\/2018\/04\/IMGP7249-copy-199x300.jpg 199w, https:\/\/cdn.nicolebridal.vn\/wp-content\/uploads\/2018\/04\/IMGP7249-copy-679x1024.jpg 679w, https:\/\/cdn.nicolebridal.vn\/wp-content\/uploads\/2018\/04\/IMGP7249-copy-99x150.jpg 99w, https:\/\/cdn.nicolebridal.vn\/wp-content\/uploads\/2018\/04\/IMGP7249-copy-768x1159.jpg 768w, https:\/\/cdn.nicolebridal.vn\/wp-content\/uploads\/2018\/04\/IMGP7249-copy-278x420.jpg 278w, https:\/\/cdn.nicolebridal.vn\/wp-content\/uploads\/2018\/04\/IMGP7249-copy-900x1358.jpg 900w, https:\/\/cdn.nicolebridal.vn\/wp-content\/uploads\/2018\/04\/IMGP7249-copy-40x60.jpg 40w\" sizes=\"(max-width: 980px) 100vw, 980px\" \/> <img loading=\"lazy\" decoding=\"async\" class=\"alignnone size-full wp-image-733\" src=\"https:\/\/dichvuwebtot.com\/wp-content\/uploads\/2018\/04\/IMGP7226-copy.jpg\" alt=\"\u00e1o c\u01b0\u1edbi ng\u1eafn\" width=\"980\" height=\"1479\" srcset=\"https:\/\/cdn.nicolebridal.vn\/wp-content\/uploads\/2018\/04\/IMGP7226-copy.jpg 980w, https:\/\/cdn.nicolebridal.vn\/wp-content\/uploads\/2018\/04\/IMGP7226-copy-700x1056.jpg 700w, https:\/\/cdn.nicolebridal.vn\/wp-content\/uploads\/2018\/04\/IMGP7226-copy-199x300.jpg 199w, https:\/\/cdn.nicolebridal.vn\/wp-content\/uploads\/2018\/04\/IMGP7226-copy-768x1159.jpg 768w, https:\/\/cdn.nicolebridal.vn\/wp-content\/uploads\/2018\/04\/IMGP7226-copy-679x1024.jpg 679w, https:\/\/cdn.nicolebridal.vn\/wp-content\/uploads\/2018\/04\/IMGP7226-copy-600x906.jpg 600w\" sizes=\"(max-width: 980px) 100vw, 980px\" \/><\/p>\n","protected":false},"excerpt":{"rendered":"<p>M\u1eabu v\u00e1y c\u01b0\u1edbi ng\u1eafn Daisy n\u1eb1m trong b\u1ed9 s\u01b0u t\u1eadp m\u1edbi r\u1ea5t \u0111\u00e1ng y\u00eau v\u00e0 ng\u1ecdt ng\u00e0o. T\u00f4ng m\u00e0u kh\u00f3i nh\u1eb9 nh\u00e0ng, \u0111\u1ed9c \u0111\u00e1o, v\u1edbi \u0111\u1ed3 x\u00f2e t\u1ef1 nhi\u00ean d\u1ec5 di chuy\u1ec3n, \u0111\u01b0\u1ee3c t\u1ea1o th\u00e0nh t\u1eeb nhi\u1ec1u l\u1edbp ren, \u00e1nh nh\u0169 kim tuy\u1ebfn v\u00e0 nh\u1eefng vi\u00ean pha l\u00ea l\u1ea5p l\u00e1nh. M\u1eabu \u00e1o ch\u1eafc h\u1eb3n s\u1ebd mang l\u1ea1i v\u1ebb thanh khi\u1ebft, tr\u1ebb trung cho c\u00e1c c\u00f4 d\u00e2u t\u01b0\u01a1ng lai.<\/p>\n","protected":false},"featured_media":19025,"template":"","meta":[],"product_brand":[],"product_cat":[121],"product_tag":[1416,410,411],"class_list":{"0":"post-1020","1":"product","2":"type-product","3":"status-publish","4":"has-post-thumbnail","6":"product_cat-bst-dream-in-summer-ii-2017-en","7":"product_tag-premium-wedding-dress","8":"product_tag-vay-cuoi-ngan-xam-khoi-en","9":"product_tag-vay-cuoi-ngan-dep-en","10":"pa_chi-tiet-side-by-side-en","11":"pa_kieu-dang-ao-cuoi-skirt-wedding-dress","12":"pa_mau-sac-cinereous-en","14":"first","15":"instock","16":"shipping-taxable","17":"purchasable","18":"product-type-simple"},"_links":{"self":[{"href":"https:\/\/nicolebridal.vn\/en\/wp-json\/wp\/v2\/product\/1020","targetHints":{"allow":["GET"]}}],"collection":[{"href":"https:\/\/nicolebridal.vn\/en\/wp-json\/wp\/v2\/product"}],"about":[{"href":"https:\/\/nicolebridal.vn\/en\/wp-json\/wp\/v2\/types\/product"}],"wp:featuredmedia":[{"embeddable":true,"href":"https:\/\/nicolebridal.vn\/en\/wp-json\/wp\/v2\/media\/19025"}],"wp:attachment":[{"href":"https:\/\/nicolebridal.vn\/en\/wp-json\/wp\/v2\/media?parent=1020"}],"wp:term":[{"taxonomy":"product_brand","embeddable":true,"href":"https:\/\/nicolebridal.vn\/en\/wp-json\/wp\/v2\/product_brand?post=1020"},{"taxonomy":"product_cat","embeddable":true,"href":"https:\/\/nicolebridal.vn\/en\/wp-json\/wp\/v2\/product_cat?post=1020"},{"taxonomy":"product_tag","embeddable":true,"href":"https:\/\/nicolebridal.vn\/en\/wp-json\/wp\/v2\/product_tag?post=1020"}],"curies":[{"name":"wp","href":"https:\/\/api.w.org\/{rel}","templated":true}]}}