{"id":1027,"date":"2018-04-21T15:11:49","date_gmt":"2018-04-21T08:11:49","guid":{"rendered":"http:\/\/webdongian.com\/en\/san-pham\/chua-phan-loai\/bella\/"},"modified":"2023-03-29T23:48:52","modified_gmt":"2023-03-29T16:48:52","slug":"bella","status":"publish","type":"product","link":"https:\/\/nicolebridal.vn\/en\/shop\/bst-dream-in-summer-ii-2017-en\/bella\/","title":{"rendered":"Bella"},"content":{"rendered":"<p><img fetchpriority=\"high\" decoding=\"async\" class=\"alignnone size-full wp-image-712\" src=\"https:\/\/dichvuwebtot.com\/wp-content\/uploads\/2018\/04\/IMGP7396-copy.jpg\" alt=\"\u00e1o c\u01b0\u1edbi v\u00e1y x\u00f2e \u0111u\u00f4i d\u00e0i\" width=\"980\" height=\"1479\" srcset=\"https:\/\/cdn.nicolebridal.vn\/wp-content\/uploads\/2018\/04\/IMGP7396-copy.jpg 980w, https:\/\/cdn.nicolebridal.vn\/wp-content\/uploads\/2018\/04\/IMGP7396-copy-700x1056.jpg 700w, https:\/\/cdn.nicolebridal.vn\/wp-content\/uploads\/2018\/04\/IMGP7396-copy-199x300.jpg 199w, https:\/\/cdn.nicolebridal.vn\/wp-content\/uploads\/2018\/04\/IMGP7396-copy-768x1159.jpg 768w, https:\/\/cdn.nicolebridal.vn\/wp-content\/uploads\/2018\/04\/IMGP7396-copy-679x1024.jpg 679w, https:\/\/cdn.nicolebridal.vn\/wp-content\/uploads\/2018\/04\/IMGP7396-copy-600x906.jpg 600w\" sizes=\"(max-width: 980px) 100vw, 980px\" \/> <img decoding=\"async\" class=\"alignnone size-full wp-image-711\" src=\"https:\/\/dichvuwebtot.com\/wp-content\/uploads\/2018\/04\/IMGP7394-copy.jpg\" alt=\"\u00e1o c\u01b0\u1edbi v\u00e1y x\u00f2e \u0111u\u00f4i d\u00e0i\" width=\"980\" height=\"1479\" srcset=\"https:\/\/cdn.nicolebridal.vn\/wp-content\/uploads\/2018\/04\/IMGP7394-copy.jpg 980w, https:\/\/cdn.nicolebridal.vn\/wp-content\/uploads\/2018\/04\/IMGP7394-copy-700x1056.jpg 700w, https:\/\/cdn.nicolebridal.vn\/wp-content\/uploads\/2018\/04\/IMGP7394-copy-199x300.jpg 199w, https:\/\/cdn.nicolebridal.vn\/wp-content\/uploads\/2018\/04\/IMGP7394-copy-768x1159.jpg 768w, https:\/\/cdn.nicolebridal.vn\/wp-content\/uploads\/2018\/04\/IMGP7394-copy-679x1024.jpg 679w, https:\/\/cdn.nicolebridal.vn\/wp-content\/uploads\/2018\/04\/IMGP7394-copy-600x906.jpg 600w\" sizes=\"(max-width: 980px) 100vw, 980px\" \/> <img decoding=\"async\" class=\"alignnone size-full wp-image-710\" src=\"https:\/\/dichvuwebtot.com\/wp-content\/uploads\/2018\/04\/IMGP7383-copy.jpg\" alt=\"\u00e1o c\u01b0\u1edbi v\u00e1y x\u00f2e \u0111u\u00f4i d\u00e0i\" width=\"980\" height=\"1479\" srcset=\"https:\/\/cdn.nicolebridal.vn\/wp-content\/uploads\/2018\/04\/IMGP7383-copy.jpg 980w, https:\/\/cdn.nicolebridal.vn\/wp-content\/uploads\/2018\/04\/IMGP7383-copy-700x1056.jpg 700w, https:\/\/cdn.nicolebridal.vn\/wp-content\/uploads\/2018\/04\/IMGP7383-copy-199x300.jpg 199w, https:\/\/cdn.nicolebridal.vn\/wp-content\/uploads\/2018\/04\/IMGP7383-copy-768x1159.jpg 768w, https:\/\/cdn.nicolebridal.vn\/wp-content\/uploads\/2018\/04\/IMGP7383-copy-679x1024.jpg 679w, https:\/\/cdn.nicolebridal.vn\/wp-content\/uploads\/2018\/04\/IMGP7383-copy-600x906.jpg 600w\" sizes=\"(max-width: 980px) 100vw, 980px\" \/> <img loading=\"lazy\" decoding=\"async\" class=\"alignnone size-full wp-image-709\" src=\"https:\/\/dichvuwebtot.com\/wp-content\/uploads\/2018\/04\/IMGP7377-copy.jpg\" alt=\"\u00e1o c\u01b0\u1edbi v\u00e1y x\u00f2e \u0111u\u00f4i d\u00e0i\" width=\"953\" height=\"1438\" srcset=\"https:\/\/cdn.nicolebridal.vn\/wp-content\/uploads\/2018\/04\/IMGP7377-copy.jpg 953w, https:\/\/cdn.nicolebridal.vn\/wp-content\/uploads\/2018\/04\/IMGP7377-copy-700x1056.jpg 700w, https:\/\/cdn.nicolebridal.vn\/wp-content\/uploads\/2018\/04\/IMGP7377-copy-199x300.jpg 199w, https:\/\/cdn.nicolebridal.vn\/wp-content\/uploads\/2018\/04\/IMGP7377-copy-768x1159.jpg 768w, https:\/\/cdn.nicolebridal.vn\/wp-content\/uploads\/2018\/04\/IMGP7377-copy-679x1024.jpg 679w, https:\/\/cdn.nicolebridal.vn\/wp-content\/uploads\/2018\/04\/IMGP7377-copy-600x905.jpg 600w\" sizes=\"(max-width: 953px) 100vw, 953px\" \/> <img loading=\"lazy\" decoding=\"async\" class=\"alignnone size-full wp-image-708\" src=\"https:\/\/dichvuwebtot.com\/wp-content\/uploads\/2018\/04\/IMGP7365-copy.jpg\" alt=\"\u00e1o c\u01b0\u1edbi v\u00e1y x\u00f2e \u0111u\u00f4i d\u00e0i\" width=\"949\" height=\"1432\" srcset=\"https:\/\/cdn.nicolebridal.vn\/wp-content\/uploads\/2018\/04\/IMGP7365-copy.jpg 949w, https:\/\/cdn.nicolebridal.vn\/wp-content\/uploads\/2018\/04\/IMGP7365-copy-700x1056.jpg 700w, https:\/\/cdn.nicolebridal.vn\/wp-content\/uploads\/2018\/04\/IMGP7365-copy-199x300.jpg 199w, https:\/\/cdn.nicolebridal.vn\/wp-content\/uploads\/2018\/04\/IMGP7365-copy-768x1159.jpg 768w, https:\/\/cdn.nicolebridal.vn\/wp-content\/uploads\/2018\/04\/IMGP7365-copy-679x1024.jpg 679w, https:\/\/cdn.nicolebridal.vn\/wp-content\/uploads\/2018\/04\/IMGP7365-copy-600x905.jpg 600w\" sizes=\"(max-width: 949px) 100vw, 949px\" \/><\/p>\n","protected":false},"excerpt":{"rendered":"<p>The design is elaborately sewn with many layers to create a natural bat that is splendid, the details glittering lace is lightly glistening on the charming look.<\/p>\n","protected":false},"featured_media":1028,"template":"","meta":[],"product_brand":[],"product_cat":[121],"product_tag":[1416],"class_list":{"0":"post-1027","1":"product","2":"type-product","3":"status-publish","4":"has-post-thumbnail","6":"product_cat-bst-dream-in-summer-ii-2017-en","7":"product_tag-premium-wedding-dress","8":"pa_chi-tiet-side-by-side-en","9":"pa_kieu-dang-ao-cuoi-princess-wedding-dress","10":"pa_mau-sac-ivory","12":"first","13":"instock","14":"shipping-taxable","15":"product-type-simple"},"_links":{"self":[{"href":"https:\/\/nicolebridal.vn\/en\/wp-json\/wp\/v2\/product\/1027","targetHints":{"allow":["GET"]}}],"collection":[{"href":"https:\/\/nicolebridal.vn\/en\/wp-json\/wp\/v2\/product"}],"about":[{"href":"https:\/\/nicolebridal.vn\/en\/wp-json\/wp\/v2\/types\/product"}],"wp:featuredmedia":[{"embeddable":true,"href":"https:\/\/nicolebridal.vn\/en\/wp-json\/wp\/v2\/media\/1028"}],"wp:attachment":[{"href":"https:\/\/nicolebridal.vn\/en\/wp-json\/wp\/v2\/media?parent=1027"}],"wp:term":[{"taxonomy":"product_brand","embeddable":true,"href":"https:\/\/nicolebridal.vn\/en\/wp-json\/wp\/v2\/product_brand?post=1027"},{"taxonomy":"product_cat","embeddable":true,"href":"https:\/\/nicolebridal.vn\/en\/wp-json\/wp\/v2\/product_cat?post=1027"},{"taxonomy":"product_tag","embeddable":true,"href":"https:\/\/nicolebridal.vn\/en\/wp-json\/wp\/v2\/product_tag?post=1027"}],"curies":[{"name":"wp","href":"https:\/\/api.w.org\/{rel}","templated":true}]}}