{"id":18772,"date":"2022-07-18T21:17:57","date_gmt":"2022-07-18T14:17:57","guid":{"rendered":"https:\/\/nicolebridal.vn\/?post_type=product&#038;p=18772"},"modified":"2026-01-21T19:18:29","modified_gmt":"2026-01-21T12:18:29","slug":"caroline","status":"publish","type":"product","link":"https:\/\/nicolebridal.vn\/en\/shop\/be-yourself-en-en\/caroline\/","title":{"rendered":"Caroline &#8211; 22LP301"},"content":{"rendered":"","protected":false},"excerpt":{"rendered":"<p><span style=\"font-weight: 400;\">V\u00e1y c\u01b0\u1edbi c\u00f4ng ch\u00faa Caroline kh\u00f4ng ch\u1ec9 l\u00e0 m\u1ed9t s\u1ea3n ph\u1ea9m v\u00e1y c\u01b0\u1edbi \u0111\u01a1n thu\u1ea7n m\u00e0 c\u00f2n l\u00e0 bi\u1ec3u t\u01b0\u1ee3ng c\u1ee7a phong c\u00e1ch c\u1ed5 \u0111i\u1ec3n m\u00e0 Nicole Bridal d\u00e0nh t\u1eb7ng cho c\u00e1c c\u00f4 d\u00e2u m\u00f9a y\u00eau n\u00e0y. V\u1edbi thi\u1ebft k\u1ebf tay \u00e1o \u1ea5n t\u01b0\u1ee3ng, ren th\u00eau ho\u1ea1 ti\u1ebft c\u1ed5 \u0111i\u1ec3n v\u00e0 \u0111i\u1ec3m nh\u1ea5n \u0111\u00e1 to b\u1ea3n c\u00e0ng t\u00f4 \u0111\u1eadm v\u1ebb \u0111\u1eb9p sang tr\u1ecdng, m\u1ef9 mi\u1ec1u c\u1ee7a thi\u1ebft k\u1ebf. \u00c1o c\u01b0\u1edbi c\u00f4ng ch\u00faa Caroline ch\u00ednh l\u00e0 l\u1ef1a ch\u1ecdn ho\u00e0n h\u1ea3o cho nghi th\u1ee9c l\u1ec5 ch\u00ednh trong ng\u00e0y tr\u1ecdng \u0111\u1ea1i.<\/span><\/p>\n","protected":false},"featured_media":18842,"template":"","meta":[],"product_brand":[],"product_cat":[1355],"product_tag":[1555,1417],"class_list":{"0":"post-18772","1":"product","2":"type-product","3":"status-publish","4":"has-post-thumbnail","6":"product_cat-be-yourself","7":"product_tag-vay-cuoi-ao-cuoi","8":"product_tag-vay-cuoi-luxury","9":"pa_chat-lieu-luoi-kim-tuyen","10":"pa_chat-lieu-ren-chantilly","11":"pa_dai-duoi-150cm","12":"pa_kich-co-m","13":"pa_kieu-co-co-tim-rot-vai","14":"pa_kieu-dang-ao-cuoi-ao-cuoi-cong-chua","15":"pa_kieu-lung-that-day","16":"pa_kieu-tay-tay-ngan","17":"pa_mau-sac-trang-kem","19":"first","20":"instock","21":"shipping-taxable","22":"purchasable","23":"product-type-simple"},"_links":{"self":[{"href":"https:\/\/nicolebridal.vn\/en\/wp-json\/wp\/v2\/product\/18772","targetHints":{"allow":["GET"]}}],"collection":[{"href":"https:\/\/nicolebridal.vn\/en\/wp-json\/wp\/v2\/product"}],"about":[{"href":"https:\/\/nicolebridal.vn\/en\/wp-json\/wp\/v2\/types\/product"}],"wp:featuredmedia":[{"embeddable":true,"href":"https:\/\/nicolebridal.vn\/en\/wp-json\/wp\/v2\/media\/18842"}],"wp:attachment":[{"href":"https:\/\/nicolebridal.vn\/en\/wp-json\/wp\/v2\/media?parent=18772"}],"wp:term":[{"taxonomy":"product_brand","embeddable":true,"href":"https:\/\/nicolebridal.vn\/en\/wp-json\/wp\/v2\/product_brand?post=18772"},{"taxonomy":"product_cat","embeddable":true,"href":"https:\/\/nicolebridal.vn\/en\/wp-json\/wp\/v2\/product_cat?post=18772"},{"taxonomy":"product_tag","embeddable":true,"href":"https:\/\/nicolebridal.vn\/en\/wp-json\/wp\/v2\/product_tag?post=18772"}],"curies":[{"name":"wp","href":"https:\/\/api.w.org\/{rel}","templated":true}]}}