{"id":18875,"date":"2022-07-19T15:38:23","date_gmt":"2022-07-19T08:38:23","guid":{"rendered":"https:\/\/nicolebridal.vn\/?post_type=product&#038;p=18875"},"modified":"2026-01-21T19:18:19","modified_gmt":"2026-01-21T12:18:19","slug":"faya","status":"publish","type":"product","link":"https:\/\/nicolebridal.vn\/en\/shop\/be-yourself-en-en\/faya\/","title":{"rendered":"Faya &#8211; 22LP304"},"content":{"rendered":"","protected":false},"excerpt":{"rendered":"<p><span style=\"font-weight: 400;\">Chi\u1ebfc v\u00e1y c\u01b0\u1edbi \u0111\u1eb9p nh\u1ea5t b\u1ed9 s\u01b0u t\u1eadp Be Yourself ch\u00ednh th\u1ee9c l\u1ed9 di\u1ec7n. V\u1eabn l\u00e0 thi\u1ebft k\u1ebf v\u00e1y d\u00e1ng c\u00f4ng ch\u00faa, tay tr\u1ec5 vai quen thu\u1ed9c, nh\u01b0ng Faya \u201cgieo th\u01b0\u01a1ng nh\u1edb\u201d cho c\u00e1c n\u00e0ng d\u00e2u nh\u1edd s\u1ef1 k\u1ebft h\u1ee3p ho\u00e0n h\u1ea3o c\u00f9ng \u0111i\u1ec3m nh\u1ea5n c\u01b0\u1eddm \u0111\u00ednh ch\u1eef V \u1ea5n . Ch\u1ec9 c\u1ea7n nh\u00ecn qua m\u1ed9t l\u01b0\u1ee3t c\u0169ng \u0111\u1ee7 th\u1ea5y chi\u1ebfc v\u00e1y \u0111\u01b0\u1ee3c may ch\u1ec9n chu, \u0111\u1eb9p t\u1eebng g\u00f3c \u0111\u1ebfn ch\u1eebng n\u00e0o. Nh\u1eefng chi\u1ebfc v\u00e1y c\u01b0\u1edbi c\u00f4ng ch\u00faa t\u1ed1i gi\u1ea3n lu\u00f4n l\u00e0 s\u1ea3n ph\u1ea9m t\u1ef1 tin nh\u1ea5t m\u00e0 Nicole Bridal mu\u1ed1n g\u1eedi \u0111\u1ebfn nh\u1eefng c\u00f4 d\u00e2u t\u01b0\u01a1ng lai. V\u00e0 v\u1edbi chi\u1ebfc v\u00e1y c\u01b0\u1edbi c\u00f4ng ch\u00faa Faya sang tr\u1ecdng v\u00e0 thanh l\u1ecbch ch\u1eafc ch\u1eafn s\u1ebd l\u00e0m cho c\u00e1c c\u00f4 d\u00e2u c\u1ee7a ch\u00fang m\u00ecnh say \u0111\u1eafm.<\/span><\/p>\n","protected":false},"featured_media":18788,"template":"","meta":[],"product_brand":[],"product_cat":[1355],"product_tag":[1555,1417],"class_list":{"0":"post-18875","1":"product","2":"type-product","3":"status-publish","4":"has-post-thumbnail","6":"product_cat-be-yourself","7":"product_tag-vay-cuoi-ao-cuoi","8":"product_tag-vay-cuoi-luxury","9":"pa_chat-lieu-cuom-pha-le","10":"pa_chat-lieu-lua-satin","11":"pa_chat-lieu-luoi-kim-tuyen","12":"pa_dai-duoi-150cm","13":"pa_kich-co-m","14":"pa_kieu-co-co-tim-rot-vai","15":"pa_kieu-dang-ao-cuoi-ao-cuoi-cong-chua","16":"pa_kieu-lung-that-day","17":"pa_kieu-tay-tay-ngan","18":"pa_mau-sac-trang-kem","20":"first","21":"instock","22":"shipping-taxable","23":"purchasable","24":"product-type-simple"},"_links":{"self":[{"href":"https:\/\/nicolebridal.vn\/en\/wp-json\/wp\/v2\/product\/18875","targetHints":{"allow":["GET"]}}],"collection":[{"href":"https:\/\/nicolebridal.vn\/en\/wp-json\/wp\/v2\/product"}],"about":[{"href":"https:\/\/nicolebridal.vn\/en\/wp-json\/wp\/v2\/types\/product"}],"wp:featuredmedia":[{"embeddable":true,"href":"https:\/\/nicolebridal.vn\/en\/wp-json\/wp\/v2\/media\/18788"}],"wp:attachment":[{"href":"https:\/\/nicolebridal.vn\/en\/wp-json\/wp\/v2\/media?parent=18875"}],"wp:term":[{"taxonomy":"product_brand","embeddable":true,"href":"https:\/\/nicolebridal.vn\/en\/wp-json\/wp\/v2\/product_brand?post=18875"},{"taxonomy":"product_cat","embeddable":true,"href":"https:\/\/nicolebridal.vn\/en\/wp-json\/wp\/v2\/product_cat?post=18875"},{"taxonomy":"product_tag","embeddable":true,"href":"https:\/\/nicolebridal.vn\/en\/wp-json\/wp\/v2\/product_tag?post=18875"}],"curies":[{"name":"wp","href":"https:\/\/api.w.org\/{rel}","templated":true}]}}