{"id":18876,"date":"2022-07-19T15:50:25","date_gmt":"2022-07-19T08:50:25","guid":{"rendered":"https:\/\/nicolebridal.vn\/?post_type=product&#038;p=18876"},"modified":"2026-01-21T19:18:16","modified_gmt":"2026-01-21T12:18:16","slug":"belinda","status":"publish","type":"product","link":"https:\/\/nicolebridal.vn\/en\/shop\/be-yourself-en-en\/belinda\/","title":{"rendered":"Belinda &#8211; 22LP306"},"content":{"rendered":"","protected":false},"excerpt":{"rendered":"<p><span style=\"font-weight: 400;\">T\u1ef1a nh\u01b0 n\u00e0ng c\u00f4ng ch\u00faa di\u1ec5m ki\u1ec1u trong c\u00e1c c\u00e2u chuy\u1ec7n c\u1ed5 t\u00edch, v\u00e1y c\u01b0\u1edbi c\u00f4ng ch\u00faa Caily \u0111\u1eb9p nh\u01b0 b\u1ea3n giao h\u01b0\u1edfng c\u1ed5 \u0111i\u1ec3n, g\u1eafn li\u1ec1n v\u1edbi nh\u1eefng m\u1ef9 t\u1eeb \u1ea5n t\u01b0\u1ee3ng nh\u1ea5t. \u0110i\u1ec3m nh\u1ea5n c\u1ee7a chi\u1ebfc v\u00e1y c\u01b0\u1edbi c\u00f4ng ch\u00faa n\u00e0y ch\u00ednh l\u00e0 k\u1ef9 thu\u1eadt may \u0111o \u0111\u1ec9nh cao c\u00f9ng c\u01b0\u1eddm pha l\u00ea \u0111\u00ednh k\u1ebft tr\u00ean n\u1ec1n v\u1ea3i \u0111\u1ed9c l\u1ea1. N\u00e0ng \u0111\u00e3 s\u1eb5n s\u00e0ng \u01b0\u1edbm th\u1eed chi\u1ebfc v\u00e1y c\u00fap ng\u1ef1c n\u00e0y?<\/span><\/p>\n","protected":false},"featured_media":18808,"template":"","meta":[],"product_brand":[],"product_cat":[1355],"product_tag":[1555,1417],"class_list":{"0":"post-18876","1":"product","2":"type-product","3":"status-publish","4":"has-post-thumbnail","6":"product_cat-be-yourself","7":"product_tag-vay-cuoi-ao-cuoi","8":"product_tag-vay-cuoi-luxury","9":"pa_chat-lieu-cuom-pha-le","10":"pa_chat-lieu-lua-satin","11":"pa_dai-duoi-150cm","12":"pa_kich-co-m","13":"pa_kieu-co-cup-nguc","14":"pa_kieu-dang-ao-cuoi-ao-cuoi-cong-chua","15":"pa_kieu-lung-that-day","16":"pa_kieu-tay-cup-nguc","17":"pa_mau-sac-trang-kem","19":"first","20":"instock","21":"shipping-taxable","22":"purchasable","23":"product-type-simple"},"_links":{"self":[{"href":"https:\/\/nicolebridal.vn\/en\/wp-json\/wp\/v2\/product\/18876","targetHints":{"allow":["GET"]}}],"collection":[{"href":"https:\/\/nicolebridal.vn\/en\/wp-json\/wp\/v2\/product"}],"about":[{"href":"https:\/\/nicolebridal.vn\/en\/wp-json\/wp\/v2\/types\/product"}],"wp:featuredmedia":[{"embeddable":true,"href":"https:\/\/nicolebridal.vn\/en\/wp-json\/wp\/v2\/media\/18808"}],"wp:attachment":[{"href":"https:\/\/nicolebridal.vn\/en\/wp-json\/wp\/v2\/media?parent=18876"}],"wp:term":[{"taxonomy":"product_brand","embeddable":true,"href":"https:\/\/nicolebridal.vn\/en\/wp-json\/wp\/v2\/product_brand?post=18876"},{"taxonomy":"product_cat","embeddable":true,"href":"https:\/\/nicolebridal.vn\/en\/wp-json\/wp\/v2\/product_cat?post=18876"},{"taxonomy":"product_tag","embeddable":true,"href":"https:\/\/nicolebridal.vn\/en\/wp-json\/wp\/v2\/product_tag?post=18876"}],"curies":[{"name":"wp","href":"https:\/\/api.w.org\/{rel}","templated":true}]}}