{"id":18877,"date":"2022-07-19T16:10:43","date_gmt":"2022-07-19T09:10:43","guid":{"rendered":"https:\/\/nicolebridal.vn\/?post_type=product&#038;p=18877"},"modified":"2026-01-21T19:21:04","modified_gmt":"2026-01-21T12:21:04","slug":"caily","status":"publish","type":"product","link":"https:\/\/nicolebridal.vn\/en\/shop\/be-yourself-en-en\/caily\/","title":{"rendered":"Caily &#8211; 22LP307"},"content":{"rendered":"","protected":false},"excerpt":{"rendered":"<p><span style=\"font-weight: 400;\">Nh\u1eefng n\u1ebfp x\u1ebfp \u1ea5n t\u01b0\u1ee3ng ph\u1ea7n tay v\u00e0 ng\u1ef1c \u00e1o g\u1ee3i n\u00ean n\u00e9t \u0111\u1eb9p c\u1ee7a s\u1ef1 thanh l\u1ecbch v\u00e0 c\u1ed5 \u0111i\u1ec3n. M\u1ed9t thi\u1ebft k\u1ebf mang h\u01a1i h\u01b0\u1edbm ti\u1ec3u th\u01b0 nh\u1eb9 nh\u00e0ng, s\u1eafc s\u1ea3o v\u00e0 thanh l\u1ecbch t\u1ea1o n\u00ean m\u1ed9t t\u1ed5ng th\u1ec3 ho\u00e0n h\u1ea3o cho nh\u1eefng c\u00f4 d\u00e2u y\u00eau th\u00edch s\u1ef1 t\u1ed1i gi\u1ea3n.<\/span><\/p>\n","protected":false},"featured_media":18832,"template":"","meta":[],"product_brand":[],"product_cat":[1355],"product_tag":[1555,1417],"class_list":{"0":"post-18877","1":"product","2":"type-product","3":"status-publish","4":"has-post-thumbnail","6":"product_cat-be-yourself","7":"product_tag-vay-cuoi-ao-cuoi","8":"product_tag-vay-cuoi-luxury","9":"pa_chat-lieu-cuom-pha-le","10":"pa_chat-lieu-luoi","11":"pa_dai-duoi-150cm","12":"pa_kich-co-m","13":"pa_kieu-co-co-v","14":"pa_kieu-dang-ao-cuoi-ao-cuoi-cong-chua","15":"pa_kieu-lung-that-day","16":"pa_kieu-tay-rot-vai","17":"pa_mau-sac-trang-kem","19":"first","20":"instock","21":"shipping-taxable","22":"purchasable","23":"product-type-simple"},"_links":{"self":[{"href":"https:\/\/nicolebridal.vn\/en\/wp-json\/wp\/v2\/product\/18877","targetHints":{"allow":["GET"]}}],"collection":[{"href":"https:\/\/nicolebridal.vn\/en\/wp-json\/wp\/v2\/product"}],"about":[{"href":"https:\/\/nicolebridal.vn\/en\/wp-json\/wp\/v2\/types\/product"}],"wp:featuredmedia":[{"embeddable":true,"href":"https:\/\/nicolebridal.vn\/en\/wp-json\/wp\/v2\/media\/18832"}],"wp:attachment":[{"href":"https:\/\/nicolebridal.vn\/en\/wp-json\/wp\/v2\/media?parent=18877"}],"wp:term":[{"taxonomy":"product_brand","embeddable":true,"href":"https:\/\/nicolebridal.vn\/en\/wp-json\/wp\/v2\/product_brand?post=18877"},{"taxonomy":"product_cat","embeddable":true,"href":"https:\/\/nicolebridal.vn\/en\/wp-json\/wp\/v2\/product_cat?post=18877"},{"taxonomy":"product_tag","embeddable":true,"href":"https:\/\/nicolebridal.vn\/en\/wp-json\/wp\/v2\/product_tag?post=18877"}],"curies":[{"name":"wp","href":"https:\/\/api.w.org\/{rel}","templated":true}]}}