{"id":18878,"date":"2022-07-19T16:15:38","date_gmt":"2022-07-19T09:15:38","guid":{"rendered":"https:\/\/nicolebridal.vn\/?post_type=product&#038;p=18878"},"modified":"2026-01-21T19:20:51","modified_gmt":"2026-01-21T12:20:51","slug":"sonate-22lp308","status":"publish","type":"product","link":"https:\/\/nicolebridal.vn\/en\/shop\/be-yourself-en-en\/sonate-22lp308\/","title":{"rendered":"Sonate &#8211; 22LP308"},"content":{"rendered":"","protected":false},"excerpt":{"rendered":"<p><span style=\"font-weight: 400;\">V\u1edbi nh\u1eefng c\u00f4 d\u00e2u y\u00eau th\u00edch phong c\u00e1ch v\u00e1y c\u01b0\u1edbi c\u1ed5 \u0111i\u1ec3n d\u00e1ng c\u00f4ng ch\u00faa, thi\u1ebft k\u1ebf tay d\u00e0i k\u00edn \u0111\u00e1o, Sonate l\u00e0 b\u1ea3n ho\u00e0 ca tuy\u1ec7t v\u1eddi cho c\u00e1c n\u00e0ng th\u01a1 y\u00eau th\u00edch n\u00e9t v\u1ebb \u0111\u1eb9p n\u1eef t\u00ednh, ng\u1ecdt ng\u00e0o. \u0110i\u1ec3m nh\u1ea5n \u0111\u00e1 \u0111\u00ednh k\u1ebft tr\u00ean ph\u1ea7n ng\u1ef1c v\u00e0 eo chi\u1ebfc v\u00e1y c\u00e0ng t\u00f4 \u0111i\u1ec3m cho n\u00e9t \u0111\u1eb9p n\u1eef t\u00ednh eo thon, v\u00f2ng 1 \u0111\u1ea7y c\u1ee7a ng\u01b0\u1eddi m\u1eb7c.<\/span><\/p>\n<p><br style=\"font-weight: 400;\" \/><br style=\"font-weight: 400;\" \/><\/p>\n","protected":false},"featured_media":18866,"template":"","meta":[],"product_brand":[],"product_cat":[1355],"product_tag":[1555,1417],"class_list":{"0":"post-18878","1":"product","2":"type-product","3":"status-publish","4":"has-post-thumbnail","6":"product_cat-be-yourself","7":"product_tag-vay-cuoi-ao-cuoi","8":"product_tag-vay-cuoi-luxury","9":"pa_chat-lieu-luoi-dap-ly","10":"pa_chat-lieu-alencon","11":"pa_dai-duoi-150cm","12":"pa_kich-co-m","13":"pa_kieu-co-co-tron","14":"pa_kieu-dang-ao-cuoi-ao-cuoi-cong-chua","15":"pa_kieu-lung-gai-nut","16":"pa_kieu-tay-tay-dai","17":"pa_mau-sac-trang-kem","19":"first","20":"instock","21":"shipping-taxable","22":"purchasable","23":"product-type-simple"},"_links":{"self":[{"href":"https:\/\/nicolebridal.vn\/en\/wp-json\/wp\/v2\/product\/18878","targetHints":{"allow":["GET"]}}],"collection":[{"href":"https:\/\/nicolebridal.vn\/en\/wp-json\/wp\/v2\/product"}],"about":[{"href":"https:\/\/nicolebridal.vn\/en\/wp-json\/wp\/v2\/types\/product"}],"wp:featuredmedia":[{"embeddable":true,"href":"https:\/\/nicolebridal.vn\/en\/wp-json\/wp\/v2\/media\/18866"}],"wp:attachment":[{"href":"https:\/\/nicolebridal.vn\/en\/wp-json\/wp\/v2\/media?parent=18878"}],"wp:term":[{"taxonomy":"product_brand","embeddable":true,"href":"https:\/\/nicolebridal.vn\/en\/wp-json\/wp\/v2\/product_brand?post=18878"},{"taxonomy":"product_cat","embeddable":true,"href":"https:\/\/nicolebridal.vn\/en\/wp-json\/wp\/v2\/product_cat?post=18878"},{"taxonomy":"product_tag","embeddable":true,"href":"https:\/\/nicolebridal.vn\/en\/wp-json\/wp\/v2\/product_tag?post=18878"}],"curies":[{"name":"wp","href":"https:\/\/api.w.org\/{rel}","templated":true}]}}