{"id":18879,"date":"2022-07-19T16:28:31","date_gmt":"2022-07-19T09:28:31","guid":{"rendered":"https:\/\/nicolebridal.vn\/?post_type=product&#038;p=18879"},"modified":"2026-01-23T16:28:46","modified_gmt":"2026-01-23T09:28:46","slug":"nelly-22pm303","status":"publish","type":"product","link":"https:\/\/nicolebridal.vn\/en\/shop\/be-yourself-en-en\/nelly-22pm303\/","title":{"rendered":"Nelly &#8211; 22PM303"},"content":{"rendered":"","protected":false},"excerpt":{"rendered":"<p><span style=\"font-weight: 400;\">Th\u00eam m\u1ed9t thi\u1ebft k\u1ebf v\u00e1y c\u01b0\u1edbi hi\u1ec7n \u0111\u1ea1i ph\u00f9 h\u1ee3p v\u1edbi nh\u1eefng c\u00f4 d\u00e2u c\u00e1 t\u00ednh, mong mu\u1ed1n th\u1eadt \u201cch\u1ea5t\u2019 ng\u00e0y tr\u1ecdng \u0111\u1ea1i. V\u00e1y c\u01b0\u1edbi \u0111u\u00f4i c\u00e1 Nelly l\u00e0 s\u1ef1 k\u1ebft h\u1ee3p ho\u00e0n h\u1ea3o gi\u1eefa ch\u1ea5t li\u1ec7u ren kim tuy\u1ebfn c\u00f9ng \u0111i\u1ec3m nh\u1ea5n l\u00f4ng v\u0169. H\u01a1n n\u1eefa, thi\u1ebft k\u1ebf v\u00e1y c\u00f4 d\u00e2u l\u00f4ng v\u0169 l\u00e0 xu h\u01b0\u1edbng \u00e1o c\u01b0\u1edbi n\u0103m nay n\u00e0ng nh\u1ea5t \u0111\u1ecbnh \u0111\u1eebng b\u1ecf l\u1ee1. <\/span><\/p>\n","protected":false},"featured_media":18780,"template":"","meta":[],"product_brand":[],"product_cat":[1355],"product_tag":[1555,1415],"class_list":{"0":"post-18879","1":"product","2":"type-product","3":"status-publish","4":"has-post-thumbnail","6":"product_cat-be-yourself","7":"product_tag-vay-cuoi-ao-cuoi","8":"product_tag-vay-cuoi-premium","9":"pa_chat-lieu-long-vu","10":"pa_chat-lieu-ren-kim-tuyen","11":"pa_dai-duoi-50cm","12":"pa_kich-co-m","13":"pa_kieu-co-vai-ngang","14":"pa_kieu-dang-ao-cuoi-ao-cuoi-duoi-ca","15":"pa_kieu-lung-that-day","16":"pa_kieu-tay-rot-vai","17":"pa_mau-sac-trang-kem","19":"first","20":"instock","21":"shipping-taxable","22":"purchasable","23":"product-type-simple"},"_links":{"self":[{"href":"https:\/\/nicolebridal.vn\/en\/wp-json\/wp\/v2\/product\/18879","targetHints":{"allow":["GET"]}}],"collection":[{"href":"https:\/\/nicolebridal.vn\/en\/wp-json\/wp\/v2\/product"}],"about":[{"href":"https:\/\/nicolebridal.vn\/en\/wp-json\/wp\/v2\/types\/product"}],"wp:featuredmedia":[{"embeddable":true,"href":"https:\/\/nicolebridal.vn\/en\/wp-json\/wp\/v2\/media\/18780"}],"wp:attachment":[{"href":"https:\/\/nicolebridal.vn\/en\/wp-json\/wp\/v2\/media?parent=18879"}],"wp:term":[{"taxonomy":"product_brand","embeddable":true,"href":"https:\/\/nicolebridal.vn\/en\/wp-json\/wp\/v2\/product_brand?post=18879"},{"taxonomy":"product_cat","embeddable":true,"href":"https:\/\/nicolebridal.vn\/en\/wp-json\/wp\/v2\/product_cat?post=18879"},{"taxonomy":"product_tag","embeddable":true,"href":"https:\/\/nicolebridal.vn\/en\/wp-json\/wp\/v2\/product_tag?post=18879"}],"curies":[{"name":"wp","href":"https:\/\/api.w.org\/{rel}","templated":true}]}}