{"id":18880,"date":"2022-07-19T16:33:46","date_gmt":"2022-07-19T09:33:46","guid":{"rendered":"https:\/\/nicolebridal.vn\/?post_type=product&#038;p=18880"},"modified":"2026-01-23T16:29:06","modified_gmt":"2026-01-23T09:29:06","slug":"scarleto-22pa305","status":"publish","type":"product","link":"https:\/\/nicolebridal.vn\/en\/shop\/be-yourself-en-en\/scarleto-22pa305\/","title":{"rendered":"Scarleto &#8211; 22PA305"},"content":{"rendered":"","protected":false},"excerpt":{"rendered":"<p><span style=\"font-weight: 400;\">S\u1ef1 k\u1ebft h\u1ee3p c\u1ee7a l\u1ee5a satin, ren chantilly v\u00e0 l\u01b0\u1edbi mang \u0111\u1ebfn n\u00e9t \u0111\u1eb9p ng\u1ecdt ng\u00e0o, \u0111\u1eadm d\u1ea5u \u1ea5n ho\u00e0ng gia, h\u1ee9a h\u1eb9n l\u00e0 \u201csi\u00eau ph\u1ea9m\u201d cho c\u00e1c c\u00f4 d\u00e2u m\u00f9a y\u00eau n\u00e0y. Nh\u1eefng ch\u1ea5t li\u1ec7u qu\u00e1 \u0111\u1ed7i quen thu\u1ed9c nh\u01b0ng qua b\u00e0n tay t\u00e0i hoa c\u1ee7a nh\u00e0 thi\u1ebft k\u1ebf, k\u1ef9 thu\u1eadt \u0111\u1ec9nh cao c\u1ee7a ng\u01b0\u1eddi th\u1ee3 may l\u00e0nh ngh\u1ec1 mang \u0111\u1ebfn thi\u1ebft k\u1ebf sang tr\u1ecdng, ph\u00f9 h\u1ee3p cho m\u1ecdi nghi th\u1ee9c c\u1ee7a ti\u1ec7c tr\u1ecdng \u0111\u1ea1i.<\/span><\/p>\n","protected":false},"featured_media":18800,"template":"","meta":[],"product_brand":[],"product_cat":[1355],"product_tag":[1555,1415],"class_list":{"0":"post-18880","1":"product","2":"type-product","3":"status-publish","4":"has-post-thumbnail","6":"product_cat-be-yourself","7":"product_tag-vay-cuoi-ao-cuoi","8":"product_tag-vay-cuoi-premium","9":"pa_chat-lieu-lua-satin","10":"pa_chat-lieu-luoi","11":"pa_chat-lieu-ren-chantilly","12":"pa_dai-duoi-100cm","13":"pa_kich-co-m","14":"pa_kieu-co-co-v","15":"pa_kieu-dang-ao-cuoi-ao-cuoi-chu-a","16":"pa_kieu-lung-that-day","17":"pa_kieu-tay-tay-dai","18":"pa_mau-sac-trang-kem","20":"first","21":"instock","22":"shipping-taxable","23":"purchasable","24":"product-type-simple"},"_links":{"self":[{"href":"https:\/\/nicolebridal.vn\/en\/wp-json\/wp\/v2\/product\/18880","targetHints":{"allow":["GET"]}}],"collection":[{"href":"https:\/\/nicolebridal.vn\/en\/wp-json\/wp\/v2\/product"}],"about":[{"href":"https:\/\/nicolebridal.vn\/en\/wp-json\/wp\/v2\/types\/product"}],"wp:featuredmedia":[{"embeddable":true,"href":"https:\/\/nicolebridal.vn\/en\/wp-json\/wp\/v2\/media\/18800"}],"wp:attachment":[{"href":"https:\/\/nicolebridal.vn\/en\/wp-json\/wp\/v2\/media?parent=18880"}],"wp:term":[{"taxonomy":"product_brand","embeddable":true,"href":"https:\/\/nicolebridal.vn\/en\/wp-json\/wp\/v2\/product_brand?post=18880"},{"taxonomy":"product_cat","embeddable":true,"href":"https:\/\/nicolebridal.vn\/en\/wp-json\/wp\/v2\/product_cat?post=18880"},{"taxonomy":"product_tag","embeddable":true,"href":"https:\/\/nicolebridal.vn\/en\/wp-json\/wp\/v2\/product_tag?post=18880"}],"curies":[{"name":"wp","href":"https:\/\/api.w.org\/{rel}","templated":true}]}}