{"id":18881,"date":"2022-07-19T16:40:23","date_gmt":"2022-07-19T09:40:23","guid":{"rendered":"https:\/\/nicolebridal.vn\/?post_type=product&#038;p=18881"},"modified":"2026-01-23T16:28:41","modified_gmt":"2026-01-23T09:28:41","slug":"briola-22pa302","status":"publish","type":"product","link":"https:\/\/nicolebridal.vn\/en\/shop\/be-yourself-en-en\/briola-22pa302\/","title":{"rendered":"Briola &#8211; 22PA302"},"content":{"rendered":"","protected":false},"excerpt":{"rendered":"<p><span style=\"font-weight: 400;\">Nicole mong mu\u1ed1n gi\u00fap n\u00e0ng d\u00e2u bi\u1ebfn ho\u00e1 m\u1ecdi phong c\u00e1ch, \u0111\u1ec3 n\u00e0ng xu\u1ea5t hi\u1ec7n th\u1eadt \u1ea5n t\u01b0\u1ee3ng v\u00e0o ng\u00e0y tr\u1ecdng \u0111\u1ea1i. Ch\u00ednh v\u00ec v\u1eady, v\u00e1y c\u01b0\u1edbi ch\u1eef A Briola l\u00e0 \u201c\u0111i\u1ec3m kh\u00e1c bi\u1ec7t\u201d c\u1ee7a b\u1ed9 s\u01b0u t\u1eadp v\u00e1y c\u01b0\u1edbi Be Yourself m\u00e0 n\u00e0ng nh\u1ea5t \u0111\u1ecbnh kh\u00f4ng th\u1ec3 b\u1ecf qua. M\u1ed9t thi\u1ebft k\u1ebf v\u00e1y \u0111\u1ed9c \u0111\u00e1o l\u00e0 tuy\u00ean ng\u00f4n kh\u1eb3ng \u0111\u1ecbnh c\u00e1 t\u00ednh v\u00e0 th\u1eddi \u0111\u1ea1i m\u00e0 Nicole mu\u1ed1n g\u1eedi g\u1eafm.<\/span><\/p>\n","protected":false},"featured_media":18822,"template":"","meta":[],"product_brand":[],"product_cat":[1355],"product_tag":[1555,1415],"class_list":{"0":"post-18881","1":"product","2":"type-product","3":"status-publish","4":"has-post-thumbnail","6":"product_cat-be-yourself","7":"product_tag-vay-cuoi-ao-cuoi","8":"product_tag-vay-cuoi-premium","9":"pa_chat-lieu-lua-organza","10":"pa_chat-lieu-lua-satin","11":"pa_dai-duoi-50cm","12":"pa_kich-co-m","13":"pa_kieu-co-vai-ngang","14":"pa_kieu-dang-ao-cuoi-ao-cuoi-chu-a","15":"pa_kieu-lung-that-day","16":"pa_kieu-tay-rot-vai","17":"pa_mau-sac-trang-kem","19":"first","20":"instock","21":"shipping-taxable","22":"purchasable","23":"product-type-simple"},"_links":{"self":[{"href":"https:\/\/nicolebridal.vn\/en\/wp-json\/wp\/v2\/product\/18881","targetHints":{"allow":["GET"]}}],"collection":[{"href":"https:\/\/nicolebridal.vn\/en\/wp-json\/wp\/v2\/product"}],"about":[{"href":"https:\/\/nicolebridal.vn\/en\/wp-json\/wp\/v2\/types\/product"}],"wp:featuredmedia":[{"embeddable":true,"href":"https:\/\/nicolebridal.vn\/en\/wp-json\/wp\/v2\/media\/18822"}],"wp:attachment":[{"href":"https:\/\/nicolebridal.vn\/en\/wp-json\/wp\/v2\/media?parent=18881"}],"wp:term":[{"taxonomy":"product_brand","embeddable":true,"href":"https:\/\/nicolebridal.vn\/en\/wp-json\/wp\/v2\/product_brand?post=18881"},{"taxonomy":"product_cat","embeddable":true,"href":"https:\/\/nicolebridal.vn\/en\/wp-json\/wp\/v2\/product_cat?post=18881"},{"taxonomy":"product_tag","embeddable":true,"href":"https:\/\/nicolebridal.vn\/en\/wp-json\/wp\/v2\/product_tag?post=18881"}],"curies":[{"name":"wp","href":"https:\/\/api.w.org\/{rel}","templated":true}]}}