{"id":18882,"date":"2022-07-19T16:44:22","date_gmt":"2022-07-19T09:44:22","guid":{"rendered":"https:\/\/nicolebridal.vn\/?post_type=product&#038;p=18882"},"modified":"2026-01-23T16:26:16","modified_gmt":"2026-01-23T09:26:16","slug":"mint-22pm309","status":"publish","type":"product","link":"https:\/\/nicolebridal.vn\/en\/shop\/be-yourself-en-en\/mint-22pm309\/","title":{"rendered":"Mint &#8211; 22PM309"},"content":{"rendered":"","protected":false},"excerpt":{"rendered":"<p><span style=\"font-weight: 400;\">Nicole Bridal mu\u1ed1n g\u1eedi \u0111\u1ebfn c\u00e1c c\u00f4 d\u00e2u t\u01b0\u01a1ng lai m\u1ed9t thi\u1ebft k\u1ebf v\u00e1y c\u01b0\u1edbi t\u1ed1i gi\u1ea3n mang v\u1ebb \u0111\u1eb9p c\u1ee7a s\u1ef1 thanh tho\u00e1t, nh\u1eb9 nh\u00e0ng. V\u1edbi nh\u1eefng t\u00edn \u0111\u1ed3 c\u1ee7a ch\u1ea5t li\u1ec7u l\u1ee5a satin n\u1ec1n n\u00e3 c\u00f9ng thi\u1ebft k\u1ebf n\u01a1 \u1ea5n t\u01b0\u1ee3ng, n\u00e0ng nh\u1ea5t \u0111\u1ecbnh kh\u00f4ng th\u1ec3 b\u1ecf qua thi\u1ebft k\u1ebf v\u00e1y c\u00f4 d\u00e2u m\u1edbi nh\u1ea5t c\u1ee7a b\u1ed9 s\u01b0u t\u1eadp v\u00e1y c\u01b0\u1edbi n\u0103m nay nh\u00e0 Nicole. <\/span><\/p>\n","protected":false},"featured_media":18858,"template":"","meta":[],"product_brand":[],"product_cat":[1355],"product_tag":[1555,1415],"class_list":{"0":"post-18882","1":"product","2":"type-product","3":"status-publish","4":"has-post-thumbnail","6":"product_cat-be-yourself","7":"product_tag-vay-cuoi-ao-cuoi","8":"product_tag-vay-cuoi-premium","9":"pa_chat-lieu-lua-satin","10":"pa_dai-duoi-50cm","11":"pa_kich-co-m","12":"pa_kieu-co-co-tim-rot-vai","13":"pa_kieu-dang-ao-cuoi-ao-cuoi-duoi-ca","14":"pa_kieu-lung-that-day","15":"pa_kieu-tay-tay-ngan","16":"pa_mau-sac-trang-kem","18":"first","19":"instock","20":"shipping-taxable","21":"purchasable","22":"product-type-simple"},"_links":{"self":[{"href":"https:\/\/nicolebridal.vn\/en\/wp-json\/wp\/v2\/product\/18882","targetHints":{"allow":["GET"]}}],"collection":[{"href":"https:\/\/nicolebridal.vn\/en\/wp-json\/wp\/v2\/product"}],"about":[{"href":"https:\/\/nicolebridal.vn\/en\/wp-json\/wp\/v2\/types\/product"}],"wp:featuredmedia":[{"embeddable":true,"href":"https:\/\/nicolebridal.vn\/en\/wp-json\/wp\/v2\/media\/18858"}],"wp:attachment":[{"href":"https:\/\/nicolebridal.vn\/en\/wp-json\/wp\/v2\/media?parent=18882"}],"wp:term":[{"taxonomy":"product_brand","embeddable":true,"href":"https:\/\/nicolebridal.vn\/en\/wp-json\/wp\/v2\/product_brand?post=18882"},{"taxonomy":"product_cat","embeddable":true,"href":"https:\/\/nicolebridal.vn\/en\/wp-json\/wp\/v2\/product_cat?post=18882"},{"taxonomy":"product_tag","embeddable":true,"href":"https:\/\/nicolebridal.vn\/en\/wp-json\/wp\/v2\/product_tag?post=18882"}],"curies":[{"name":"wp","href":"https:\/\/api.w.org\/{rel}","templated":true}]}}