{"id":1961,"date":"2018-09-10T21:18:57","date_gmt":"2018-09-10T14:18:57","guid":{"rendered":"https:\/\/td.nicolebridal.vn\/ao-cuoi\/chua-phan-loai\/anita\/"},"modified":"2023-03-29T22:36:46","modified_gmt":"2023-03-29T15:36:46","slug":"anita","status":"publish","type":"product","link":"https:\/\/nicolebridal.vn\/en\/shop\/2018-collections\/classic-wedding-dress-collection\/anita\/","title":{"rendered":"Princess Wedding Dress Anita (18LP305)"},"content":{"rendered":"<p><img fetchpriority=\"high\" decoding=\"async\" class=\"aligncenter size-full wp-image-1928\" src=\"https:\/\/dichvuwebtot.com\/wp-content\/uploads\/2018\/09\/Anita-01.jpg\" alt=\"\u00e1o c\u01b0\u1edbi c\u00f4ng ch\u00faa phong c\u00e1ch c\u1ed5 \u0111i\u1ec3n\" width=\"600\" height=\"900\" srcset=\"https:\/\/cdn.nicolebridal.vn\/wp-content\/uploads\/2018\/09\/Anita-01.jpg 600w, https:\/\/cdn.nicolebridal.vn\/wp-content\/uploads\/2018\/09\/Anita-01-576x864.jpg 576w, https:\/\/cdn.nicolebridal.vn\/wp-content\/uploads\/2018\/09\/Anita-01-100x150.jpg 100w, https:\/\/cdn.nicolebridal.vn\/wp-content\/uploads\/2018\/09\/Anita-01-200x300.jpg 200w, https:\/\/cdn.nicolebridal.vn\/wp-content\/uploads\/2018\/09\/Anita-01-299x449.jpg 299w\" sizes=\"(max-width: 600px) 100vw, 600px\" \/> <img decoding=\"async\" class=\"aligncenter size-full wp-image-1931\" src=\"https:\/\/dichvuwebtot.com\/wp-content\/uploads\/2018\/09\/Anita-02.jpg\" alt=\"\" width=\"600\" height=\"900\" srcset=\"https:\/\/cdn.nicolebridal.vn\/wp-content\/uploads\/2018\/09\/Anita-02.jpg 600w, https:\/\/cdn.nicolebridal.vn\/wp-content\/uploads\/2018\/09\/Anita-02-576x864.jpg 576w, https:\/\/cdn.nicolebridal.vn\/wp-content\/uploads\/2018\/09\/Anita-02-100x150.jpg 100w, https:\/\/cdn.nicolebridal.vn\/wp-content\/uploads\/2018\/09\/Anita-02-200x300.jpg 200w, https:\/\/cdn.nicolebridal.vn\/wp-content\/uploads\/2018\/09\/Anita-02-299x449.jpg 299w\" sizes=\"(max-width: 600px) 100vw, 600px\" \/> <img decoding=\"async\" class=\"aligncenter size-large wp-image-1930\" src=\"https:\/\/dichvuwebtot.com\/wp-content\/uploads\/2018\/09\/Anita-03-1.jpg\" alt=\"\" width=\"600\" height=\"900\" srcset=\"https:\/\/cdn.nicolebridal.vn\/wp-content\/uploads\/2018\/09\/Anita-03-1.jpg 600w, https:\/\/cdn.nicolebridal.vn\/wp-content\/uploads\/2018\/09\/Anita-03-1-576x864.jpg 576w, https:\/\/cdn.nicolebridal.vn\/wp-content\/uploads\/2018\/09\/Anita-03-1-100x150.jpg 100w, https:\/\/cdn.nicolebridal.vn\/wp-content\/uploads\/2018\/09\/Anita-03-1-200x300.jpg 200w, https:\/\/cdn.nicolebridal.vn\/wp-content\/uploads\/2018\/09\/Anita-03-1-299x449.jpg 299w\" sizes=\"(max-width: 600px) 100vw, 600px\" \/> <img loading=\"lazy\" decoding=\"async\" class=\"aligncenter size-large wp-image-1929\" src=\"https:\/\/dichvuwebtot.com\/wp-content\/uploads\/2018\/09\/Anita.jpg\" alt=\"\" width=\"600\" height=\"900\" srcset=\"https:\/\/cdn.nicolebridal.vn\/wp-content\/uploads\/2018\/09\/Anita.jpg 600w, https:\/\/cdn.nicolebridal.vn\/wp-content\/uploads\/2018\/09\/Anita-576x864.jpg 576w, https:\/\/cdn.nicolebridal.vn\/wp-content\/uploads\/2018\/09\/Anita-100x150.jpg 100w, https:\/\/cdn.nicolebridal.vn\/wp-content\/uploads\/2018\/09\/Anita-200x300.jpg 200w, https:\/\/cdn.nicolebridal.vn\/wp-content\/uploads\/2018\/09\/Anita-299x449.jpg 299w\" sizes=\"(max-width: 600px) 100vw, 600px\" \/><\/p>\n","protected":false},"excerpt":{"rendered":"","protected":false},"featured_media":1928,"template":"","meta":[],"product_brand":[],"product_cat":[332],"product_tag":[339,1418],"class_list":{"0":"post-1961","1":"product","2":"type-product","3":"status-publish","4":"has-post-thumbnail","6":"product_cat-classic-wedding-dress-collection","7":"product_tag-ao-cuoi-co-dien-en","8":"product_tag-luxury-wedding-dress","9":"pa_chi-tiet-side-by-side-en","10":"pa_kieu-dang-ao-cuoi-princess-wedding-dress","11":"pa_mau-sac-off-white","13":"first","14":"instock","15":"shipping-taxable","16":"purchasable","17":"product-type-simple"},"_links":{"self":[{"href":"https:\/\/nicolebridal.vn\/en\/wp-json\/wp\/v2\/product\/1961","targetHints":{"allow":["GET"]}}],"collection":[{"href":"https:\/\/nicolebridal.vn\/en\/wp-json\/wp\/v2\/product"}],"about":[{"href":"https:\/\/nicolebridal.vn\/en\/wp-json\/wp\/v2\/types\/product"}],"wp:featuredmedia":[{"embeddable":true,"href":"https:\/\/nicolebridal.vn\/en\/wp-json\/wp\/v2\/media\/1928"}],"wp:attachment":[{"href":"https:\/\/nicolebridal.vn\/en\/wp-json\/wp\/v2\/media?parent=1961"}],"wp:term":[{"taxonomy":"product_brand","embeddable":true,"href":"https:\/\/nicolebridal.vn\/en\/wp-json\/wp\/v2\/product_brand?post=1961"},{"taxonomy":"product_cat","embeddable":true,"href":"https:\/\/nicolebridal.vn\/en\/wp-json\/wp\/v2\/product_cat?post=1961"},{"taxonomy":"product_tag","embeddable":true,"href":"https:\/\/nicolebridal.vn\/en\/wp-json\/wp\/v2\/product_tag?post=1961"}],"curies":[{"name":"wp","href":"https:\/\/api.w.org\/{rel}","templated":true}]}}