{"id":1964,"date":"2018-09-10T21:31:31","date_gmt":"2018-09-10T07:31:31","guid":{"rendered":"https:\/\/td.nicolebridal.vn\/ao-cuoi\/chua-phan-loai\/iris-2\/"},"modified":"2023-03-29T22:31:54","modified_gmt":"2023-03-29T15:31:54","slug":"iris-2","status":"publish","type":"product","link":"https:\/\/nicolebridal.vn\/en\/shop\/2018-collections\/classic-wedding-dress-collection\/iris-2\/","title":{"rendered":"Mermaid Wedding Dress Iris (18PM303)"},"content":{"rendered":"<p><img fetchpriority=\"high\" decoding=\"async\" class=\"aligncenter size-full wp-image-1940\" src=\"https:\/\/dichvuwebtot.com\/wp-content\/uploads\/2018\/09\/Iris-01-1.jpg\" alt=\"\u00e1o c\u01b0\u1edbi \u0111u\u00f4i c\u00e1 m\u00e0u tr\u1eafng h\u1edf l\u01b0ng\" width=\"600\" height=\"900\" srcset=\"https:\/\/cdn.nicolebridal.vn\/wp-content\/uploads\/2018\/09\/Iris-01-1.jpg 600w, https:\/\/cdn.nicolebridal.vn\/wp-content\/uploads\/2018\/09\/Iris-01-1-576x864.jpg 576w, https:\/\/cdn.nicolebridal.vn\/wp-content\/uploads\/2018\/09\/Iris-01-1-100x150.jpg 100w, https:\/\/cdn.nicolebridal.vn\/wp-content\/uploads\/2018\/09\/Iris-01-1-200x300.jpg 200w, https:\/\/cdn.nicolebridal.vn\/wp-content\/uploads\/2018\/09\/Iris-01-1-299x449.jpg 299w\" sizes=\"(max-width: 600px) 100vw, 600px\" \/> <img decoding=\"async\" class=\"aligncenter size-full wp-image-1942\" src=\"https:\/\/dichvuwebtot.com\/wp-content\/uploads\/2018\/09\/Iris-03.jpg\" alt=\"\" width=\"600\" height=\"900\" srcset=\"https:\/\/cdn.nicolebridal.vn\/wp-content\/uploads\/2018\/09\/Iris-03.jpg 600w, https:\/\/cdn.nicolebridal.vn\/wp-content\/uploads\/2018\/09\/Iris-03-576x864.jpg 576w, https:\/\/cdn.nicolebridal.vn\/wp-content\/uploads\/2018\/09\/Iris-03-100x150.jpg 100w, https:\/\/cdn.nicolebridal.vn\/wp-content\/uploads\/2018\/09\/Iris-03-200x300.jpg 200w, https:\/\/cdn.nicolebridal.vn\/wp-content\/uploads\/2018\/09\/Iris-03-299x449.jpg 299w\" sizes=\"(max-width: 600px) 100vw, 600px\" \/> <img decoding=\"async\" class=\"aligncenter size-large wp-image-1941\" src=\"https:\/\/dichvuwebtot.com\/wp-content\/uploads\/2018\/09\/Iris.jpg\" alt=\"\" width=\"600\" height=\"900\" srcset=\"https:\/\/cdn.nicolebridal.vn\/wp-content\/uploads\/2018\/09\/Iris.jpg 600w, https:\/\/cdn.nicolebridal.vn\/wp-content\/uploads\/2018\/09\/Iris-576x864.jpg 576w, https:\/\/cdn.nicolebridal.vn\/wp-content\/uploads\/2018\/09\/Iris-100x150.jpg 100w, https:\/\/cdn.nicolebridal.vn\/wp-content\/uploads\/2018\/09\/Iris-200x300.jpg 200w, https:\/\/cdn.nicolebridal.vn\/wp-content\/uploads\/2018\/09\/Iris-299x449.jpg 299w\" sizes=\"(max-width: 600px) 100vw, 600px\" \/><\/p>\n","protected":false},"excerpt":{"rendered":"","protected":false},"featured_media":1906,"template":"","meta":[],"product_brand":[],"product_cat":[332],"product_tag":[339,1416],"class_list":{"0":"post-1964","1":"product","2":"type-product","3":"status-publish","4":"has-post-thumbnail","6":"product_cat-classic-wedding-dress-collection","7":"product_tag-ao-cuoi-co-dien-en","8":"product_tag-premium-wedding-dress","9":"pa_chi-tiet-backless-en","10":"pa_chi-tiet-v-neck","11":"pa_kieu-dang-ao-cuoi-mermaid-wedding-dress","12":"pa_mau-sac-off-white","14":"first","15":"instock","16":"shipping-taxable","17":"purchasable","18":"product-type-simple"},"_links":{"self":[{"href":"https:\/\/nicolebridal.vn\/en\/wp-json\/wp\/v2\/product\/1964","targetHints":{"allow":["GET"]}}],"collection":[{"href":"https:\/\/nicolebridal.vn\/en\/wp-json\/wp\/v2\/product"}],"about":[{"href":"https:\/\/nicolebridal.vn\/en\/wp-json\/wp\/v2\/types\/product"}],"wp:featuredmedia":[{"embeddable":true,"href":"https:\/\/nicolebridal.vn\/en\/wp-json\/wp\/v2\/media\/1906"}],"wp:attachment":[{"href":"https:\/\/nicolebridal.vn\/en\/wp-json\/wp\/v2\/media?parent=1964"}],"wp:term":[{"taxonomy":"product_brand","embeddable":true,"href":"https:\/\/nicolebridal.vn\/en\/wp-json\/wp\/v2\/product_brand?post=1964"},{"taxonomy":"product_cat","embeddable":true,"href":"https:\/\/nicolebridal.vn\/en\/wp-json\/wp\/v2\/product_cat?post=1964"},{"taxonomy":"product_tag","embeddable":true,"href":"https:\/\/nicolebridal.vn\/en\/wp-json\/wp\/v2\/product_tag?post=1964"}],"curies":[{"name":"wp","href":"https:\/\/api.w.org\/{rel}","templated":true}]}}