{"id":19643,"date":"2019-09-25T16:56:49","date_gmt":"2019-09-25T09:56:49","guid":{"rendered":"https:\/\/nicolebridal.vn\/?post_type=product&#038;p=19643"},"modified":"2024-11-14T14:40:12","modified_gmt":"2024-11-14T07:40:12","slug":"vay-cuoi-thanh-ly-co-dau-kim-vy","status":"publish","type":"product","link":"https:\/\/nicolebridal.vn\/en\/shop\/samples-sales\/vay-cuoi-thanh-ly-co-dau-kim-vy\/","title":{"rendered":"V\u00e1y c\u01b0\u1edbi \u0111u\u00f4i c\u00e1 c\u1ed5 y\u1ebfm TL 22003"},"content":{"rendered":"","protected":false},"excerpt":{"rendered":"<p>V\u00e1y c\u01b0\u1edbi nh\u1eb9 nh\u00e0ng \u0111u\u00f4i c\u00e1 phom tr\u01a1n v\u1edbi chi ti\u1ebft c\u1ed5 y\u1ebfm r\u1ea5t ph\u00f9 h\u1ee3p cho n\u00e0ng d\u00e2u \u1ed1m g\u1ea7y, dong d\u1ecfng cao. Thi\u1ebft k\u1ebf gi\u00fap ng\u01b0\u1eddi m\u1eb7c khoe \u0111\u01b0\u1ee3c x\u01b0\u01a1ng quai xanh v\u00e0 b\u1eafp tay thon g\u1ecdn, gi\u00fap thu h\u00fat tr\u1ecdn \u00e1nh nh\u00ecn v\u00e0o b\u1edd l\u01b0ng m\u1ecbn m\u00e0ng c\u1ee7a n\u00e0ng d\u00e2u.<\/p>\n<table>\n<tbody>\n<tr>\n<td>\n<p style=\"text-align: center;\"><span style=\"font-weight: 400;\"><strong>Chi ti\u1ebft<\/strong><\/span><\/p>\n<\/td>\n<td>\n<p style=\"text-align: center;\"><strong>S\u1ed1 \u0111o (cm)<\/strong><\/p>\n<\/td>\n<\/tr>\n<tr>\n<td>\n<p style=\"text-align: center;\"><span style=\"font-weight: 400;\">Ng\u1ef1c<\/span><\/p>\n<\/td>\n<td>\n<p style=\"text-align: center;\"><span style=\"font-weight: 400;\">80-82<\/span><\/p>\n<\/td>\n<\/tr>\n<tr>\n<td>\n<p style=\"text-align: center;\"><span style=\"font-weight: 400;\">Eo\u00a0<\/span><\/p>\n<\/td>\n<td>\n<p style=\"text-align: center;\"><span style=\"font-weight: 400;\">70-72<\/span><\/p>\n<\/td>\n<\/tr>\n<tr>\n<td>\n<p style=\"text-align: center;\"><span style=\"font-weight: 400;\">M\u00f4ng<\/span><\/p>\n<\/td>\n<td>\n<p style=\"text-align: center;\"><span style=\"font-weight: 400;\">90-92<\/span><\/p>\n<\/td>\n<\/tr>\n<tr>\n<td>\n<p style=\"text-align: center;\"><span style=\"font-weight: 400;\">D\u00e0i v\u00e1y<\/span><\/p>\n<\/td>\n<td>\n<p style=\"text-align: center;\"><span style=\"font-weight: 400;\">143-147<\/span><\/p>\n<\/td>\n<\/tr>\n<\/tbody>\n<\/table>\n","protected":false},"featured_media":19650,"template":"","meta":[],"product_brand":[],"product_cat":[1363],"product_tag":[],"class_list":{"0":"post-19643","1":"product","2":"type-product","3":"status-publish","4":"has-post-thumbnail","6":"product_cat-thanh-ly-vay-cuoi","7":"pa_kieu-co-co-yem","8":"pa_kieu-lung-day-keo","9":"pa_mau-sac-trang-kem","11":"first","12":"outofstock","13":"sale","14":"shipping-taxable","15":"purchasable","16":"product-type-simple"},"_links":{"self":[{"href":"https:\/\/nicolebridal.vn\/en\/wp-json\/wp\/v2\/product\/19643","targetHints":{"allow":["GET"]}}],"collection":[{"href":"https:\/\/nicolebridal.vn\/en\/wp-json\/wp\/v2\/product"}],"about":[{"href":"https:\/\/nicolebridal.vn\/en\/wp-json\/wp\/v2\/types\/product"}],"wp:featuredmedia":[{"embeddable":true,"href":"https:\/\/nicolebridal.vn\/en\/wp-json\/wp\/v2\/media\/19650"}],"wp:attachment":[{"href":"https:\/\/nicolebridal.vn\/en\/wp-json\/wp\/v2\/media?parent=19643"}],"wp:term":[{"taxonomy":"product_brand","embeddable":true,"href":"https:\/\/nicolebridal.vn\/en\/wp-json\/wp\/v2\/product_brand?post=19643"},{"taxonomy":"product_cat","embeddable":true,"href":"https:\/\/nicolebridal.vn\/en\/wp-json\/wp\/v2\/product_cat?post=19643"},{"taxonomy":"product_tag","embeddable":true,"href":"https:\/\/nicolebridal.vn\/en\/wp-json\/wp\/v2\/product_tag?post=19643"}],"curies":[{"name":"wp","href":"https:\/\/api.w.org\/{rel}","templated":true}]}}