{"id":1965,"date":"2018-09-10T21:34:35","date_gmt":"2018-09-10T07:34:35","guid":{"rendered":"https:\/\/td.nicolebridal.vn\/ao-cuoi\/chua-phan-loai\/rosa\/"},"modified":"2023-03-29T22:31:52","modified_gmt":"2023-03-29T15:31:52","slug":"rosa","status":"publish","type":"product","link":"https:\/\/nicolebridal.vn\/en\/shop\/2018-collections\/classic-wedding-dress-collection\/rosa\/","title":{"rendered":"Mermaid Wedding Dress Rosa (18PM302)"},"content":{"rendered":"<p><img fetchpriority=\"high\" decoding=\"async\" class=\"aligncenter size-full wp-image-1944\" src=\"https:\/\/dichvuwebtot.com\/wp-content\/uploads\/2018\/09\/Rosa.jpg\" alt=\"\u00e1o c\u01b0\u1edbi c\u00f4ng ch\u00faa \u0111\u1eb9p\" width=\"600\" height=\"900\" srcset=\"https:\/\/cdn.nicolebridal.vn\/wp-content\/uploads\/2018\/09\/Rosa.jpg 600w, https:\/\/cdn.nicolebridal.vn\/wp-content\/uploads\/2018\/09\/Rosa-576x864.jpg 576w, https:\/\/cdn.nicolebridal.vn\/wp-content\/uploads\/2018\/09\/Rosa-100x150.jpg 100w, https:\/\/cdn.nicolebridal.vn\/wp-content\/uploads\/2018\/09\/Rosa-200x300.jpg 200w, https:\/\/cdn.nicolebridal.vn\/wp-content\/uploads\/2018\/09\/Rosa-299x449.jpg 299w\" sizes=\"(max-width: 600px) 100vw, 600px\" \/> <img decoding=\"async\" class=\"aligncenter size-full wp-image-1948\" src=\"https:\/\/dichvuwebtot.com\/wp-content\/uploads\/2018\/09\/Rosa-01.jpg\" alt=\"\" width=\"600\" height=\"900\" srcset=\"https:\/\/cdn.nicolebridal.vn\/wp-content\/uploads\/2018\/09\/Rosa-01.jpg 600w, https:\/\/cdn.nicolebridal.vn\/wp-content\/uploads\/2018\/09\/Rosa-01-576x864.jpg 576w, https:\/\/cdn.nicolebridal.vn\/wp-content\/uploads\/2018\/09\/Rosa-01-100x150.jpg 100w, https:\/\/cdn.nicolebridal.vn\/wp-content\/uploads\/2018\/09\/Rosa-01-200x300.jpg 200w, https:\/\/cdn.nicolebridal.vn\/wp-content\/uploads\/2018\/09\/Rosa-01-299x449.jpg 299w\" sizes=\"(max-width: 600px) 100vw, 600px\" \/> <img decoding=\"async\" class=\"aligncenter size-large wp-image-1947\" src=\"https:\/\/dichvuwebtot.com\/wp-content\/uploads\/2018\/09\/Rosa-02.jpg\" alt=\"\" width=\"600\" height=\"900\" srcset=\"https:\/\/cdn.nicolebridal.vn\/wp-content\/uploads\/2018\/09\/Rosa-02.jpg 600w, https:\/\/cdn.nicolebridal.vn\/wp-content\/uploads\/2018\/09\/Rosa-02-576x864.jpg 576w, https:\/\/cdn.nicolebridal.vn\/wp-content\/uploads\/2018\/09\/Rosa-02-100x150.jpg 100w, https:\/\/cdn.nicolebridal.vn\/wp-content\/uploads\/2018\/09\/Rosa-02-200x300.jpg 200w, https:\/\/cdn.nicolebridal.vn\/wp-content\/uploads\/2018\/09\/Rosa-02-299x449.jpg 299w\" sizes=\"(max-width: 600px) 100vw, 600px\" \/> <img loading=\"lazy\" decoding=\"async\" class=\"aligncenter size-large wp-image-1946\" src=\"https:\/\/dichvuwebtot.com\/wp-content\/uploads\/2018\/09\/Rosa-03.jpg\" alt=\"\" width=\"600\" height=\"900\" srcset=\"https:\/\/cdn.nicolebridal.vn\/wp-content\/uploads\/2018\/09\/Rosa-03.jpg 600w, https:\/\/cdn.nicolebridal.vn\/wp-content\/uploads\/2018\/09\/Rosa-03-576x864.jpg 576w, https:\/\/cdn.nicolebridal.vn\/wp-content\/uploads\/2018\/09\/Rosa-03-100x150.jpg 100w, https:\/\/cdn.nicolebridal.vn\/wp-content\/uploads\/2018\/09\/Rosa-03-200x300.jpg 200w, https:\/\/cdn.nicolebridal.vn\/wp-content\/uploads\/2018\/09\/Rosa-03-299x449.jpg 299w\" sizes=\"(max-width: 600px) 100vw, 600px\" \/> <img loading=\"lazy\" decoding=\"async\" class=\"aligncenter size-large wp-image-1945\" src=\"https:\/\/dichvuwebtot.com\/wp-content\/uploads\/2018\/09\/Rosa-04.jpg\" alt=\"\" width=\"600\" height=\"900\" srcset=\"https:\/\/cdn.nicolebridal.vn\/wp-content\/uploads\/2018\/09\/Rosa-04.jpg 600w, https:\/\/cdn.nicolebridal.vn\/wp-content\/uploads\/2018\/09\/Rosa-04-576x864.jpg 576w, https:\/\/cdn.nicolebridal.vn\/wp-content\/uploads\/2018\/09\/Rosa-04-100x150.jpg 100w, https:\/\/cdn.nicolebridal.vn\/wp-content\/uploads\/2018\/09\/Rosa-04-200x300.jpg 200w, https:\/\/cdn.nicolebridal.vn\/wp-content\/uploads\/2018\/09\/Rosa-04-299x449.jpg 299w\" sizes=\"(max-width: 600px) 100vw, 600px\" \/><\/p>\n","protected":false},"excerpt":{"rendered":"","protected":false},"featured_media":1944,"template":"","meta":[],"product_brand":[],"product_cat":[332],"product_tag":[1416],"class_list":{"0":"post-1965","1":"product","2":"type-product","3":"status-publish","4":"has-post-thumbnail","6":"product_cat-classic-wedding-dress-collection","7":"product_tag-premium-wedding-dress","8":"pa_chi-tiet-side-by-side-en","9":"pa_kieu-dang-ao-cuoi-mermaid-wedding-dress","10":"pa_mau-sac-off-white","12":"first","13":"instock","14":"shipping-taxable","15":"purchasable","16":"product-type-simple"},"_links":{"self":[{"href":"https:\/\/nicolebridal.vn\/en\/wp-json\/wp\/v2\/product\/1965","targetHints":{"allow":["GET"]}}],"collection":[{"href":"https:\/\/nicolebridal.vn\/en\/wp-json\/wp\/v2\/product"}],"about":[{"href":"https:\/\/nicolebridal.vn\/en\/wp-json\/wp\/v2\/types\/product"}],"wp:featuredmedia":[{"embeddable":true,"href":"https:\/\/nicolebridal.vn\/en\/wp-json\/wp\/v2\/media\/1944"}],"wp:attachment":[{"href":"https:\/\/nicolebridal.vn\/en\/wp-json\/wp\/v2\/media?parent=1965"}],"wp:term":[{"taxonomy":"product_brand","embeddable":true,"href":"https:\/\/nicolebridal.vn\/en\/wp-json\/wp\/v2\/product_brand?post=1965"},{"taxonomy":"product_cat","embeddable":true,"href":"https:\/\/nicolebridal.vn\/en\/wp-json\/wp\/v2\/product_cat?post=1965"},{"taxonomy":"product_tag","embeddable":true,"href":"https:\/\/nicolebridal.vn\/en\/wp-json\/wp\/v2\/product_tag?post=1965"}],"curies":[{"name":"wp","href":"https:\/\/api.w.org\/{rel}","templated":true}]}}