{"id":19865,"date":"2022-10-13T10:59:51","date_gmt":"2022-10-13T03:59:51","guid":{"rendered":"https:\/\/nicolebridal.vn\/?post_type=product&#038;p=19865"},"modified":"2025-12-31T11:38:44","modified_gmt":"2025-12-31T04:38:44","slug":"elara-22pa401","status":"publish","type":"product","link":"https:\/\/nicolebridal.vn\/en\/shop\/moon-lover\/elara-22pa401\/","title":{"rendered":"ELARA &#8211; 22PA401"},"content":{"rendered":"","protected":false},"excerpt":{"rendered":"<p>Chi\u1ebfc v\u00e1y c\u01b0\u1edbi c\u00f3 n\u01a1 l\u1edbn b\u1ea3n Elara \u0111\u1eadm d\u1ea5u \u1ea5n n\u00e0ng th\u01a1 nh\u1eb9 nh\u00e0ng v\u00e0 c\u1ed5 \u0111i\u1ec3n. \u0110\u01b0\u1ee3c l\u00e0m ho\u00e0n to\u00e0n t\u1eeb ch\u1ea5t li\u1ec7u Organza c\u00f3 \u0111\u1ed9 b\u00f3ng nh\u1eb9 v\u00e0 \u0111\u1ed9 r\u1ee7 t\u1ef1 nhi\u00ean, \u0111i\u1ec3m nh\u1ea5n c\u1ee7a chi\u1ebfc v\u00e1y c\u01b0\u1edbi ch\u00ednh l\u00e0 n\u01a1 l\u1edbn b\u1ea3n \u00f4m tr\u1ecdn v\u00f2ng ng\u1ef1c n\u00e0ng d\u00e2u. N\u1ebfu n\u00e0ng \u0111ang \u0111i t\u00ecm chi\u1ebfc v\u00e1y c\u01b0\u1edbi \u0111\u01a1n gi\u1ea3n thu\u1eadn ti\u1ec7n l\u00e0m v\u00e1y c\u00f4 d\u00e2u \u0111i b\u00e0n, \u0111\u1eebng v\u1ed9i b\u1ecf qua item nh\u1eb9 nh\u00e0ng n\u00e0y nh\u00e9.<\/p>\n","protected":false},"featured_media":19922,"template":"","meta":[],"product_brand":[],"product_cat":[1368],"product_tag":[1581,1580],"class_list":{"0":"post-19865","1":"product","2":"type-product","3":"status-publish","4":"has-post-thumbnail","6":"product_cat-bst-moon-lover","7":"product_tag-premium-wedding-dress","8":"product_tag-wedding-dress-nicole-bridal","9":"pa_chat-lieu-organza","10":"pa_dai-duoi-100cm","11":"pa_kich-co-m","12":"pa_kieu-co-strapless","13":"pa_kieu-dang-ao-cuoi-a-line-dress","14":"pa_kieu-lung-corset","15":"pa_kieu-tay-off-shoulder","16":"pa_mau-sac-off-white","18":"first","19":"instock","20":"shipping-taxable","21":"purchasable","22":"product-type-simple"},"_links":{"self":[{"href":"https:\/\/nicolebridal.vn\/en\/wp-json\/wp\/v2\/product\/19865","targetHints":{"allow":["GET"]}}],"collection":[{"href":"https:\/\/nicolebridal.vn\/en\/wp-json\/wp\/v2\/product"}],"about":[{"href":"https:\/\/nicolebridal.vn\/en\/wp-json\/wp\/v2\/types\/product"}],"wp:featuredmedia":[{"embeddable":true,"href":"https:\/\/nicolebridal.vn\/en\/wp-json\/wp\/v2\/media\/19922"}],"wp:attachment":[{"href":"https:\/\/nicolebridal.vn\/en\/wp-json\/wp\/v2\/media?parent=19865"}],"wp:term":[{"taxonomy":"product_brand","embeddable":true,"href":"https:\/\/nicolebridal.vn\/en\/wp-json\/wp\/v2\/product_brand?post=19865"},{"taxonomy":"product_cat","embeddable":true,"href":"https:\/\/nicolebridal.vn\/en\/wp-json\/wp\/v2\/product_cat?post=19865"},{"taxonomy":"product_tag","embeddable":true,"href":"https:\/\/nicolebridal.vn\/en\/wp-json\/wp\/v2\/product_tag?post=19865"}],"curies":[{"name":"wp","href":"https:\/\/api.w.org\/{rel}","templated":true}]}}