{"id":19970,"date":"2022-10-13T11:21:50","date_gmt":"2022-10-13T04:21:50","guid":{"rendered":"https:\/\/nicolebridal.vn\/?post_type=product&#038;p=19970"},"modified":"2026-01-23T16:26:12","modified_gmt":"2026-01-23T09:26:12","slug":"crescent-22pp403","status":"publish","type":"product","link":"https:\/\/nicolebridal.vn\/en\/shop\/moon-lover\/crescent-22pp403\/","title":{"rendered":"CRESCENT &#8211; 22PP403"},"content":{"rendered":"","protected":false},"excerpt":{"rendered":"<p>M\u1ed7i m\u1ed9t b\u1ed9 s\u01b0u t\u1eadp v\u00e1y c\u01b0\u1edbi m\u1edbi nh\u1ea5t, Nicole \u0111\u1ec1u \u01b0u \u00e1i t\u1ea1o n\u00ean item \u00e1o c\u01b0\u1edbi hoa \u0111\u1ea7y d\u1ecbu d\u00e0ng v\u00e0 n\u1eef t\u00ednh, cho nh\u1eefng n\u00e0ng d\u00e2u l\u00e3ng m\u1ea1n v\u00e0 bay b\u1ed5ng. Crescent v\u1edbi thi\u1ebft k\u1ebf tay \u00e1o s\u00e1t vai b\u1ea3n l\u1edbn, v\u1eadn d\u1ee5ng nh\u1eefng c\u00e1nh hoa l\u1ea5p \u0111\u1ea7y t\u1ea7ng tr\u00ean v\u00e1y c\u01b0\u1edbi t\u00f4 \u0111i\u1ec3m th\u00eam h\u01b0\u01a1ng s\u1eafc n\u00e0ng th\u01a1 \u0111\u01b0\u01a1ng \u0111\u1ed9 xu\u00e2n th\u00ec, m\u01a1n m\u1edfn nh\u01b0 hoa \u0111\u1ea7u m\u00f9a.<\/p>\n","protected":false},"featured_media":19904,"template":"","meta":[],"product_brand":[],"product_cat":[1368],"product_tag":[1555,1415],"class_list":{"0":"post-19970","1":"product","2":"type-product","3":"status-publish","4":"has-post-thumbnail","6":"product_cat-bst-moon-lover","7":"product_tag-vay-cuoi-ao-cuoi","8":"product_tag-vay-cuoi-premium","9":"pa_chat-lieu-hoa-3d","10":"pa_chat-lieu-luoi","11":"pa_chat-lieu-luoi-kim-tuyen","12":"pa_dai-duoi-100cm","13":"pa_kich-co-m","14":"pa_kieu-co-vuong","15":"pa_kieu-dang-ao-cuoi-ao-cuoi-cong-chua","16":"pa_kieu-lung-that-day","17":"pa_kieu-tay-sat-nach","18":"pa_mau-sac-trang-kem","20":"first","21":"instock","22":"shipping-taxable","23":"purchasable","24":"product-type-simple"},"_links":{"self":[{"href":"https:\/\/nicolebridal.vn\/en\/wp-json\/wp\/v2\/product\/19970","targetHints":{"allow":["GET"]}}],"collection":[{"href":"https:\/\/nicolebridal.vn\/en\/wp-json\/wp\/v2\/product"}],"about":[{"href":"https:\/\/nicolebridal.vn\/en\/wp-json\/wp\/v2\/types\/product"}],"wp:featuredmedia":[{"embeddable":true,"href":"https:\/\/nicolebridal.vn\/en\/wp-json\/wp\/v2\/media\/19904"}],"wp:attachment":[{"href":"https:\/\/nicolebridal.vn\/en\/wp-json\/wp\/v2\/media?parent=19970"}],"wp:term":[{"taxonomy":"product_brand","embeddable":true,"href":"https:\/\/nicolebridal.vn\/en\/wp-json\/wp\/v2\/product_brand?post=19970"},{"taxonomy":"product_cat","embeddable":true,"href":"https:\/\/nicolebridal.vn\/en\/wp-json\/wp\/v2\/product_cat?post=19970"},{"taxonomy":"product_tag","embeddable":true,"href":"https:\/\/nicolebridal.vn\/en\/wp-json\/wp\/v2\/product_tag?post=19970"}],"curies":[{"name":"wp","href":"https:\/\/api.w.org\/{rel}","templated":true}]}}