{"id":19971,"date":"2022-10-13T11:26:18","date_gmt":"2022-10-13T04:26:18","guid":{"rendered":"https:\/\/nicolebridal.vn\/?post_type=product&#038;p=19971"},"modified":"2026-01-23T16:26:05","modified_gmt":"2026-01-23T09:26:05","slug":"hala-22pp404","status":"publish","type":"product","link":"https:\/\/nicolebridal.vn\/en\/shop\/moon-lover\/hala-22pp404\/","title":{"rendered":"HALA &#8211; 22PP404"},"content":{"rendered":"","protected":false},"excerpt":{"rendered":"<p>Chi\u1ebfc v\u00e1y c\u01b0\u1edbi tay ph\u1ed3ng \u0111\u1ed9c l\u1ea1 l\u00e0 item m\u1edbi nh\u1ea5t m\u00e0 Nicole Bridal d\u00e0nh t\u1eb7ng cho n\u00e0ng d\u00e2u y\u00eau th\u00edch v\u1ebb \u0111\u1eb9p c\u1ed5 \u0111i\u1ec3n. Hala l\u00e0 m\u1eabu v\u00e1y c\u01b0\u1edbi cho c\u00f4 d\u00e2u g\u1ea7y, mong manh b\u1edfi chi\u1ebfc tay \u00e1o c\u00f3 th\u1ec3 gi\u00fap n\u00e0ng kh\u1eafc ph\u1ee5c \u0111i\u1ec3m y\u1ebfu x\u01b0\u01a1ng vai m\u1ea3nh kh\u1ea3nh. H\u01a1n n\u1eefa, chi ti\u1ebft ren hoa \u0111\u00ednh k\u1ebft theo h\u01b0\u1edbng ch\u1eef T gi\u00fap v\u00f2ng eo c\u1ee7a n\u00e0ng tr\u00f4ng th\u1eadt nh\u1ecf g\u1ecdn.<\/p>\n","protected":false},"featured_media":19934,"template":"","meta":[],"product_brand":[],"product_cat":[1368],"product_tag":[1555,1415],"class_list":{"0":"post-19971","1":"product","2":"type-product","3":"status-publish","4":"has-post-thumbnail","6":"product_cat-bst-moon-lover","7":"product_tag-vay-cuoi-ao-cuoi","8":"product_tag-vay-cuoi-premium","9":"pa_chat-lieu-luoi-kim-tuyen","10":"pa_chat-lieu-pha-le","11":"pa_chat-lieu-ren","12":"pa_dai-duoi-150cm","13":"pa_kich-co-m","14":"pa_kieu-co-vuong","15":"pa_kieu-dang-ao-cuoi-ao-cuoi-cong-chua","16":"pa_kieu-lung-that-day","17":"pa_kieu-tay-tay-dai","18":"pa_mau-sac-trang-kem","20":"first","21":"instock","22":"shipping-taxable","23":"purchasable","24":"product-type-simple"},"_links":{"self":[{"href":"https:\/\/nicolebridal.vn\/en\/wp-json\/wp\/v2\/product\/19971","targetHints":{"allow":["GET"]}}],"collection":[{"href":"https:\/\/nicolebridal.vn\/en\/wp-json\/wp\/v2\/product"}],"about":[{"href":"https:\/\/nicolebridal.vn\/en\/wp-json\/wp\/v2\/types\/product"}],"wp:featuredmedia":[{"embeddable":true,"href":"https:\/\/nicolebridal.vn\/en\/wp-json\/wp\/v2\/media\/19934"}],"wp:attachment":[{"href":"https:\/\/nicolebridal.vn\/en\/wp-json\/wp\/v2\/media?parent=19971"}],"wp:term":[{"taxonomy":"product_brand","embeddable":true,"href":"https:\/\/nicolebridal.vn\/en\/wp-json\/wp\/v2\/product_brand?post=19971"},{"taxonomy":"product_cat","embeddable":true,"href":"https:\/\/nicolebridal.vn\/en\/wp-json\/wp\/v2\/product_cat?post=19971"},{"taxonomy":"product_tag","embeddable":true,"href":"https:\/\/nicolebridal.vn\/en\/wp-json\/wp\/v2\/product_tag?post=19971"}],"curies":[{"name":"wp","href":"https:\/\/api.w.org\/{rel}","templated":true}]}}