{"id":19972,"date":"2022-10-13T11:32:52","date_gmt":"2022-10-13T04:32:52","guid":{"rendered":"https:\/\/nicolebridal.vn\/?post_type=product&#038;p=19972"},"modified":"2025-12-31T11:42:00","modified_gmt":"2025-12-31T04:42:00","slug":"amaris-22pa405","status":"publish","type":"product","link":"https:\/\/nicolebridal.vn\/en\/shop\/moon-lover\/amaris-22pa405\/","title":{"rendered":"AMARIS &#8211; 22PA405"},"content":{"rendered":"","protected":false},"excerpt":{"rendered":"<p>Thanh l\u1ecbch, d\u1ecbu d\u00e0ng v\u00e0 tinh t\u1ebf l\u00e0 nh\u1eefng t\u00ednh t\u1eeb ph\u00f9 h\u1ee3p nh\u1ea5t cho chi\u1ebfc v\u00e1y c\u01b0\u1edbi l\u1ee5a satin Amaris. Thi\u1ebft k\u1ebf v\u00e1y c\u01b0\u1edbi \u0111i\u1ec3n h\u00ecnh cho tinh th\u1ea7n c\u1ed5 \u0111i\u1ec3n ch\u00e2u \u00c2u v\u1edbi ch\u1ea5t li\u1ec7u l\u1ee5a cao c\u1ea5p, t\u1eadp trung v\u00e0o k\u1ef9 thu\u1eadt may \u0111o d\u1ef1ng form chu\u1ea9n, kh\u00f4ng sa \u0111\u00e0 v\u00e0o nh\u1eefng chi ti\u1ebft th\u00eau hoa hay \u0111\u00ednh h\u1ea1t. \u1ea4y v\u1eady m\u00e0 s\u1ef1 s\u1eafp x\u1ebfp n\u1ebfp g\u1ea5p m\u1ea3nh \u0111\u1eafp ch\u00e9o, tay \u00e1o r\u1edbt vai c\u00e0ng t\u00f4n l\u00ean v\u1ebb \u0111\u1eb9p c\u1ee7a chi\u1ebfc eo thon m\u00e0 n\u00e0ng \u0111ang s\u1edf h\u1eefu.<\/p>\n","protected":false},"featured_media":19870,"template":"","meta":[],"product_brand":[],"product_cat":[1368],"product_tag":[1555,1415],"class_list":{"0":"post-19972","1":"product","2":"type-product","3":"status-publish","4":"has-post-thumbnail","6":"product_cat-bst-moon-lover","7":"product_tag-vay-cuoi-ao-cuoi","8":"product_tag-vay-cuoi-premium","9":"pa_chat-lieu-lua-satin","10":"pa_dai-duoi-100cm","11":"pa_kich-co-m","12":"pa_kieu-co-co-v","13":"pa_kieu-dang-ao-cuoi-ao-cuoi-chu-a","14":"pa_kieu-lung-that-day","15":"pa_kieu-tay-rot-vai","16":"pa_mau-sac-trang-kem","18":"first","19":"instock","20":"shipping-taxable","21":"purchasable","22":"product-type-simple"},"_links":{"self":[{"href":"https:\/\/nicolebridal.vn\/en\/wp-json\/wp\/v2\/product\/19972","targetHints":{"allow":["GET"]}}],"collection":[{"href":"https:\/\/nicolebridal.vn\/en\/wp-json\/wp\/v2\/product"}],"about":[{"href":"https:\/\/nicolebridal.vn\/en\/wp-json\/wp\/v2\/types\/product"}],"wp:featuredmedia":[{"embeddable":true,"href":"https:\/\/nicolebridal.vn\/en\/wp-json\/wp\/v2\/media\/19870"}],"wp:attachment":[{"href":"https:\/\/nicolebridal.vn\/en\/wp-json\/wp\/v2\/media?parent=19972"}],"wp:term":[{"taxonomy":"product_brand","embeddable":true,"href":"https:\/\/nicolebridal.vn\/en\/wp-json\/wp\/v2\/product_brand?post=19972"},{"taxonomy":"product_cat","embeddable":true,"href":"https:\/\/nicolebridal.vn\/en\/wp-json\/wp\/v2\/product_cat?post=19972"},{"taxonomy":"product_tag","embeddable":true,"href":"https:\/\/nicolebridal.vn\/en\/wp-json\/wp\/v2\/product_tag?post=19972"}],"curies":[{"name":"wp","href":"https:\/\/api.w.org\/{rel}","templated":true}]}}