{"id":19974,"date":"2022-10-13T11:37:51","date_gmt":"2022-10-13T04:37:51","guid":{"rendered":"https:\/\/nicolebridal.vn\/?post_type=product&#038;p=19974"},"modified":"2026-01-21T19:20:48","modified_gmt":"2026-01-21T12:20:48","slug":"aruna-22lp406","status":"publish","type":"product","link":"https:\/\/nicolebridal.vn\/en\/shop\/moon-lover\/aruna-22lp406\/","title":{"rendered":"ARUNA &#8211; 22LP406"},"content":{"rendered":"","protected":false},"excerpt":{"rendered":"<p>Thi\u1ebft k\u1ebf v\u00e1y c\u01b0\u1edbi Aruna n\u1ec1n n\u00e3, h\u00fat m\u1eaft v\u1edbi ph\u1ea7n tay r\u1edbt vai ch\u1ea5t li\u1ec7u l\u01b0\u1edbi t\u1ea1o c\u1ea3m gi\u00e1c b\u1ec1nh b\u1ed3ng, n\u00ean th\u01a1. Nh\u1eefng nh\u00e0 thi\u1ebft k\u1ebf s\u1eed d\u1ee5ng k\u1ef9 thu\u1eadt d\u1ef1ng g\u1ecdng corset chu\u1ea9n \u0111\u1ecbnh h\u00ecnh form v\u00e1y c\u01b0\u1edbi, \u00f4m s\u00e1t v\u00f3c d\u00e1ng n\u00e0ng d\u00e2u. \u0110i\u1ec3m l\u00e0m n\u00ean s\u1ee9c h\u00fat \u201c\u0111\u1eadm ch\u1ea5t n\u00e0ng th\u01a1\u201d c\u1ee7a Aruna l\u00e0 nh\u1eefng nh\u00e1nh hoa nh\u00ed \u0111i\u1ec3m d\u1ecdc \u0111ai eo, mang c\u1ea3 v\u01b0\u1eddn xu\u00e2n nho nh\u1ecf v\u00e0o chi\u1ebfc v\u00e1y c\u1ee7a n\u00e0ng d\u00e2u.<\/p>\n","protected":false},"featured_media":19878,"template":"","meta":[],"product_brand":[],"product_cat":[1368],"product_tag":[1555,1417],"class_list":{"0":"post-19974","1":"product","2":"type-product","3":"status-publish","4":"has-post-thumbnail","6":"product_cat-bst-moon-lover","7":"product_tag-vay-cuoi-ao-cuoi","8":"product_tag-vay-cuoi-luxury","9":"pa_chat-lieu-hat-pha-le","10":"pa_chat-lieu-luoi-kim-tuyen","11":"pa_dai-duoi-150cm","12":"pa_kich-co-m","13":"pa_kieu-co-vai-ngang","14":"pa_kieu-dang-ao-cuoi-ao-cuoi-cong-chua","15":"pa_kieu-lung-that-day","16":"pa_kieu-tay-rot-vai","17":"pa_mau-sac-trang-kem","19":"first","20":"instock","21":"shipping-taxable","22":"purchasable","23":"product-type-simple"},"_links":{"self":[{"href":"https:\/\/nicolebridal.vn\/en\/wp-json\/wp\/v2\/product\/19974","targetHints":{"allow":["GET"]}}],"collection":[{"href":"https:\/\/nicolebridal.vn\/en\/wp-json\/wp\/v2\/product"}],"about":[{"href":"https:\/\/nicolebridal.vn\/en\/wp-json\/wp\/v2\/types\/product"}],"wp:featuredmedia":[{"embeddable":true,"href":"https:\/\/nicolebridal.vn\/en\/wp-json\/wp\/v2\/media\/19878"}],"wp:attachment":[{"href":"https:\/\/nicolebridal.vn\/en\/wp-json\/wp\/v2\/media?parent=19974"}],"wp:term":[{"taxonomy":"product_brand","embeddable":true,"href":"https:\/\/nicolebridal.vn\/en\/wp-json\/wp\/v2\/product_brand?post=19974"},{"taxonomy":"product_cat","embeddable":true,"href":"https:\/\/nicolebridal.vn\/en\/wp-json\/wp\/v2\/product_cat?post=19974"},{"taxonomy":"product_tag","embeddable":true,"href":"https:\/\/nicolebridal.vn\/en\/wp-json\/wp\/v2\/product_tag?post=19974"}],"curies":[{"name":"wp","href":"https:\/\/api.w.org\/{rel}","templated":true}]}}