{"id":19975,"date":"2022-10-13T11:41:53","date_gmt":"2022-10-13T04:41:53","guid":{"rendered":"https:\/\/nicolebridal.vn\/?post_type=product&#038;p=19975"},"modified":"2026-01-21T19:20:41","modified_gmt":"2026-01-21T12:20:41","slug":"larissa-22lp407","status":"publish","type":"product","link":"https:\/\/nicolebridal.vn\/en\/shop\/moon-lover\/larissa-22lp407\/","title":{"rendered":"LARISSA &#8211; 22LP407"},"content":{"rendered":"","protected":false},"excerpt":{"rendered":"<p>V\u00e1y c\u01b0\u1edbi hoa d\u00e1ng c\u00f4ng ch\u00faa x\u00f2e ph\u1ed3ng l\u1edbn Larissa l\u00e0 s\u1ef1 t\u1ed5ng h\u00f2a c\u1ee7a v\u1ebb \u0111\u1eb9p d\u1ecbu d\u00e0ng trong s\u1eafc tr\u1eafng tinh kh\u00f4i. M\u1ed9t chi\u1ebfc v\u00e1y c\u01b0\u1edbi \u0111\u1ea7y ch\u1ea5t th\u01a1 \u0111\u01b0\u1ee3c l\u00e0m t\u1eeb ch\u1ea5t li\u1ec7u L\u01b0\u1edbi, L\u01b0\u1edbi kim tuy\u1ebfn, Ren v\u00e0 \u0111i\u1ec3m nh\u1ea5n \u0111\u1eb7c bi\u1ec7t l\u00e0 d\u1ea3i hoa 3D v\u1eaft ch\u00e9o \u0111\u1ea7y kh\u00e1c l\u1ea1 v\u00e0 n\u1ed5i b\u1eadt. M\u1ed9t si\u00eau ph\u1ea9m \u0111\u1ea7m c\u01b0\u1edbi r\u1edbt vai n\u1eef t\u00ednh \u0111\u1ee3i n\u00e0ng di\u1ec7n cho ng\u00e0y \u0111\u1eb7c bi\u1ec7t s\u1eafp t\u1edbi.<\/p>\n","protected":false},"featured_media":19944,"template":"","meta":[],"product_brand":[],"product_cat":[1368],"product_tag":[1555,1417],"class_list":{"0":"post-19975","1":"product","2":"type-product","3":"status-publish","4":"has-post-thumbnail","6":"product_cat-bst-moon-lover","7":"product_tag-vay-cuoi-ao-cuoi","8":"product_tag-vay-cuoi-luxury","9":"pa_chat-lieu-hoa-3d","10":"pa_chat-lieu-luoi","11":"pa_chat-lieu-luoi-kim-tuyen","12":"pa_chat-lieu-ren","13":"pa_dai-duoi-150cm","14":"pa_kich-co-m","15":"pa_kieu-co-cup-nguc","16":"pa_kieu-dang-ao-cuoi-ao-cuoi-cong-chua","17":"pa_kieu-lung-that-day","18":"pa_kieu-tay-rot-vai","19":"pa_mau-sac-trang-kem","21":"first","22":"instock","23":"shipping-taxable","24":"purchasable","25":"product-type-simple"},"_links":{"self":[{"href":"https:\/\/nicolebridal.vn\/en\/wp-json\/wp\/v2\/product\/19975","targetHints":{"allow":["GET"]}}],"collection":[{"href":"https:\/\/nicolebridal.vn\/en\/wp-json\/wp\/v2\/product"}],"about":[{"href":"https:\/\/nicolebridal.vn\/en\/wp-json\/wp\/v2\/types\/product"}],"wp:featuredmedia":[{"embeddable":true,"href":"https:\/\/nicolebridal.vn\/en\/wp-json\/wp\/v2\/media\/19944"}],"wp:attachment":[{"href":"https:\/\/nicolebridal.vn\/en\/wp-json\/wp\/v2\/media?parent=19975"}],"wp:term":[{"taxonomy":"product_brand","embeddable":true,"href":"https:\/\/nicolebridal.vn\/en\/wp-json\/wp\/v2\/product_brand?post=19975"},{"taxonomy":"product_cat","embeddable":true,"href":"https:\/\/nicolebridal.vn\/en\/wp-json\/wp\/v2\/product_cat?post=19975"},{"taxonomy":"product_tag","embeddable":true,"href":"https:\/\/nicolebridal.vn\/en\/wp-json\/wp\/v2\/product_tag?post=19975"}],"curies":[{"name":"wp","href":"https:\/\/api.w.org\/{rel}","templated":true}]}}