{"id":19978,"date":"2022-10-13T12:00:26","date_gmt":"2022-10-13T05:00:26","guid":{"rendered":"https:\/\/nicolebridal.vn\/?post_type=product&#038;p=19978"},"modified":"2025-12-31T11:39:43","modified_gmt":"2025-12-31T04:39:43","slug":"nikini-22pm409","status":"publish","type":"product","link":"https:\/\/nicolebridal.vn\/en\/shop\/moon-lover\/nikini-22pm409\/","title":{"rendered":"NIKINI &#8211; 22PM409"},"content":{"rendered":"","protected":false},"excerpt":{"rendered":"<p>M\u1ed9t chi\u1ebfc v\u00e1y c\u01b0\u1edbi r\u1edbt vai nh\u1eb9 nh\u00e0ng d\u00e1ng \u0111u\u00f4i c\u00e1 \u0111\u01b0\u1ee3c Nicole Bridal ch\u0103m ch\u00fat t\u1ec9 m\u1ec9 t\u1eebng \u0111\u01b0\u1eddng kim m\u0169i ch\u1ec9. Tay \u00e1o r\u1edbt vai c\u00e1ch \u0111i\u1ec7u v\u1edbi n\u00fat th\u1eaft \u0111\u1ed9c \u0111\u00e1o tr\u01b0\u1edbc ng\u1ef1c tr\u1edf th\u00e0nh \u0111i\u1ec3m nh\u1ea5n \u0111\u1ea7y kh\u00e1c bi\u1ec7t.<\/p>\n<p>Ch\u1ea5t v\u1ea3i Mikado Satin nh\u1eb9 nh\u00e0ng, \u00f3ng \u00e1nh v\u00e0 mang \u0111\u1ebfn c\u1ea3m gi\u00e1c c\u1ef1c k\u1ef3 m\u1ec1m m\u1ea1i, t\u00f4 \u0111i\u1ec3m th\u00eam n\u00e9t d\u1ecbu d\u00e0ng khi n\u00e0ng d\u00e2u kho\u00e1c l\u00ean m\u00ecnh. V\u00e1y c\u01b0\u1edbi \u0111u\u00f4i c\u00e1 x\u00f2e nh\u1eb9 Nikini gi\u00fap n\u00e0ng tho\u1ea3i m\u00e1i di\u1ec7n m\u00e0 ch\u1eb3ng lo h\u1edf b\u1ea1o.<\/p>\n","protected":false},"featured_media":19958,"template":"","meta":[],"product_brand":[],"product_cat":[1368],"product_tag":[1555,1415],"class_list":{"0":"post-19978","1":"product","2":"type-product","3":"status-publish","4":"has-post-thumbnail","6":"product_cat-bst-moon-lover","7":"product_tag-vay-cuoi-ao-cuoi","8":"product_tag-vay-cuoi-premium","9":"pa_chat-lieu-mikado-satin","10":"pa_dai-duoi-150cm","11":"pa_kich-co-m","12":"pa_kieu-co-co-v","13":"pa_kieu-dang-ao-cuoi-ao-cuoi-duoi-ca","14":"pa_kieu-lung-that-day","15":"pa_kieu-tay-rot-vai","16":"pa_mau-sac-trang-kem","18":"first","19":"instock","20":"shipping-taxable","21":"purchasable","22":"product-type-simple"},"_links":{"self":[{"href":"https:\/\/nicolebridal.vn\/en\/wp-json\/wp\/v2\/product\/19978","targetHints":{"allow":["GET"]}}],"collection":[{"href":"https:\/\/nicolebridal.vn\/en\/wp-json\/wp\/v2\/product"}],"about":[{"href":"https:\/\/nicolebridal.vn\/en\/wp-json\/wp\/v2\/types\/product"}],"wp:featuredmedia":[{"embeddable":true,"href":"https:\/\/nicolebridal.vn\/en\/wp-json\/wp\/v2\/media\/19958"}],"wp:attachment":[{"href":"https:\/\/nicolebridal.vn\/en\/wp-json\/wp\/v2\/media?parent=19978"}],"wp:term":[{"taxonomy":"product_brand","embeddable":true,"href":"https:\/\/nicolebridal.vn\/en\/wp-json\/wp\/v2\/product_brand?post=19978"},{"taxonomy":"product_cat","embeddable":true,"href":"https:\/\/nicolebridal.vn\/en\/wp-json\/wp\/v2\/product_cat?post=19978"},{"taxonomy":"product_tag","embeddable":true,"href":"https:\/\/nicolebridal.vn\/en\/wp-json\/wp\/v2\/product_tag?post=19978"}],"curies":[{"name":"wp","href":"https:\/\/api.w.org\/{rel}","templated":true}]}}