{"id":26537,"date":"2022-09-25T16:43:30","date_gmt":"2022-09-25T09:43:30","guid":{"rendered":"https:\/\/nicolebridal.vn\/shop\/uncategorized\/vay-cuoi-thanh-ly-co-dau-vy-do\/"},"modified":"2023-09-23T01:18:16","modified_gmt":"2023-09-22T18:18:16","slug":"vay-cuoi-thanh-ly-co-dau-vy-do","status":"publish","type":"product","link":"https:\/\/nicolebridal.vn\/en\/shop\/samples-sales\/vay-cuoi-thanh-ly-co-dau-vy-do\/","title":{"rendered":"Offshoulder A-line dress TL22002"},"content":{"rendered":"","protected":false},"excerpt":{"rendered":"<p>V\u00e1y c\u01b0\u1edbi Minimal \u0111\u01a1n gi\u1ea3n tr\u00ean n\u1ec1n ch\u1ea5t li\u1ec7u Organza m\u00e0u v\u00e0ng gold, c\u00e1ch \u0111i\u1ec7u b\u1edfi nh\u1eefng n\u1ebfp x\u1ebfp 2 b\u00ean vai. The lining uses smooth silk to help her experience a more comfortable and flattering wedding day.<\/p>\n<table>\n<tbody>\n<tr>\n<td>\n<p style=\"text-align: center;\"><strong>Details<\/strong><\/p>\n<\/td>\n<td>\n<p style=\"text-align: center;\"><strong>Measurement (cm)<\/strong><\/p>\n<\/td>\n<\/tr>\n<tr>\n<td>\n<p style=\"text-align: center;\"><span style=\"font-weight: 400;\">Chest<\/span><\/p>\n<\/td>\n<td>\n<p style=\"text-align: center;\"><span style=\"font-weight: 400;\">81-85<\/span><\/p>\n<\/td>\n<\/tr>\n<tr>\n<td>\n<p style=\"text-align: center;\"><span style=\"font-weight: 400;\">Waist <\/span><\/p>\n<\/td>\n<td>\n<p style=\"text-align: center;\"><span style=\"font-weight: 400;\">62-65<\/span><\/p>\n<\/td>\n<\/tr>\n<tr>\n<td>\n<p style=\"text-align: center;\"><span style=\"font-weight: 400;\">Dress length<\/span><\/p>\n<\/td>\n<td>\n<p style=\"text-align: center;\"><span style=\"font-weight: 400;\">138-144<\/span><\/p>\n<\/td>\n<\/tr>\n<\/tbody>\n<\/table>\n","protected":false},"featured_media":19632,"template":"","meta":[],"product_brand":[],"product_cat":[1489],"product_tag":[],"class_list":{"0":"post-26537","1":"product","2":"type-product","3":"status-publish","4":"has-post-thumbnail","6":"product_cat-samples-sales","7":"pa_chi-tiet-off-shoulder","8":"pa_kieu-dang-ao-cuoi-letter-a-wedding-dress","9":"pa_kieu-lung-corset","10":"pa_kieu-tay-off-shoulder","11":"pa_mau-sac-champagne","13":"first","14":"outofstock","15":"sale","16":"shipping-taxable","17":"purchasable","18":"product-type-simple"},"_links":{"self":[{"href":"https:\/\/nicolebridal.vn\/en\/wp-json\/wp\/v2\/product\/26537","targetHints":{"allow":["GET"]}}],"collection":[{"href":"https:\/\/nicolebridal.vn\/en\/wp-json\/wp\/v2\/product"}],"about":[{"href":"https:\/\/nicolebridal.vn\/en\/wp-json\/wp\/v2\/types\/product"}],"wp:featuredmedia":[{"embeddable":true,"href":"https:\/\/nicolebridal.vn\/en\/wp-json\/wp\/v2\/media\/19632"}],"wp:attachment":[{"href":"https:\/\/nicolebridal.vn\/en\/wp-json\/wp\/v2\/media?parent=26537"}],"wp:term":[{"taxonomy":"product_brand","embeddable":true,"href":"https:\/\/nicolebridal.vn\/en\/wp-json\/wp\/v2\/product_brand?post=26537"},{"taxonomy":"product_cat","embeddable":true,"href":"https:\/\/nicolebridal.vn\/en\/wp-json\/wp\/v2\/product_cat?post=26537"},{"taxonomy":"product_tag","embeddable":true,"href":"https:\/\/nicolebridal.vn\/en\/wp-json\/wp\/v2\/product_tag?post=26537"}],"curies":[{"name":"wp","href":"https:\/\/api.w.org\/{rel}","templated":true}]}}