{"id":26767,"date":"2023-10-03T10:45:32","date_gmt":"2023-10-03T03:45:32","guid":{"rendered":"https:\/\/nicolebridal.vn\/?post_type=product&#038;p=26767"},"modified":"2026-03-29T13:55:29","modified_gmt":"2026-03-29T06:55:29","slug":"khan-dong-nu-co-dau-mau-hong-man108","status":"publish","type":"product","link":"https:\/\/nicolebridal.vn\/en\/shop\/headband\/khan-dong-nu-co-dau-mau-hong-man108\/","title":{"rendered":"Kh\u0103n \u0111\u00f3ng n\u1eef c\u00f4 d\u00e2u m\u00e0u h\u1ed3ng (MAN108)"},"content":{"rendered":"","protected":false},"excerpt":{"rendered":"","protected":false},"featured_media":26770,"template":"","meta":[],"product_brand":[],"product_cat":[1470,1468],"product_tag":[],"class_list":{"0":"post-26767","1":"product","2":"type-product","3":"status-publish","4":"has-post-thumbnail","6":"product_cat-man","7":"product_cat-phu-kien","8":"pa_chat-lieu-lua-2","9":"pa_mau-sac-hong","11":"first","12":"instock","13":"shipping-taxable","14":"purchasable","15":"product-type-simple"},"_links":{"self":[{"href":"https:\/\/nicolebridal.vn\/en\/wp-json\/wp\/v2\/product\/26767","targetHints":{"allow":["GET"]}}],"collection":[{"href":"https:\/\/nicolebridal.vn\/en\/wp-json\/wp\/v2\/product"}],"about":[{"href":"https:\/\/nicolebridal.vn\/en\/wp-json\/wp\/v2\/types\/product"}],"wp:featuredmedia":[{"embeddable":true,"href":"https:\/\/nicolebridal.vn\/en\/wp-json\/wp\/v2\/media\/26770"}],"wp:attachment":[{"href":"https:\/\/nicolebridal.vn\/en\/wp-json\/wp\/v2\/media?parent=26767"}],"wp:term":[{"taxonomy":"product_brand","embeddable":true,"href":"https:\/\/nicolebridal.vn\/en\/wp-json\/wp\/v2\/product_brand?post=26767"},{"taxonomy":"product_cat","embeddable":true,"href":"https:\/\/nicolebridal.vn\/en\/wp-json\/wp\/v2\/product_cat?post=26767"},{"taxonomy":"product_tag","embeddable":true,"href":"https:\/\/nicolebridal.vn\/en\/wp-json\/wp\/v2\/product_tag?post=26767"}],"curies":[{"name":"wp","href":"https:\/\/api.w.org\/{rel}","templated":true}]}}