{"id":26778,"date":"2023-10-03T10:56:45","date_gmt":"2023-10-03T03:56:45","guid":{"rendered":"https:\/\/nicolebridal.vn\/?post_type=product&#038;p=26778"},"modified":"2026-03-29T13:55:13","modified_gmt":"2026-03-29T06:55:13","slug":"khan-dong-nu-co-dau-mau-do-man110","status":"publish","type":"product","link":"https:\/\/nicolebridal.vn\/en\/shop\/headband\/khan-dong-nu-co-dau-mau-do-man110\/","title":{"rendered":"Kh\u0103n \u0111\u00f3ng n\u1eef c\u00f4 d\u00e2u m\u00e0u \u0111\u1ecf (MAN110)"},"content":{"rendered":"","protected":false},"excerpt":{"rendered":"","protected":false},"featured_media":26782,"template":"","meta":[],"product_brand":[],"product_cat":[1470,1468],"product_tag":[],"class_list":{"0":"post-26778","1":"product","2":"type-product","3":"status-publish","4":"has-post-thumbnail","6":"product_cat-man","7":"product_cat-phu-kien","8":"pa_chat-lieu-lua-2","9":"pa_mau-sac-do","11":"first","12":"instock","13":"shipping-taxable","14":"purchasable","15":"product-type-simple"},"_links":{"self":[{"href":"https:\/\/nicolebridal.vn\/en\/wp-json\/wp\/v2\/product\/26778","targetHints":{"allow":["GET"]}}],"collection":[{"href":"https:\/\/nicolebridal.vn\/en\/wp-json\/wp\/v2\/product"}],"about":[{"href":"https:\/\/nicolebridal.vn\/en\/wp-json\/wp\/v2\/types\/product"}],"wp:featuredmedia":[{"embeddable":true,"href":"https:\/\/nicolebridal.vn\/en\/wp-json\/wp\/v2\/media\/26782"}],"wp:attachment":[{"href":"https:\/\/nicolebridal.vn\/en\/wp-json\/wp\/v2\/media?parent=26778"}],"wp:term":[{"taxonomy":"product_brand","embeddable":true,"href":"https:\/\/nicolebridal.vn\/en\/wp-json\/wp\/v2\/product_brand?post=26778"},{"taxonomy":"product_cat","embeddable":true,"href":"https:\/\/nicolebridal.vn\/en\/wp-json\/wp\/v2\/product_cat?post=26778"},{"taxonomy":"product_tag","embeddable":true,"href":"https:\/\/nicolebridal.vn\/en\/wp-json\/wp\/v2\/product_tag?post=26778"}],"curies":[{"name":"wp","href":"https:\/\/api.w.org\/{rel}","templated":true}]}}