{"id":3101,"date":"2019-02-15T22:48:29","date_gmt":"2019-02-15T08:48:29","guid":{"rendered":"https:\/\/td.nicolebridal.vn\/ao-cuoi\/chua-phan-loai\/gladious\/"},"modified":"2023-03-29T22:31:32","modified_gmt":"2023-03-29T15:31:32","slug":"gladious","status":"publish","type":"product","link":"https:\/\/nicolebridal.vn\/en\/shop\/floral-2019\/gladious\/","title":{"rendered":"Princess Wedding Dress Gladious (19PP102)"},"content":{"rendered":"<table dir=\"ltr\" border=\"1\" cellspacing=\"0\" cellpadding=\"0\">\n<tbody>\n<tr>\n<td data-sheets-value=\"{&quot;1&quot;:2,&quot;2&quot;:&quot;M\u00c0U S\u1eaeC&quot;}\">COLOR<\/td>\n<td data-sheets-value=\"{&quot;1&quot;:2,&quot;2&quot;:&quot;TR\u1eaeNG&quot;}\">OFF-WHITE<\/td>\n<\/tr>\n<tr>\n<td data-sheets-value=\"{&quot;1&quot;:2,&quot;2&quot;:&quot;PHOM V\u00c1Y&quot;}\">DRESS FORM<\/td>\n<td data-sheets-value=\"{&quot;1&quot;:2,&quot;2&quot;:&quot;V\u00c1Y CH\u1eee A&quot;}\">PRINCESS<\/td>\n<\/tr>\n<tr>\n<td data-sheets-value=\"{&quot;1&quot;:2,&quot;2&quot;:&quot;SIZE&quot;}\">SIZE<\/td>\n<td data-sheets-value=\"{&quot;1&quot;:2,&quot;2&quot;:&quot;M&quot;}\">M \u2013 38<\/td>\n<\/tr>\n<tr>\n<td data-sheets-value=\"{&quot;1&quot;:2,&quot;2&quot;:&quot;CH\u1ea4T LI\u1ec6U&quot;}\">MARERIAL<\/td>\n<td data-sheets-value=\"{&quot;1&quot;:2,&quot;2&quot;:&quot;L\u01af\u1edaI REN&quot;}\">LACE, SATIN<\/td>\n<\/tr>\n<tr>\n<td data-sheets-value=\"{&quot;1&quot;:2,&quot;2&quot;:&quot;KI\u1ec2U C\u1ed4&quot;}\">NECK STYLE<\/td>\n<td data-sheets-value=\"{&quot;1&quot;:2,&quot;2&quot;:&quot;C\u00daP NGANG&quot;}\">V NECK<\/td>\n<\/tr>\n<tr>\n<td data-sheets-value=\"{&quot;1&quot;:2,&quot;2&quot;:&quot;KI\u1ec2U TAY&quot;}\">SLEEVE STYLE<\/td>\n<td data-sheets-value=\"{&quot;1&quot;:2,&quot;2&quot;:&quot;VAI NGANG&quot;}\">LONG SLEEVES<\/td>\n<\/tr>\n<tr>\n<td data-sheets-value=\"{&quot;1&quot;:2,&quot;2&quot;:&quot;KI\u1ec2U L\u01afNG&quot;}\">BACK STYLE<\/td>\n<td data-sheets-value=\"{&quot;1&quot;:2,&quot;2&quot;:&quot;D\u00c2Y K\u00c9O&quot;}\">CORSET<\/td>\n<\/tr>\n<tr>\n<td data-sheets-value=\"{&quot;1&quot;:2,&quot;2&quot;:&quot;D\u00c0I \u0110U\u00d4I&quot;}\">TRAIN<\/td>\n<td data-sheets-value=\"{&quot;1&quot;:2,&quot;2&quot;:&quot;1m&quot;}\">1M<\/td>\n<\/tr>\n<tr>\n<td data-sheets-value=\"{&quot;1&quot;:2,&quot;2&quot;:&quot;PH\u00d9 H\u1ee2P V\u1edaI&quot;}\">USED FOR<\/td>\n<td data-sheets-value=\"{&quot;1&quot;:2,&quot;2&quot;:&quot;L\u00c0M L\u1ec4\/\u0110I B\u00c0N&quot;}\">PREWEDDING\/CEREMONY<\/td>\n<\/tr>\n<\/tbody>\n<\/table>\n<p>&nbsp;<\/p>\n<ul>\n<li><strong>NOTE (Renting a wedding dress):<\/strong>\n<ul>\n<li>Customers can request to modify their body measurements when renting dresses and tailoring<\/li>\n<li>The RENTING time to keep the costume is 5 days.<\/li>\n<li>Please refer to the information on tailoring and wedding dress rental above<\/li>\n<\/ul>\n<\/li>\n<li><strong>NOTE (Tailoring wedding dresses):<\/strong>\n<ul>\n<li>Tailoring time ranges from 3-6 weeks<\/li>\n<li>Domestic \/ national shipping (if any) and other related costs are not inclusive.<\/li>\n<li>Guests can change the color and add details of the wedding dress they want<\/li>\n<li>Tailor price for wedding dress applies to size S 36 \u2013 M 38- L 40, in case of sewing larger size, surcharge 10% of the value of tailor dress.<\/li>\n<\/ul>\n<\/li>\n<\/ul>\n<p>For any questions about wedding dress rental \/ tailoring, please contact via email: nicole.weddingbridal@gmail.com<\/p>\n","protected":false},"excerpt":{"rendered":"<p>&#8211; L\u00e0 s\u1ef1 k\u1ebft h\u1ee3p h\u00e0i h\u00f2a gi\u1eefa ch\u1ea5t li\u1ec7u phi \u0111\u01a1 v\u1edbi ren m\u1ec1m m\u1ea1i mang \u0111\u1ebf t\u1ed5ng th\u1ec3 h\u00e0i h\u00f2a v\u00e0 tinh t\u1ebf<br \/>\n&#8211; \u0110i\u1ec3m nh\u1ea5n c\u1ed5 V \u0111\u1ee7 g\u1ee3i c\u1ea3m nh\u1eefng v\u1eabn k\u00edn \u0111\u00e1o cho nh\u1eefng n\u00e0ng y\u00eau th\u00edch s\u1ef1 an to\u00e0n. V\u00e1y c\u01b0\u1edbi Gladious ph\u00f9 h\u1ee3p v\u1edbi nh\u1eefng bu\u1ed5i l\u1ec5 trang tr\u1ecdng \u1edf nh\u00e0 th\u1edd v\u00e0 l\u00ean s\u00e2n kh\u1ea5u<\/p>\n","protected":false},"featured_media":3035,"template":"","meta":[],"product_brand":[],"product_cat":[537],"product_tag":[1416],"class_list":{"0":"post-3101","1":"product","2":"type-product","3":"status-publish","4":"has-post-thumbnail","6":"product_cat-floral-2019","7":"product_tag-premium-wedding-dress","8":"pa_chi-tiet-long-sleeves","9":"pa_chi-tiet-v-neck","10":"pa_kieu-dang-ao-cuoi-princess-wedding-dress","11":"pa_mau-sac-white","13":"first","14":"instock","15":"shipping-taxable","16":"purchasable","17":"product-type-simple"},"_links":{"self":[{"href":"https:\/\/nicolebridal.vn\/en\/wp-json\/wp\/v2\/product\/3101","targetHints":{"allow":["GET"]}}],"collection":[{"href":"https:\/\/nicolebridal.vn\/en\/wp-json\/wp\/v2\/product"}],"about":[{"href":"https:\/\/nicolebridal.vn\/en\/wp-json\/wp\/v2\/types\/product"}],"wp:featuredmedia":[{"embeddable":true,"href":"https:\/\/nicolebridal.vn\/en\/wp-json\/wp\/v2\/media\/3035"}],"wp:attachment":[{"href":"https:\/\/nicolebridal.vn\/en\/wp-json\/wp\/v2\/media?parent=3101"}],"wp:term":[{"taxonomy":"product_brand","embeddable":true,"href":"https:\/\/nicolebridal.vn\/en\/wp-json\/wp\/v2\/product_brand?post=3101"},{"taxonomy":"product_cat","embeddable":true,"href":"https:\/\/nicolebridal.vn\/en\/wp-json\/wp\/v2\/product_cat?post=3101"},{"taxonomy":"product_tag","embeddable":true,"href":"https:\/\/nicolebridal.vn\/en\/wp-json\/wp\/v2\/product_tag?post=3101"}],"curies":[{"name":"wp","href":"https:\/\/api.w.org\/{rel}","templated":true}]}}