{"id":3103,"date":"2019-02-15T22:55:44","date_gmt":"2019-02-15T15:55:44","guid":{"rendered":"https:\/\/td.nicolebridal.vn\/ao-cuoi\/chua-phan-loai\/mimosa\/"},"modified":"2023-03-29T22:31:29","modified_gmt":"2023-03-29T15:31:29","slug":"mimosa","status":"publish","type":"product","link":"https:\/\/nicolebridal.vn\/en\/shop\/floral-2019\/mimosa\/","title":{"rendered":"A-line Wedding Dress Mimosa (19PA112)"},"content":{"rendered":"<table dir=\"ltr\" border=\"1\" cellspacing=\"0\" cellpadding=\"0\">\n<tbody>\n<tr>\n<td data-sheets-value=\"{&quot;1&quot;:2,&quot;2&quot;:&quot;M\u00c0U S\u1eaeC&quot;}\">COLOR<\/td>\n<td data-sheets-value=\"{&quot;1&quot;:2,&quot;2&quot;:&quot;TR\u1eaeNG&quot;}\">OFF-WHITE<\/td>\n<\/tr>\n<tr>\n<td data-sheets-value=\"{&quot;1&quot;:2,&quot;2&quot;:&quot;PHOM V\u00c1Y&quot;}\">DRESS FORM<\/td>\n<td data-sheets-value=\"{&quot;1&quot;:2,&quot;2&quot;:&quot;V\u00c1Y CH\u1eee A&quot;}\">A-LINE<\/td>\n<\/tr>\n<tr>\n<td data-sheets-value=\"{&quot;1&quot;:2,&quot;2&quot;:&quot;SIZE&quot;}\">SIZE<\/td>\n<td data-sheets-value=\"{&quot;1&quot;:2,&quot;2&quot;:&quot;M&quot;}\">M \u2013 38<\/td>\n<\/tr>\n<tr>\n<td data-sheets-value=\"{&quot;1&quot;:2,&quot;2&quot;:&quot;CH\u1ea4T LI\u1ec6U&quot;}\">MARERIAL<\/td>\n<td data-sheets-value=\"{&quot;1&quot;:2,&quot;2&quot;:&quot;L\u01af\u1edaI REN&quot;}\">LACE, SATIN<\/td>\n<\/tr>\n<tr>\n<td data-sheets-value=\"{&quot;1&quot;:2,&quot;2&quot;:&quot;KI\u1ec2U C\u1ed4&quot;}\">NECK STYLE<\/td>\n<td data-sheets-value=\"{&quot;1&quot;:2,&quot;2&quot;:&quot;C\u00daP NGANG&quot;}\">STRAIGHT ACROSS<\/td>\n<\/tr>\n<tr>\n<td data-sheets-value=\"{&quot;1&quot;:2,&quot;2&quot;:&quot;KI\u1ec2U TAY&quot;}\">SLEEVE STYLE<\/td>\n<td data-sheets-value=\"{&quot;1&quot;:2,&quot;2&quot;:&quot;VAI NGANG&quot;}\">SLEEVELESS<\/td>\n<\/tr>\n<tr>\n<td data-sheets-value=\"{&quot;1&quot;:2,&quot;2&quot;:&quot;KI\u1ec2U L\u01afNG&quot;}\">BACK STYLE<\/td>\n<td data-sheets-value=\"{&quot;1&quot;:2,&quot;2&quot;:&quot;D\u00c2Y K\u00c9O&quot;}\">CORSET<\/td>\n<\/tr>\n<tr>\n<td data-sheets-value=\"{&quot;1&quot;:2,&quot;2&quot;:&quot;D\u00c0I \u0110U\u00d4I&quot;}\">TRAIN<\/td>\n<td data-sheets-value=\"{&quot;1&quot;:2,&quot;2&quot;:&quot;1m&quot;}\">0.5M<\/td>\n<\/tr>\n<tr>\n<td data-sheets-value=\"{&quot;1&quot;:2,&quot;2&quot;:&quot;PH\u00d9 H\u1ee2P V\u1edaI&quot;}\">USED FOR<\/td>\n<td data-sheets-value=\"{&quot;1&quot;:2,&quot;2&quot;:&quot;L\u00c0M L\u1ec4\/\u0110I B\u00c0N&quot;}\">PREWEDDING\/CEREMONY<\/td>\n<\/tr>\n<\/tbody>\n<\/table>\n<p>&nbsp;<\/p>\n<ul>\n<li><strong>NOTE (Renting a wedding dress):<\/strong>\n<ul>\n<li>Customers can request to modify their body measurements when renting dresses and tailoring<\/li>\n<li>The RENTING time to keep the costume is 5 days.<\/li>\n<li>Please refer to the information on tailoring and wedding dress rental above<\/li>\n<\/ul>\n<\/li>\n<li><strong>NOTE (Tailoring wedding dresses):<\/strong>\n<ul>\n<li>Tailoring time ranges from 3-6 weeks<\/li>\n<li>Domestic \/ national shipping (if any) and other related costs are not inclusive.<\/li>\n<li>Guests can change the color and add details of the wedding dress they want<\/li>\n<li>Tailor price for wedding dress applies to size S 36 \u2013 M 38- L 40, in case of sewing larger size, surcharge 10% of the value of tailor dress.<\/li>\n<\/ul>\n<\/li>\n<\/ul>\n<p>For any questions about wedding dress rental \/ tailoring, please contact via email: nicole.weddingbridal@gmail.com<\/p>\n","protected":false},"excerpt":{"rendered":"<div class=\"tlid-results-container results-container\">\n<div class=\"tlid-result result-dict-wrapper\">\n<div class=\"result tlid-copy-target\">\n<div class=\"result-header\">\n<div class=\"starbutton jfk-button-flat jfk-button unstarred\" tabindex=\"0\" role=\"button\" aria-label=\"G\u1eafn d\u1ea5u sao b\u1ea3n d\u1ecbch\" data-tooltip=\"G\u1eafn d\u1ea5u sao b\u1ea3n d\u1ecbch\" data-tooltip-align=\"t,c\">\n<div class=\"result-shield-container tlid-copy-target\">Mimosa brings a dreamy and wild feeling with lithium petals with torques for overall beauty.<span class=\"tlid-translation translation\"><span class=\"\" title=\"\"> Skillfully lowering waist to normal, Mimosa is designed to suit those who have round 2 chubby.<\/span><\/span><\/div>\n<\/div>\n<\/div>\n<\/div>\n<\/div>\n<\/div>\n","protected":false},"featured_media":3048,"template":"","meta":[],"product_brand":[],"product_cat":[537],"product_tag":[1416],"class_list":{"0":"post-3103","1":"product","2":"type-product","3":"status-publish","4":"has-post-thumbnail","6":"product_cat-floral-2019","7":"product_tag-premium-wedding-dress","8":"pa_chi-tiet-neckless","9":"pa_kieu-dang-ao-cuoi-sheath-dress","10":"pa_mau-sac-white","12":"first","13":"instock","14":"shipping-taxable","15":"purchasable","16":"product-type-simple"},"_links":{"self":[{"href":"https:\/\/nicolebridal.vn\/en\/wp-json\/wp\/v2\/product\/3103","targetHints":{"allow":["GET"]}}],"collection":[{"href":"https:\/\/nicolebridal.vn\/en\/wp-json\/wp\/v2\/product"}],"about":[{"href":"https:\/\/nicolebridal.vn\/en\/wp-json\/wp\/v2\/types\/product"}],"wp:featuredmedia":[{"embeddable":true,"href":"https:\/\/nicolebridal.vn\/en\/wp-json\/wp\/v2\/media\/3048"}],"wp:attachment":[{"href":"https:\/\/nicolebridal.vn\/en\/wp-json\/wp\/v2\/media?parent=3103"}],"wp:term":[{"taxonomy":"product_brand","embeddable":true,"href":"https:\/\/nicolebridal.vn\/en\/wp-json\/wp\/v2\/product_brand?post=3103"},{"taxonomy":"product_cat","embeddable":true,"href":"https:\/\/nicolebridal.vn\/en\/wp-json\/wp\/v2\/product_cat?post=3103"},{"taxonomy":"product_tag","embeddable":true,"href":"https:\/\/nicolebridal.vn\/en\/wp-json\/wp\/v2\/product_tag?post=3103"}],"curies":[{"name":"wp","href":"https:\/\/api.w.org\/{rel}","templated":true}]}}