{"id":31615,"date":"2024-10-17T08:32:34","date_gmt":"2024-10-17T01:32:34","guid":{"rendered":"https:\/\/nicolebridal.vn\/shop\/uncategorized\/lilie-24lp405\/"},"modified":"2024-12-31T11:40:21","modified_gmt":"2024-12-31T04:40:21","slug":"lilie-24lp405","status":"publish","type":"product","link":"https:\/\/nicolebridal.vn\/en\/shop\/sparkling-elegance-en\/lilie-24lp405\/","title":{"rendered":"LILIE &#8211; 24LP405"},"content":{"rendered":"<p><iframe title=\"V\u00e1y c\u01b0\u1edbi c\u00f4ng ch\u00faa \u0111\u00ednh \u0111\u00e1 LILIE - Gi\u1ea5c m\u01a1 ho\u00e0ng gia ho\u00e0n m\u1ef9 | nicolebridal.vn\" width=\"563\" height=\"1000\" src=\"https:\/\/www.youtube.com\/embed\/C0y_S7eE_cs?feature=oembed\" frameborder=\"0\" allow=\"accelerometer; autoplay; clipboard-write; encrypted-media; gyroscope; picture-in-picture; web-share\" referrerpolicy=\"strict-origin-when-cross-origin\" allowfullscreen><\/iframe><\/p>\n","protected":false},"excerpt":{"rendered":"<p>Not only a wedding dress, what Lilie brings to the bride is the symbol of a royal dream. An outstanding design with intricate sequin and crystal embellishments throughout the gown, all creating a sparkling beauty, shining brightly under the lights like dazzling stars, illuminating the bride&#8217;s every step. Particularly, the skirt is made from tulle material with glittering threads creating a &#8220;masterpiece&#8221; bridal gown, offering a majestic beauty akin to dew glistening under starlight. Every movement of the bride carries with it a sparkling light, making her the center of attention.<\/p>\n","protected":false},"featured_media":31528,"template":"","meta":[],"product_brand":[],"product_cat":[1560],"product_tag":[1418,1557,1561],"class_list":{"0":"post-31615","1":"product","2":"type-product","3":"status-publish","4":"has-post-thumbnail","6":"product_cat-sparkling-elegance-en","7":"product_tag-luxury-wedding-dress","8":"product_tag-new-in-en","9":"product_tag-wedding-dress-nicole-bridal","10":"pa_chat-lieu-beadings","11":"pa_chat-lieu-crystal-en","12":"pa_chat-lieu-glitter-tulle","13":"pa_dai-duoi-150cm-en","14":"pa_kich-co-m-en","15":"pa_kieu-co-sweet-heart","16":"pa_kieu-dang-ao-cuoi-princess-wedding-dress","17":"pa_kieu-lung-corset","18":"pa_kieu-tay-strapless","19":"pa_mau-sac-off-white","21":"first","22":"instock","23":"shipping-taxable","24":"purchasable","25":"product-type-simple"},"_links":{"self":[{"href":"https:\/\/nicolebridal.vn\/en\/wp-json\/wp\/v2\/product\/31615","targetHints":{"allow":["GET"]}}],"collection":[{"href":"https:\/\/nicolebridal.vn\/en\/wp-json\/wp\/v2\/product"}],"about":[{"href":"https:\/\/nicolebridal.vn\/en\/wp-json\/wp\/v2\/types\/product"}],"wp:featuredmedia":[{"embeddable":true,"href":"https:\/\/nicolebridal.vn\/en\/wp-json\/wp\/v2\/media\/31528"}],"wp:attachment":[{"href":"https:\/\/nicolebridal.vn\/en\/wp-json\/wp\/v2\/media?parent=31615"}],"wp:term":[{"taxonomy":"product_brand","embeddable":true,"href":"https:\/\/nicolebridal.vn\/en\/wp-json\/wp\/v2\/product_brand?post=31615"},{"taxonomy":"product_cat","embeddable":true,"href":"https:\/\/nicolebridal.vn\/en\/wp-json\/wp\/v2\/product_cat?post=31615"},{"taxonomy":"product_tag","embeddable":true,"href":"https:\/\/nicolebridal.vn\/en\/wp-json\/wp\/v2\/product_tag?post=31615"}],"curies":[{"name":"wp","href":"https:\/\/api.w.org\/{rel}","templated":true}]}}