{"id":31618,"date":"2024-10-17T08:50:21","date_gmt":"2024-10-17T01:50:21","guid":{"rendered":"https:\/\/nicolebridal.vn\/shop\/uncategorized\/summer-24pa409\/"},"modified":"2024-12-31T11:46:32","modified_gmt":"2024-12-31T04:46:32","slug":"summer-24pa409","status":"publish","type":"product","link":"https:\/\/nicolebridal.vn\/en\/shop\/sparkling-elegance-en\/summer-24pa409\/","title":{"rendered":"SUMMER &#8211; 24PA409"},"content":{"rendered":"<p><iframe title=\"V\u00e1y c\u01b0\u1edbi h\u1ea1 eo SUMMER - N\u00e9t ch\u1ea5m ph\u00e1 cho n\u00e0ng d\u00e2u ki\u00eau k\u1ef3 | nicolebridal.vn\" width=\"563\" height=\"1000\" src=\"https:\/\/www.youtube.com\/embed\/ttJmZmTPwB4?feature=oembed\" frameborder=\"0\" allow=\"accelerometer; autoplay; clipboard-write; encrypted-media; gyroscope; picture-in-picture; web-share\" referrerpolicy=\"strict-origin-when-cross-origin\" allowfullscreen><\/iframe><\/p>\n","protected":false},"excerpt":{"rendered":"<p>A wedding dress with a cinched waist is the perfect suggestion for slender figures, as it showcases the beauty of a slim waist and an alluring silhouette. The highlight of the SUMMER design is the gentle twist below the waist, creating a unique yet soft and graceful touch. Clearly, SUMMER is the ideal choice for brides who love minimalist wedding dresses that are still striking, impressive.<\/p>\n","protected":false},"featured_media":31551,"template":"","meta":[],"product_brand":[],"product_cat":[1560],"product_tag":[1557,1416,1561],"class_list":{"0":"post-31618","1":"product","2":"type-product","3":"status-publish","4":"has-post-thumbnail","6":"product_cat-sparkling-elegance-en","7":"product_tag-new-in-en","8":"product_tag-premium-wedding-dress","9":"product_tag-wedding-dress-nicole-bridal","10":"pa_chat-lieu-satin-en","11":"pa_dai-duoi-150cm-en","12":"pa_kich-co-m-en","13":"pa_kieu-co-straight-neck","14":"pa_kieu-dang-ao-cuoi-a-line-en-2","15":"pa_kieu-lung-corset","16":"pa_kieu-tay-none","17":"pa_mau-sac-off-white","19":"first","20":"instock","21":"shipping-taxable","22":"purchasable","23":"product-type-simple"},"_links":{"self":[{"href":"https:\/\/nicolebridal.vn\/en\/wp-json\/wp\/v2\/product\/31618","targetHints":{"allow":["GET"]}}],"collection":[{"href":"https:\/\/nicolebridal.vn\/en\/wp-json\/wp\/v2\/product"}],"about":[{"href":"https:\/\/nicolebridal.vn\/en\/wp-json\/wp\/v2\/types\/product"}],"wp:featuredmedia":[{"embeddable":true,"href":"https:\/\/nicolebridal.vn\/en\/wp-json\/wp\/v2\/media\/31551"}],"wp:attachment":[{"href":"https:\/\/nicolebridal.vn\/en\/wp-json\/wp\/v2\/media?parent=31618"}],"wp:term":[{"taxonomy":"product_brand","embeddable":true,"href":"https:\/\/nicolebridal.vn\/en\/wp-json\/wp\/v2\/product_brand?post=31618"},{"taxonomy":"product_cat","embeddable":true,"href":"https:\/\/nicolebridal.vn\/en\/wp-json\/wp\/v2\/product_cat?post=31618"},{"taxonomy":"product_tag","embeddable":true,"href":"https:\/\/nicolebridal.vn\/en\/wp-json\/wp\/v2\/product_tag?post=31618"}],"curies":[{"name":"wp","href":"https:\/\/api.w.org\/{rel}","templated":true}]}}