{"id":31622,"date":"2024-10-17T09:03:30","date_gmt":"2024-10-17T02:03:30","guid":{"rendered":"https:\/\/nicolebridal.vn\/shop\/uncategorized\/maddy-24pm412\/"},"modified":"2024-12-31T12:00:07","modified_gmt":"2024-12-31T05:00:07","slug":"maddy-24pm412","status":"publish","type":"product","link":"https:\/\/nicolebridal.vn\/en\/shop\/sparkling-elegance-en\/maddy-24pm412\/","title":{"rendered":"MADDY &#8211; 24PM412"},"content":{"rendered":"<p><iframe title=\"V\u00e1y c\u01b0\u1edbi x\u1ebb t\u00e0, d\u00e1ng \u0111u\u00f4i c\u00e1 hi\u1ec7n \u0111\u1ea1i MADDY\" width=\"563\" height=\"1000\" src=\"https:\/\/www.youtube.com\/embed\/QDgJylBcDnw?feature=oembed\" frameborder=\"0\" allow=\"accelerometer; autoplay; clipboard-write; encrypted-media; gyroscope; picture-in-picture; web-share\" referrerpolicy=\"strict-origin-when-cross-origin\" allowfullscreen><\/iframe><\/p>\n","protected":false},"excerpt":{"rendered":"<p>The intersection of classic and modern beauty on premium satin material creates a soft effect when in motion, describing MADDY. The design embodies a sophisticated European style with charm and femininity, enhanced by long chiffon sleeves and prominent 3D flowers. These details infuse the design with a sweet, enchanting, and magical allure.<\/p>\n","protected":false},"featured_media":31581,"template":"","meta":[],"product_brand":[],"product_cat":[1560],"product_tag":[1557,1416,1561],"class_list":{"0":"post-31622","1":"product","2":"type-product","3":"status-publish","4":"has-post-thumbnail","6":"product_cat-sparkling-elegance-en","7":"product_tag-new-in-en","8":"product_tag-premium-wedding-dress","9":"product_tag-wedding-dress-nicole-bridal","10":"pa_chat-lieu-lace","11":"pa_chat-lieu-satin-en","12":"pa_chat-lieu-tulle","13":"pa_dai-duoi-1m-en","14":"pa_kich-co-m-en","15":"pa_kieu-co-straight-neck","16":"pa_kieu-dang-ao-cuoi-mermaid-wedding-dress","17":"pa_kieu-lung-corset","18":"pa_kieu-tay-long-sleeves","19":"pa_mau-sac-off-white","21":"first","22":"instock","23":"shipping-taxable","24":"purchasable","25":"product-type-simple"},"_links":{"self":[{"href":"https:\/\/nicolebridal.vn\/en\/wp-json\/wp\/v2\/product\/31622","targetHints":{"allow":["GET"]}}],"collection":[{"href":"https:\/\/nicolebridal.vn\/en\/wp-json\/wp\/v2\/product"}],"about":[{"href":"https:\/\/nicolebridal.vn\/en\/wp-json\/wp\/v2\/types\/product"}],"wp:featuredmedia":[{"embeddable":true,"href":"https:\/\/nicolebridal.vn\/en\/wp-json\/wp\/v2\/media\/31581"}],"wp:attachment":[{"href":"https:\/\/nicolebridal.vn\/en\/wp-json\/wp\/v2\/media?parent=31622"}],"wp:term":[{"taxonomy":"product_brand","embeddable":true,"href":"https:\/\/nicolebridal.vn\/en\/wp-json\/wp\/v2\/product_brand?post=31622"},{"taxonomy":"product_cat","embeddable":true,"href":"https:\/\/nicolebridal.vn\/en\/wp-json\/wp\/v2\/product_cat?post=31622"},{"taxonomy":"product_tag","embeddable":true,"href":"https:\/\/nicolebridal.vn\/en\/wp-json\/wp\/v2\/product_tag?post=31622"}],"curies":[{"name":"wp","href":"https:\/\/api.w.org\/{rel}","templated":true}]}}