{"id":31623,"date":"2024-10-17T09:08:20","date_gmt":"2024-10-17T02:08:20","guid":{"rendered":"https:\/\/nicolebridal.vn\/shop\/uncategorized\/nia-24pa413\/"},"modified":"2024-12-31T11:43:41","modified_gmt":"2024-12-31T04:43:41","slug":"nia-24pa413","status":"publish","type":"product","link":"https:\/\/nicolebridal.vn\/en\/shop\/sparkling-elegance-en\/nia-24pa413\/","title":{"rendered":"NIA &#8211; 24PA413"},"content":{"rendered":"<p><iframe title=\"V\u00e1y c\u01b0\u1edbi k\u00edn \u0111\u00e1o NIA - B\u1ea3n giao ho\u00e0 ho\u00e0n h\u1ea3o gi\u1eefa c\u1ed5 \u0111i\u1ec3n v\u00e0 hi\u1ec7n \u0111\u1ea1i | nicolebridal.vn\" width=\"563\" height=\"1000\" src=\"https:\/\/www.youtube.com\/embed\/bc0cidSMDzo?feature=oembed\" frameborder=\"0\" allow=\"accelerometer; autoplay; clipboard-write; encrypted-media; gyroscope; picture-in-picture; web-share\" referrerpolicy=\"strict-origin-when-cross-origin\" allowfullscreen><\/iframe><\/p>\n","protected":false},"excerpt":{"rendered":"<p>Nicole Bridal especially offers the bride an exquisite satin wedding dress design, exuding elegance and sophistication. NIA carries hidden beauty as the design focuses on precision tailoring techniques to enhance the soft lines of the body. The secret charm of this A-line wedding dress lies in the lace layer hidden under the skirt, gently revealed as the bride moves.<\/p>\n","protected":false},"featured_media":31590,"template":"","meta":[],"product_brand":[],"product_cat":[1560],"product_tag":[1557,1416,1561],"class_list":{"0":"post-31623","1":"product","2":"type-product","3":"status-publish","4":"has-post-thumbnail","6":"product_cat-sparkling-elegance-en","7":"product_tag-new-in-en","8":"product_tag-premium-wedding-dress","9":"product_tag-wedding-dress-nicole-bridal","10":"pa_chat-lieu-crystal-tulle","11":"pa_chat-lieu-lace","12":"pa_chat-lieu-satin-en","13":"pa_dai-duoi-1m-en","14":"pa_kich-co-m-en","15":"pa_kieu-co-straight-neck","16":"pa_kieu-dang-ao-cuoi-a-line-en-2","17":"pa_kieu-lung-corset","18":"pa_kieu-tay-long-sleeves","19":"pa_mau-sac-off-white","21":"first","22":"instock","23":"shipping-taxable","24":"purchasable","25":"product-type-simple"},"_links":{"self":[{"href":"https:\/\/nicolebridal.vn\/en\/wp-json\/wp\/v2\/product\/31623","targetHints":{"allow":["GET"]}}],"collection":[{"href":"https:\/\/nicolebridal.vn\/en\/wp-json\/wp\/v2\/product"}],"about":[{"href":"https:\/\/nicolebridal.vn\/en\/wp-json\/wp\/v2\/types\/product"}],"wp:featuredmedia":[{"embeddable":true,"href":"https:\/\/nicolebridal.vn\/en\/wp-json\/wp\/v2\/media\/31590"}],"wp:attachment":[{"href":"https:\/\/nicolebridal.vn\/en\/wp-json\/wp\/v2\/media?parent=31623"}],"wp:term":[{"taxonomy":"product_brand","embeddable":true,"href":"https:\/\/nicolebridal.vn\/en\/wp-json\/wp\/v2\/product_brand?post=31623"},{"taxonomy":"product_cat","embeddable":true,"href":"https:\/\/nicolebridal.vn\/en\/wp-json\/wp\/v2\/product_cat?post=31623"},{"taxonomy":"product_tag","embeddable":true,"href":"https:\/\/nicolebridal.vn\/en\/wp-json\/wp\/v2\/product_tag?post=31623"}],"curies":[{"name":"wp","href":"https:\/\/api.w.org\/{rel}","templated":true}]}}