{"id":35864,"date":"2025-10-10T07:17:12","date_gmt":"2025-10-10T00:17:12","guid":{"rendered":"https:\/\/nicolebridal.vn\/shop\/uncategorized\/cressida-25lp311\/"},"modified":"2025-11-16T15:48:37","modified_gmt":"2025-11-16T08:48:37","slug":"cressida-25lp311","status":"publish","type":"product","link":"https:\/\/nicolebridal.vn\/en\/shop\/te-amo-en\/cressida-25lp311\/","title":{"rendered":"CRESSIDA &#8211; 25LP311"},"content":{"rendered":"","protected":false},"excerpt":{"rendered":"<div class=\"x14z9mp xat24cr x1lziwak x1vvkbs xtlvy1s x126k92a\">\n<div dir=\"auto\">Like a classical symphony, Cressida carries a traditional charm blended with an enchanting, elegant allure.<\/div>\n<\/div>\n<div class=\"x14z9mp xat24cr x1lziwak x1vvkbs xtlvy1s x126k92a\">\n<div dir=\"auto\">The soft off-shoulder design combined with thousands of meticulously hand-applied Swarovski crystals on shimmering tulle creates a look reminiscent of a princess stepping out of a Disney fairy-tale world.<\/div>\n<div dir=\"auto\">M\u1ed7i \u0111\u01b0\u1eddng n\u00e9t c\u1ee7a Cressida l\u00e0 s\u1ef1 h\u00f2a quy\u1ec7n gi\u1eefa th\u1ee7 c\u00f4ng tinh x\u1ea3o v\u00e0 th\u1ea9m m\u1ef9 hi\u1ec7n \u0111\u1ea1i, mang \u0111\u1ebfn cho c\u00f4 d\u00e2u v\u1ebb \u0111\u1eb9p l\u1ea5p l\u00e1nh, thanh tao v\u00e0 \u0111\u1eadm ch\u1ea5t m\u1ed9ng m\u01a1.<\/div>\n<\/div>\n<div class=\"x14z9mp xat24cr x1lziwak x1vvkbs xtlvy1s x126k92a\">\n<div dir=\"auto\">This is the perfect choice for brides who are seeking a wedding dress that shines on their special day.<\/div>\n<\/div>\n","protected":false},"featured_media":35412,"template":"","meta":[],"product_brand":[],"product_cat":[1577],"product_tag":[1418,1557,1561],"class_list":{"0":"post-35864","1":"product","2":"type-product","3":"status-publish","4":"has-post-thumbnail","6":"product_cat-te-amo-en","7":"product_tag-luxury-wedding-dress","8":"product_tag-new-in-en","9":"product_tag-wedding-dress-nicole-bridal","11":"first","12":"instock","13":"shipping-taxable","14":"purchasable","15":"product-type-simple"},"_links":{"self":[{"href":"https:\/\/nicolebridal.vn\/en\/wp-json\/wp\/v2\/product\/35864","targetHints":{"allow":["GET"]}}],"collection":[{"href":"https:\/\/nicolebridal.vn\/en\/wp-json\/wp\/v2\/product"}],"about":[{"href":"https:\/\/nicolebridal.vn\/en\/wp-json\/wp\/v2\/types\/product"}],"wp:featuredmedia":[{"embeddable":true,"href":"https:\/\/nicolebridal.vn\/en\/wp-json\/wp\/v2\/media\/35412"}],"wp:attachment":[{"href":"https:\/\/nicolebridal.vn\/en\/wp-json\/wp\/v2\/media?parent=35864"}],"wp:term":[{"taxonomy":"product_brand","embeddable":true,"href":"https:\/\/nicolebridal.vn\/en\/wp-json\/wp\/v2\/product_brand?post=35864"},{"taxonomy":"product_cat","embeddable":true,"href":"https:\/\/nicolebridal.vn\/en\/wp-json\/wp\/v2\/product_cat?post=35864"},{"taxonomy":"product_tag","embeddable":true,"href":"https:\/\/nicolebridal.vn\/en\/wp-json\/wp\/v2\/product_tag?post=35864"}],"curies":[{"name":"wp","href":"https:\/\/api.w.org\/{rel}","templated":true}]}}