{"id":36899,"date":"2026-05-08T23:21:34","date_gmt":"2026-05-08T16:21:34","guid":{"rendered":"https:\/\/nicolebridal.vn\/?post_type=product&#038;p=36899"},"modified":"2026-05-08T23:21:35","modified_gmt":"2026-05-08T16:21:35","slug":"rasha","status":"publish","type":"product","link":"https:\/\/nicolebridal.vn\/en\/shop\/the-contrast\/rasha\/","title":{"rendered":"Rasha"},"content":{"rendered":"","protected":false},"excerpt":{"rendered":"<p>Rasha mang tinh th\u1ea7n t\u1ed1i gi\u1ea3n hi\u1ec7n \u0111\u1ea1i d\u00e0nh cho nh\u1eefng c\u00f4 d\u00e2u y\u00eau th\u00edch v\u1ebb \u0111\u1eb9p thanh l\u1ecbch nh\u01b0ng v\u1eabn mu\u1ed1n t\u1ea1o d\u1ea5u \u1ea5n kh\u00e1c bi\u1ec7t trong ng\u00e0y tr\u1ecdng \u0111\u1ea1i. Thi\u1ebft k\u1ebf \u00f4m d\u00e1ng m\u1ec1m m\u1ea1i tr\u00ean n\u1ec1n ch\u1ea5t li\u1ec7u satin cao c\u1ea5p gi\u00fap t\u1ed5ng th\u1ec3 tr\u1edf n\u00ean tinh t\u1ebf, sang tr\u1ecdng v\u00e0 \u0111\u1ea7y cu\u1ed1n h\u00fat trong t\u1eebng chuy\u1ec3n \u0111\u1ed9ng.<\/p>\n<p>\u0110i\u1ec3m nh\u1ea5n n\u1ed5i b\u1eadt c\u1ee7a Rasha n\u1eb1m \u1edf chi ti\u1ebft hoa 3D \u0111\u01b0\u1ee3c \u0111\u00ednh k\u1ebft th\u1ee7 c\u00f4ng d\u1ecdc th\u00e2n v\u00e1y, t\u1ea1o hi\u1ec7u \u1ee9ng m\u1ec1m m\u1ea1i \u0111\u1ea7y ngh\u1ec7 thu\u1eadt nh\u01b0 nh\u1eefng c\u00e1nh hoa \u0111ang kh\u1ebd chuy\u1ec3n \u0111\u1ed9ng. Ph\u1ea7n c\u1ed5 ngang t\u1ed1i gi\u1ea3n k\u1ebft h\u1ee3p c\u00f9ng \u0111\u01b0\u1eddng c\u1eaft tinh t\u1ebf gi\u00fap t\u00f4n l\u00ean v\u1ebb \u0111\u1eb9p thanh tho\u00e1t v\u00e0 hi\u1ec7n \u0111\u1ea1i c\u1ee7a c\u00f4 d\u00e2u. S\u1ef1 h\u00f2a quy\u1ec7n gi\u1eefa phom d\u00e1ng t\u1ed1i gi\u1ea3n v\u00e0 chi ti\u1ebft thi\u1ebft k\u1ebf n\u1ed5i b\u1eadt khi\u1ebfn Rasha tr\u1edf th\u00e0nh l\u1ef1a ch\u1ecdn ho\u00e0n h\u1ea3o cho c\u00f4 d\u00e2u y\u00eau v\u1ebb \u0111\u1eb9p th\u1eddi th\u01b0\u1ee3ng, nh\u1eb9 nh\u00e0ng nh\u01b0ng v\u1eabn \u0111\u1ea7y \u1ea5n t\u01b0\u1ee3ng.<\/p>\n","protected":false},"featured_media":37031,"template":"","meta":[],"product_brand":[],"product_cat":[1591],"product_tag":[],"class_list":{"0":"post-36899","1":"product","2":"type-product","3":"status-publish","4":"has-post-thumbnail","6":"product_cat-the-contrast","7":"pa_chat-lieu-chiffon","8":"pa_chat-lieu-satin-2","9":"pa_dai-duoi-50cm","10":"pa_kieu-co-co-ngang","11":"pa_kieu-dang-ao-cuoi-vay-cuoi-chu-a","12":"pa_kieu-lung-that-day","13":"pa_kieu-tay-khong","14":"pa_mau-sac-trang-kem","16":"first","17":"instock","18":"shipping-taxable","19":"product-type-simple"},"_links":{"self":[{"href":"https:\/\/nicolebridal.vn\/en\/wp-json\/wp\/v2\/product\/36899","targetHints":{"allow":["GET"]}}],"collection":[{"href":"https:\/\/nicolebridal.vn\/en\/wp-json\/wp\/v2\/product"}],"about":[{"href":"https:\/\/nicolebridal.vn\/en\/wp-json\/wp\/v2\/types\/product"}],"wp:featuredmedia":[{"embeddable":true,"href":"https:\/\/nicolebridal.vn\/en\/wp-json\/wp\/v2\/media\/37031"}],"wp:attachment":[{"href":"https:\/\/nicolebridal.vn\/en\/wp-json\/wp\/v2\/media?parent=36899"}],"wp:term":[{"taxonomy":"product_brand","embeddable":true,"href":"https:\/\/nicolebridal.vn\/en\/wp-json\/wp\/v2\/product_brand?post=36899"},{"taxonomy":"product_cat","embeddable":true,"href":"https:\/\/nicolebridal.vn\/en\/wp-json\/wp\/v2\/product_cat?post=36899"},{"taxonomy":"product_tag","embeddable":true,"href":"https:\/\/nicolebridal.vn\/en\/wp-json\/wp\/v2\/product_tag?post=36899"}],"curies":[{"name":"wp","href":"https:\/\/api.w.org\/{rel}","templated":true}]}}