{"id":37116,"date":"2026-05-08T23:41:45","date_gmt":"2026-05-08T16:41:45","guid":{"rendered":"https:\/\/nicolebridal.vn\/?post_type=product&#038;p=37116"},"modified":"2026-05-08T23:43:31","modified_gmt":"2026-05-08T16:43:31","slug":"yasmin","status":"publish","type":"product","link":"https:\/\/nicolebridal.vn\/en\/shop\/the-contrast\/yasmin\/","title":{"rendered":"Yasmin"},"content":{"rendered":"","protected":false},"excerpt":{"rendered":"<p>\u00c1o c\u01b0\u1edbi Yasmin l\u00e0 l\u1ef1a ch\u1ecdn d\u00e0nh cho nh\u1eefng c\u00f4 d\u00e2u \u0111ang t\u00ecm ki\u1ebfm m\u1ed9t chi\u1ebfc v\u00e1y c\u01b0\u1edbi \u0111\u1ed9c l\u1ea1 nh\u01b0ng v\u1eabn gi\u1eef \u0111\u01b0\u1ee3c v\u1ebb m\u1ec1m m\u1ea1i v\u00e0 n\u1eef t\u00ednh \u0111\u1ea7y tinh t\u1ebf. Thi\u1ebft k\u1ebf d\u00e1ng ch\u1eef A bay b\u1ed5ng k\u1ebft h\u1ee3p c\u00f9ng ph\u1ea7n corset xuy\u00ean th\u1ea5u nh\u1eb9 nh\u00e0ng \u00f4m tr\u1ecdn c\u01a1 th\u1ec3 c\u1ee7a c\u00f4 d\u00e2u, c\u00f9ng s\u1ef1 k\u1ebft h\u1ee3p \u0111\u00ednh k\u1ebft \u0111\u00e1 l\u1ea5p l\u00e1nh t\u1ea1o n\u00ean s\u1ee9c h\u00fat \u1ea5n t\u01b0\u1ee3ng. Nh\u1eefng c\u00e1nh hoa 3D \u0111\u01b0\u1ee3c \u0111\u00ednh k\u1ebft th\u1ee7 c\u00f4ng tr\u1ea3i d\u00e0i t\u1eeb th\u00e2n v\u00e1y \u0111\u1ebfn ch\u00e2n v\u00e1y \u0111\u1ea7y th\u01a1 m\u1ed9ng, mang \u0111\u1ebfn v\u1ebb \u0111\u1eb9p v\u1eeba ki\u00eau sa v\u1eeba d\u1ecbu d\u00e0ng.<\/p>\n<p>Yasmin kh\u00f4ng ch\u1ec9 l\u00e0 m\u1ed9t v\u00e1y c\u01b0\u1edbi \u0111\u1eb7c bi\u1ec7t d\u00e0nh cho ng\u00e0y tr\u1ecdng \u0111\u1ea1i, m\u00e0 c\u00f2n l\u00e0 \u0111i\u1ec3m ch\u1ea1m c\u1ea3m x\u00fac d\u00e0nh cho c\u00f4 d\u00e2u mu\u1ed1n xu\u1ea5t hi\u1ec7n th\u1eadt n\u1ed5i b\u1eadt v\u1edbi m\u1ed9t di\u1ec7n m\u1ea1o v\u00e1y c\u01b0\u1edbi \u1ea5n t\u01b0\u1ee3ng v\u00e0 kh\u00f3 qu\u00ean.<\/p>\n","protected":false},"featured_media":37085,"template":"","meta":[],"product_brand":[],"product_cat":[1591],"product_tag":[],"class_list":{"0":"post-37116","1":"product","2":"type-product","3":"status-publish","4":"has-post-thumbnail","6":"product_cat-the-contrast","7":"pa_chat-lieu-hoa-3d","8":"pa_chat-lieu-kim-sa","9":"pa_chat-lieu-lua-2","10":"pa_dai-duoi-50cm","11":"pa_kieu-co-cup-nguc","12":"pa_kieu-dang-ao-cuoi-vay-cuoi-chu-a","13":"pa_kieu-lung-that-day","14":"pa_kieu-tay-khong","15":"pa_mau-sac-trang-kem","17":"first","18":"instock","19":"shipping-taxable","20":"product-type-simple"},"_links":{"self":[{"href":"https:\/\/nicolebridal.vn\/en\/wp-json\/wp\/v2\/product\/37116","targetHints":{"allow":["GET"]}}],"collection":[{"href":"https:\/\/nicolebridal.vn\/en\/wp-json\/wp\/v2\/product"}],"about":[{"href":"https:\/\/nicolebridal.vn\/en\/wp-json\/wp\/v2\/types\/product"}],"wp:featuredmedia":[{"embeddable":true,"href":"https:\/\/nicolebridal.vn\/en\/wp-json\/wp\/v2\/media\/37085"}],"wp:attachment":[{"href":"https:\/\/nicolebridal.vn\/en\/wp-json\/wp\/v2\/media?parent=37116"}],"wp:term":[{"taxonomy":"product_brand","embeddable":true,"href":"https:\/\/nicolebridal.vn\/en\/wp-json\/wp\/v2\/product_brand?post=37116"},{"taxonomy":"product_cat","embeddable":true,"href":"https:\/\/nicolebridal.vn\/en\/wp-json\/wp\/v2\/product_cat?post=37116"},{"taxonomy":"product_tag","embeddable":true,"href":"https:\/\/nicolebridal.vn\/en\/wp-json\/wp\/v2\/product_tag?post=37116"}],"curies":[{"name":"wp","href":"https:\/\/api.w.org\/{rel}","templated":true}]}}