{"id":37119,"date":"2026-05-08T23:51:23","date_gmt":"2026-05-08T16:51:23","guid":{"rendered":"https:\/\/nicolebridal.vn\/?post_type=product&#038;p=37119"},"modified":"2026-05-08T23:51:24","modified_gmt":"2026-05-08T16:51:24","slug":"nour","status":"publish","type":"product","link":"https:\/\/nicolebridal.vn\/en\/shop\/the-contrast\/nour\/","title":{"rendered":"Nour"},"content":{"rendered":"","protected":false},"excerpt":{"rendered":"<p>Nour l\u00e0 thi\u1ebft k\u1ebf v\u00e1y c\u01b0\u1edbi d\u00e0nh cho nh\u1eefng c\u00f4 d\u00e2u mu\u1ed1n th\u1eadt n\u1ed5i b\u1eadt v\u00e0 t\u1ef1 tin trong kh\u00f4ng kh\u00ed s\u00f4i \u0111\u1ed9ng c\u1ee7a ti\u1ec7c after party. V\u1edbi phom v\u00e1y ng\u1eafn \u00f4m d\u00e1ng hi\u1ec7n \u0111\u1ea1i k\u1ebft h\u1ee3p c\u00f9ng chi ti\u1ebft tua r\u1ee7 chuy\u1ec3n \u0111\u1ed9ng \u0111\u1ea7y cu\u1ed1n h\u00fat, Nour mang \u0111\u1ebfn v\u1ebb \u0111\u1eb9p tr\u1ebb trung, quy\u1ebfn r\u0169 nh\u01b0ng v\u1eabn gi\u1eef \u0111\u01b0\u1ee3c n\u00e9t tinh t\u1ebf \u0111\u1eb7c tr\u01b0ng c\u1ee7a c\u00f4 d\u00e2u Nicole Bridal.<\/p>\n<p>Ph\u1ea7n corset xuy\u00ean th\u1ea5u \u0111\u01b0\u1ee3c \u0111\u00ednh ren, sequin v\u00e0 ng\u1ecdc trai th\u1ee7 c\u00f4ng t\u1ea1o hi\u1ec7u \u1ee9ng l\u1ea5p l\u00e1nh n\u1ed5i b\u1eadt d\u01b0\u1edbi \u00e1nh \u0111\u00e8n ti\u1ec7c c\u01b0\u1edbi. Nh\u1eefng l\u1edbp tua m\u1ec1m m\u1ea1i chuy\u1ec3n \u0111\u1ed9ng theo t\u1eebng b\u01b0\u1edbc ch\u00e2n gi\u00fap t\u1ed5ng th\u1ec3 tr\u1edf n\u00ean s\u1ed1ng \u0111\u1ed9ng v\u00e0 \u0111\u1ea7y n\u0103ng l\u01b0\u1ee3ng. Thi\u1ebft k\u1ebf th\u1eaft d\u00e2y l\u01b0ng kh\u00f4ng ch\u1ec9 gi\u00fap t\u00f4n l\u00ean \u0111\u01b0\u1eddng cong c\u01a1 th\u1ec3 m\u00e0 c\u00f2n mang \u0111\u1ebfn c\u1ea3m gi\u00e1c v\u1eeba v\u1eb7n v\u00e0 n\u1eef t\u00ednh h\u01a1n cho c\u00f4 d\u00e2u. Nour l\u00e0 l\u1ef1a ch\u1ecdn ho\u00e0n h\u1ea3o cho nh\u1eefng c\u00f4 g\u00e1i y\u00eau phong c\u00e1ch th\u1eddi th\u01b0\u1ee3ng, c\u00e1 t\u00ednh v\u00e0 mu\u1ed1n t\u1eadn h\u01b0\u1edfng tr\u1ecdn v\u1eb9n t\u1eebng kho\u1ea3nh kh\u1eafc r\u1ef1c r\u1ee1 trong \u0111\u00eam ti\u1ec7c c\u1ee7a m\u00ecnh.<\/p>\n","protected":false},"featured_media":36986,"template":"","meta":[],"product_brand":[],"product_cat":[1591],"product_tag":[],"class_list":{"0":"post-37119","1":"product","2":"type-product","3":"status-publish","4":"has-post-thumbnail","6":"product_cat-the-contrast","8":"first","9":"instock","10":"shipping-taxable","11":"product-type-simple"},"_links":{"self":[{"href":"https:\/\/nicolebridal.vn\/en\/wp-json\/wp\/v2\/product\/37119","targetHints":{"allow":["GET"]}}],"collection":[{"href":"https:\/\/nicolebridal.vn\/en\/wp-json\/wp\/v2\/product"}],"about":[{"href":"https:\/\/nicolebridal.vn\/en\/wp-json\/wp\/v2\/types\/product"}],"wp:featuredmedia":[{"embeddable":true,"href":"https:\/\/nicolebridal.vn\/en\/wp-json\/wp\/v2\/media\/36986"}],"wp:attachment":[{"href":"https:\/\/nicolebridal.vn\/en\/wp-json\/wp\/v2\/media?parent=37119"}],"wp:term":[{"taxonomy":"product_brand","embeddable":true,"href":"https:\/\/nicolebridal.vn\/en\/wp-json\/wp\/v2\/product_brand?post=37119"},{"taxonomy":"product_cat","embeddable":true,"href":"https:\/\/nicolebridal.vn\/en\/wp-json\/wp\/v2\/product_cat?post=37119"},{"taxonomy":"product_tag","embeddable":true,"href":"https:\/\/nicolebridal.vn\/en\/wp-json\/wp\/v2\/product_tag?post=37119"}],"curies":[{"name":"wp","href":"https:\/\/api.w.org\/{rel}","templated":true}]}}