{"id":37121,"date":"2026-05-09T00:05:11","date_gmt":"2026-05-08T17:05:11","guid":{"rendered":"https:\/\/nicolebridal.vn\/?post_type=product&#038;p=37121"},"modified":"2026-05-09T00:05:34","modified_gmt":"2026-05-08T17:05:34","slug":"zaina","status":"publish","type":"product","link":"https:\/\/nicolebridal.vn\/en\/shop\/the-contrast\/zaina\/","title":{"rendered":"Zaina"},"content":{"rendered":"","protected":false},"excerpt":{"rendered":"<p>Zaina l\u00e0 thi\u1ebft k\u1ebf v\u00e1y c\u01b0\u1edbi 2 m\u1ea3nh mang v\u1ebb \u0111\u1eb9p quy\u1ebfn r\u0169 v\u00e0 hi\u1ec7n \u0111\u1ea1i d\u00e0nh cho nh\u1eefng c\u00f4 d\u00e2u y\u00eau th\u00edch s\u1ef1 tinh t\u1ebf \u0111\u1ea7y kh\u00e1c bi\u1ec7t. S\u1ef1 k\u1ebft h\u1ee3p h\u00e0i h\u00f2a gi\u1eefa ch\u1ea5t li\u1ec7u ren m\u1ec1m m\u1ea1i v\u00e0 l\u1edbp tulle bay nh\u1eb9 t\u1ea1o n\u00ean t\u1ed5ng th\u1ec3 v\u1eeba n\u1eef t\u00ednh v\u1eeba th\u1eddi th\u01b0\u1ee3ng, gi\u00fap c\u00f4 d\u00e2u n\u1ed5i b\u1eadt theo c\u00e1ch th\u1eadt thanh l\u1ecbch.<\/p>\n<p>Ph\u1ea7n corset c\u00fap ng\u1ef1c \u0111\u01b0\u1ee3c d\u1ef1ng phom \u00f4m d\u00e1ng k\u1ebft h\u1ee3p c\u00f9ng nh\u1eefng chi ti\u1ebft ren \u0111\u00ednh k\u1ebft tinh x\u1ea3o gi\u00fap t\u00f4n l\u00ean v\u1ebb \u0111\u1eb9p m\u1ec1m m\u1ea1i c\u1ee7a c\u01a1 th\u1ec3. Tay tr\u1ec5 nh\u1eb9 nh\u00e0ng c\u00f9ng nh\u1eefng chu\u1ed7i h\u1ea1t \u0111\u00ednh bu\u00f4ng r\u1ee7 nh\u1eb9, t\u1ea1o \u0111i\u1ec3m nh\u1ea5n l\u00e3ng m\u1ea1n v\u00e0 \u0111\u1ea7y cu\u1ed1n h\u00fat cho t\u1ed5ng th\u1ec3 thi\u1ebft k\u1ebf. L\u1edbp tulle ph\u1ee7 ngo\u00e0i th\u00e2n v\u00e1y mang \u0111\u1ebfn hi\u1ec7u \u1ee9ng m\u1ec1m m\u1ea1i, gi\u00fap Zaina tr\u1edf th\u00e0nh l\u1ef1a ch\u1ecdn ho\u00e0n h\u1ea3o d\u00e0nh cho c\u00f4 d\u00e2u y\u00eau phong c\u00e1ch hi\u1ec7n \u0111\u1ea1i nh\u01b0ng v\u1eabn mu\u1ed1n gi\u1eef l\u1ea1i n\u00e9t ng\u1ecdt ng\u00e0o v\u00e0 n\u1eef t\u00ednh trong ng\u00e0y tr\u1ecdng \u0111\u1ea1i.<\/p>\n","protected":false},"featured_media":37103,"template":"","meta":[],"product_brand":[],"product_cat":[1591],"product_tag":[],"class_list":{"0":"post-37121","1":"product","2":"type-product","3":"status-publish","4":"has-post-thumbnail","6":"product_cat-the-contrast","8":"first","9":"instock","10":"shipping-taxable","11":"product-type-simple"},"_links":{"self":[{"href":"https:\/\/nicolebridal.vn\/en\/wp-json\/wp\/v2\/product\/37121","targetHints":{"allow":["GET"]}}],"collection":[{"href":"https:\/\/nicolebridal.vn\/en\/wp-json\/wp\/v2\/product"}],"about":[{"href":"https:\/\/nicolebridal.vn\/en\/wp-json\/wp\/v2\/types\/product"}],"wp:featuredmedia":[{"embeddable":true,"href":"https:\/\/nicolebridal.vn\/en\/wp-json\/wp\/v2\/media\/37103"}],"wp:attachment":[{"href":"https:\/\/nicolebridal.vn\/en\/wp-json\/wp\/v2\/media?parent=37121"}],"wp:term":[{"taxonomy":"product_brand","embeddable":true,"href":"https:\/\/nicolebridal.vn\/en\/wp-json\/wp\/v2\/product_brand?post=37121"},{"taxonomy":"product_cat","embeddable":true,"href":"https:\/\/nicolebridal.vn\/en\/wp-json\/wp\/v2\/product_cat?post=37121"},{"taxonomy":"product_tag","embeddable":true,"href":"https:\/\/nicolebridal.vn\/en\/wp-json\/wp\/v2\/product_tag?post=37121"}],"curies":[{"name":"wp","href":"https:\/\/api.w.org\/{rel}","templated":true}]}}