{"id":37124,"date":"2026-05-09T00:11:48","date_gmt":"2026-05-08T17:11:48","guid":{"rendered":"https:\/\/nicolebridal.vn\/?post_type=product&#038;p=37124"},"modified":"2026-05-09T00:11:49","modified_gmt":"2026-05-08T17:11:49","slug":"soraya","status":"publish","type":"product","link":"https:\/\/nicolebridal.vn\/en\/shop\/the-contrast\/soraya\/","title":{"rendered":"Soraya"},"content":{"rendered":"","protected":false},"excerpt":{"rendered":"<p>N\u1ebfu \u0111ang t\u00ecm ki\u1ebfm m\u1ed9t chi\u1ebfc v\u00e1y c\u01b0\u1edbi thi\u1ebft k\u1ebf v\u1eeba n\u1ed5i b\u1eadt, sang tr\u1ecdng v\u1eeba mang t\u00ednh \u1ee9ng d\u1ee5ng cao trong ng\u00e0y tr\u1ecdng \u0111\u1ea1i, n\u00e0ng c\u00f3 th\u1ec3 l\u1ef1a ch\u1ecdn Soraya. Thi\u1ebft k\u1ebf v\u00e1y c\u01b0\u1edbi 2 trong 1 v\u1edbi phom d\u00e1ng \u00f4m m\u1ec1m m\u1ea1i k\u1ebft h\u1ee3p c\u00f9ng t\u00f9ng r\u1eddi gi\u00fap c\u00f4 d\u00e2u d\u1ec5 d\u00e0ng chuy\u1ec3n \u0111\u1ed5i gi\u1eefa hai di\u1ec7n m\u1ea1o kh\u00e1c nhau, t\u1eeb v\u1ebb \u0111\u1eb9p quy\u1ebfn r\u0169 thanh l\u1ecbch \u0111\u1ebfn h\u00ecnh \u1ea3nh l\u1ed9ng l\u1eaby \u0111\u1ea7y cu\u1ed1n h\u00fat.<\/p>\n<p>\u0110i\u1ec3m nh\u1ea5n n\u1ed5i b\u1eadt c\u1ee7a Soraya n\u1eb1m \u1edf ch\u1ea5t li\u1ec7u ren \u0111\u01b0\u1ee3c x\u1eed l\u00fd tinh x\u1ea3o, t\u1ea1o hi\u1ec7u \u1ee9ng m\u1ec1m m\u1ea1i v\u00e0 sang tr\u1ecdng trong t\u1eebng chi ti\u1ebft. Gam m\u00e0u champagne \u0111\u1ed9c \u0111\u00e1o mang \u0111\u1ebfn c\u1ea3m gi\u00e1c \u1ea5m \u00e1p v\u00e0 th\u1eddi th\u01b0\u1ee3ng, gi\u00fap t\u1ed5ng th\u1ec3 tr\u1edf n\u00ean n\u1ed5i b\u1eadt theo c\u00e1ch ri\u00eang. Ph\u1ea7n c\u1ed5 y\u1ebfm quy\u1ebfn r\u0169 k\u1ebft h\u1ee3p c\u00f9ng h\u1ecda ti\u1ebft ren tr\u1ea3i d\u00e0i \u00f4m l\u1ea5y c\u01a1 th\u1ec3 gi\u00fap t\u00f4n l\u00ean v\u1ebb \u0111\u1eb9p n\u1eef t\u00ednh \u0111\u1ea7y ki\u00eau sa. Soraya l\u00e0 l\u1ef1a ch\u1ecdn ho\u00e0n h\u1ea3o d\u00e0nh cho c\u00f4 d\u00e2u mu\u1ed1n xu\u1ea5t hi\u1ec7n th\u1eadt kh\u00e1c bi\u1ec7t v\u1edbi v\u1ebb \u0111\u1eb9p v\u1eeba hi\u1ec7n \u0111\u1ea1i, sang tr\u1ecdng v\u1eeba \u0111\u1ea7y c\u1ea3m x\u00fac.<\/p>\n","protected":false},"featured_media":37069,"template":"","meta":[],"product_brand":[],"product_cat":[1591],"product_tag":[],"class_list":{"0":"post-37124","1":"product","2":"type-product","3":"status-publish","4":"has-post-thumbnail","6":"product_cat-the-contrast","8":"first","9":"instock","10":"shipping-taxable","11":"product-type-simple"},"_links":{"self":[{"href":"https:\/\/nicolebridal.vn\/en\/wp-json\/wp\/v2\/product\/37124","targetHints":{"allow":["GET"]}}],"collection":[{"href":"https:\/\/nicolebridal.vn\/en\/wp-json\/wp\/v2\/product"}],"about":[{"href":"https:\/\/nicolebridal.vn\/en\/wp-json\/wp\/v2\/types\/product"}],"wp:featuredmedia":[{"embeddable":true,"href":"https:\/\/nicolebridal.vn\/en\/wp-json\/wp\/v2\/media\/37069"}],"wp:attachment":[{"href":"https:\/\/nicolebridal.vn\/en\/wp-json\/wp\/v2\/media?parent=37124"}],"wp:term":[{"taxonomy":"product_brand","embeddable":true,"href":"https:\/\/nicolebridal.vn\/en\/wp-json\/wp\/v2\/product_brand?post=37124"},{"taxonomy":"product_cat","embeddable":true,"href":"https:\/\/nicolebridal.vn\/en\/wp-json\/wp\/v2\/product_cat?post=37124"},{"taxonomy":"product_tag","embeddable":true,"href":"https:\/\/nicolebridal.vn\/en\/wp-json\/wp\/v2\/product_tag?post=37124"}],"curies":[{"name":"wp","href":"https:\/\/api.w.org\/{rel}","templated":true}]}}