{"id":37125,"date":"2026-05-09T00:17:01","date_gmt":"2026-05-08T17:17:01","guid":{"rendered":"https:\/\/nicolebridal.vn\/?post_type=product&#038;p=37125"},"modified":"2026-05-09T00:17:02","modified_gmt":"2026-05-08T17:17:02","slug":"samira","status":"publish","type":"product","link":"https:\/\/nicolebridal.vn\/en\/shop\/the-contrast\/samira\/","title":{"rendered":"Samira"},"content":{"rendered":"","protected":false},"excerpt":{"rendered":"<p>Samira mang v\u1ebb \u0111\u1eb9p nh\u1eb9 nh\u00e0ng v\u00e0 \u0111\u1ea7y l\u00e3ng m\u1ea1n nh\u01b0 m\u1ed9t khu v\u01b0\u1eddn hoa \u0111\u1ea7y h\u01b0\u01a1ng s\u1eafc. Thi\u1ebft k\u1ebf v\u00e1y c\u01b0\u1edbi \u0111\u01a1n gi\u1ea3n v\u1edbi ph\u1ea7n ch\u00e2n v\u00e1y tulle b\u1ed3ng b\u1ec1nh t\u1ea1o c\u1ea3m gi\u00e1c bay b\u1ed5ng v\u00e0 thanh tho\u00e1t, gi\u00fap c\u00f4 d\u00e2u tr\u1edf n\u00ean n\u1ed5i b\u1eadt theo c\u00e1ch th\u1eadt tinh t\u1ebf v\u00e0 d\u1ecbu d\u00e0ng.<\/p>\n<p>\u0110i\u1ec3m nh\u1ea5n \u0111\u1eb7c bi\u1ec7t c\u1ee7a Samira n\u1eb1m \u1edf chi ti\u1ebft draping satin n\u01a1i ph\u1ea7n c\u1ed5 \u00e1o k\u1ebft h\u1ee3p c\u00f9ng nh\u1eefng c\u00e1nh hoa \u0111\u01b0\u1ee3c \u0111\u00ednh k\u1ebft th\u1ee7 c\u00f4ng tr\u1ea3i d\u00e0i t\u1eeb th\u00e2n v\u00e1y xu\u1ed1ng ch\u00e2n v\u00e1y. S\u1ef1 h\u00f2a quy\u1ec7n gi\u1eefa ch\u1ea5t li\u1ec7u satin m\u1ec1m m\u1ea1i v\u00e0 l\u1edbp tulle nh\u1eb9 nh\u00e0ng mang \u0111\u1ebfn t\u1ed5ng th\u1ec3 v\u1eeba sang tr\u1ecdng v\u1eeba th\u01a1 m\u1ed9ng. Thi\u1ebft k\u1ebf tay tr\u1ec5 gi\u00fap t\u00f4n l\u00ean b\u1edd vai thanh m\u1ea3nh v\u00e0 v\u1ebb \u0111\u1eb9p n\u1eef t\u00ednh \u0111\u1ea7y cu\u1ed1n h\u00fat c\u1ee7a c\u00f4 d\u00e2u. Samira l\u00e0 l\u1ef1a ch\u1ecdn ho\u00e0n h\u1ea3o d\u00e0nh cho nh\u1eefng c\u00f4 g\u00e1i y\u00eau phong c\u00e1ch ng\u1ecdt ng\u00e0o, thanh l\u1ecbch v\u00e0 mong mu\u1ed1n h\u00f3a th\u00e2n th\u00e0nh n\u00e0ng th\u01a1 trong ng\u00e0y tr\u1ecdng \u0111\u1ea1i c\u1ee7a m\u00ecnh.<\/p>\n","protected":false},"featured_media":37049,"template":"","meta":[],"product_brand":[],"product_cat":[1591],"product_tag":[],"class_list":{"0":"post-37125","1":"product","2":"type-product","3":"status-publish","4":"has-post-thumbnail","6":"product_cat-the-contrast","8":"first","9":"instock","10":"shipping-taxable","11":"product-type-simple"},"_links":{"self":[{"href":"https:\/\/nicolebridal.vn\/en\/wp-json\/wp\/v2\/product\/37125","targetHints":{"allow":["GET"]}}],"collection":[{"href":"https:\/\/nicolebridal.vn\/en\/wp-json\/wp\/v2\/product"}],"about":[{"href":"https:\/\/nicolebridal.vn\/en\/wp-json\/wp\/v2\/types\/product"}],"wp:featuredmedia":[{"embeddable":true,"href":"https:\/\/nicolebridal.vn\/en\/wp-json\/wp\/v2\/media\/37049"}],"wp:attachment":[{"href":"https:\/\/nicolebridal.vn\/en\/wp-json\/wp\/v2\/media?parent=37125"}],"wp:term":[{"taxonomy":"product_brand","embeddable":true,"href":"https:\/\/nicolebridal.vn\/en\/wp-json\/wp\/v2\/product_brand?post=37125"},{"taxonomy":"product_cat","embeddable":true,"href":"https:\/\/nicolebridal.vn\/en\/wp-json\/wp\/v2\/product_cat?post=37125"},{"taxonomy":"product_tag","embeddable":true,"href":"https:\/\/nicolebridal.vn\/en\/wp-json\/wp\/v2\/product_tag?post=37125"}],"curies":[{"name":"wp","href":"https:\/\/api.w.org\/{rel}","templated":true}]}}