{"id":37126,"date":"2026-05-09T00:19:13","date_gmt":"2026-05-08T17:19:13","guid":{"rendered":"https:\/\/nicolebridal.vn\/?post_type=product&#038;p=37126"},"modified":"2026-05-09T00:19:14","modified_gmt":"2026-05-08T17:19:14","slug":"zahra","status":"publish","type":"product","link":"https:\/\/nicolebridal.vn\/en\/shop\/the-contrast\/zahra\/","title":{"rendered":"Zahra"},"content":{"rendered":"","protected":false},"excerpt":{"rendered":"<p>Zahra l\u00e0 thi\u1ebft k\u1ebf v\u00e1y c\u01b0\u1edbi mang tinh th\u1ea7n th\u1eddi trang hi\u1ec7n \u0111\u1ea1i d\u00e0nh cho nh\u1eefng c\u00f4 d\u00e2u y\u00eau th\u00edch s\u1ef1 kh\u00e1c bi\u1ec7t nh\u01b0ng v\u1eabn th\u1eadt tinh t\u1ebf. K\u1ebf th\u1eeba xu h\u01b0\u1edbng v\u00e1y c\u01b0\u1edbi set 2 m\u1ea3nh \u0111\u1ed9c \u0111\u00e1o n\u0103m nay, thi\u1ebft k\u1ebf Zahra t\u1ea1o n\u00ean v\u1ebb ngo\u00e0i v\u1eeba c\u00e1 t\u00ednh v\u1eeba quy\u1ebfn r\u0169, gi\u00fap c\u00f4 d\u00e2u d\u1ec5 d\u00e0ng tr\u1edf th\u00e0nh t\u00e2m \u0111i\u1ec3m trong m\u1ecdi kho\u1ea3nh kh\u1eafc xu\u1ea5t hi\u1ec7n.<\/p>\n<p>Ph\u1ea7n corset c\u00fap ng\u1ef1c \u0111\u01b0\u1ee3c d\u1ef1ng phom \u1ea5n t\u01b0\u1ee3ng k\u1ebft h\u1ee3p c\u00f9ng nh\u1eefng chu\u1ed7i ng\u1ecdc \u0111\u00ednh r\u1ee7 m\u1ec1m m\u1ea1i, t\u1ea1o hi\u1ec7u \u1ee9ng \u0111\u1ea7y cu\u1ed1n h\u00fat v\u00e0 sang tr\u1ecdng. Ch\u00e2n v\u00e1y ren \u00f4m d\u00e1ng nh\u1eb9 nh\u00e0ng mang v\u1ebb \u0111\u1eb9p n\u1eef t\u00ednh, thanh tho\u00e1t nh\u01b0ng v\u1eabn gi\u1eef \u0111\u01b0\u1ee3c tinh th\u1ea7n th\u1eddi th\u01b0\u1ee3ng hi\u1ec7n \u0111\u1ea1i. S\u1ef1 k\u1ebft h\u1ee3p h\u00e0i h\u00f2a gi\u1eefa phom d\u00e1ng m\u1ea1nh m\u1ebd v\u00e0 nh\u1eefng chi ti\u1ebft m\u1ec1m m\u1ea1i gi\u00fap Zahra tr\u1edf th\u00e0nh l\u1ef1a ch\u1ecdn ho\u00e0n h\u1ea3o cho c\u00f4 d\u00e2u mu\u1ed1n th\u1ec3 hi\u1ec7n c\u00e1 t\u00ednh ri\u00eang theo c\u00e1ch th\u1eadt thanh l\u1ecbch v\u00e0 n\u1ed5i b\u1eadt.<\/p>\n","protected":false},"featured_media":37095,"template":"","meta":[],"product_brand":[],"product_cat":[1591],"product_tag":[],"class_list":{"0":"post-37126","1":"product","2":"type-product","3":"status-publish","4":"has-post-thumbnail","6":"product_cat-the-contrast","8":"first","9":"instock","10":"shipping-taxable","11":"product-type-simple"},"_links":{"self":[{"href":"https:\/\/nicolebridal.vn\/en\/wp-json\/wp\/v2\/product\/37126","targetHints":{"allow":["GET"]}}],"collection":[{"href":"https:\/\/nicolebridal.vn\/en\/wp-json\/wp\/v2\/product"}],"about":[{"href":"https:\/\/nicolebridal.vn\/en\/wp-json\/wp\/v2\/types\/product"}],"wp:featuredmedia":[{"embeddable":true,"href":"https:\/\/nicolebridal.vn\/en\/wp-json\/wp\/v2\/media\/37095"}],"wp:attachment":[{"href":"https:\/\/nicolebridal.vn\/en\/wp-json\/wp\/v2\/media?parent=37126"}],"wp:term":[{"taxonomy":"product_brand","embeddable":true,"href":"https:\/\/nicolebridal.vn\/en\/wp-json\/wp\/v2\/product_brand?post=37126"},{"taxonomy":"product_cat","embeddable":true,"href":"https:\/\/nicolebridal.vn\/en\/wp-json\/wp\/v2\/product_cat?post=37126"},{"taxonomy":"product_tag","embeddable":true,"href":"https:\/\/nicolebridal.vn\/en\/wp-json\/wp\/v2\/product_tag?post=37126"}],"curies":[{"name":"wp","href":"https:\/\/api.w.org\/{rel}","templated":true}]}}