{"id":37130,"date":"2026-05-09T00:25:01","date_gmt":"2026-05-08T17:25:01","guid":{"rendered":"https:\/\/nicolebridal.vn\/?post_type=product&#038;p=37130"},"modified":"2026-05-09T00:25:02","modified_gmt":"2026-05-08T17:25:02","slug":"salma","status":"publish","type":"product","link":"https:\/\/nicolebridal.vn\/en\/shop\/the-contrast\/salma\/","title":{"rendered":"Salma"},"content":{"rendered":"","protected":false},"excerpt":{"rendered":"<p>Salma mang v\u1ebb \u0111\u1eb9p nh\u1eb9 nh\u00e0ng v\u00e0 \u0111\u1ea7y th\u01a1 m\u1ed9ng d\u00e0nh cho nh\u1eefng c\u00f4 d\u00e2u y\u00eau th\u00edch s\u1ef1 n\u1eef t\u00ednh tinh t\u1ebf trong ng\u00e0y tr\u1ecdng \u0111\u1ea1i. Thi\u1ebft k\u1ebf v\u00e1y c\u01b0\u1edbi ch\u1eef A k\u1ebft h\u1ee3p c\u00f9ng ch\u1ea5t li\u1ec7u tulle m\u1ec1m m\u1ea1i t\u1ea1o n\u00ean \u0111\u1ed9 b\u1ed3ng b\u1ec1nh t\u1ef1 nhi\u00ean, gi\u00fap t\u1eebng b\u01b0\u1edbc di chuy\u1ec3n tr\u1edf n\u00ean uy\u1ec3n chuy\u1ec3n v\u00e0 bay b\u1ed5ng h\u01a1n bao gi\u1edd h\u1ebft.<\/p>\n<p>\u0110i\u1ec3m nh\u1ea5n \u0111\u1eb7c bi\u1ec7t c\u1ee7a Salma n\u1eb1m \u1edf nh\u1eefng c\u1ee5m hoa x\u1ebfp th\u1ee7 c\u00f4ng n\u01a1i h\u00f4ng v\u00e1y, \u0111\u01b0\u1ee3c \u0111\u00ednh k\u1ebft \u0111\u1ea7y ngh\u1ec7 thu\u1eadt nh\u01b0 nh\u1eefng c\u00e1nh hoa \u0111ang kh\u1ebd n\u1edf trong gi\u00f3. Ph\u1ea7n th\u00e2n v\u00e1y \u00f4m nh\u1eb9 v\u1edbi h\u1ecda ti\u1ebft ren v\u00e0 sequin l\u1ea5p l\u00e1nh gi\u00fap t\u1ed5ng th\u1ec3 tr\u1edf n\u00ean thanh tho\u00e1t nh\u01b0ng v\u1eabn \u0111\u1ee7 n\u1ed5i b\u1eadt. Salma l\u00e0 l\u1ef1a ch\u1ecdn ho\u00e0n h\u1ea3o d\u00e0nh cho c\u00f4 d\u00e2u mong mu\u1ed1n xu\u1ea5t hi\u1ec7n v\u1edbi h\u00ecnh \u1ea3nh ng\u1ecdt ng\u00e0o, l\u00e3ng m\u1ea1n nh\u01b0ng v\u1eabn mang d\u1ea5u \u1ea5n ri\u00eang \u0111\u1ea7y cu\u1ed1n h\u00fat.<\/p>\n","protected":false},"featured_media":37039,"template":"","meta":[],"product_brand":[],"product_cat":[1591],"product_tag":[],"class_list":{"0":"post-37130","1":"product","2":"type-product","3":"status-publish","4":"has-post-thumbnail","6":"product_cat-the-contrast","8":"first","9":"instock","10":"shipping-taxable","11":"product-type-simple"},"_links":{"self":[{"href":"https:\/\/nicolebridal.vn\/en\/wp-json\/wp\/v2\/product\/37130","targetHints":{"allow":["GET"]}}],"collection":[{"href":"https:\/\/nicolebridal.vn\/en\/wp-json\/wp\/v2\/product"}],"about":[{"href":"https:\/\/nicolebridal.vn\/en\/wp-json\/wp\/v2\/types\/product"}],"wp:featuredmedia":[{"embeddable":true,"href":"https:\/\/nicolebridal.vn\/en\/wp-json\/wp\/v2\/media\/37039"}],"wp:attachment":[{"href":"https:\/\/nicolebridal.vn\/en\/wp-json\/wp\/v2\/media?parent=37130"}],"wp:term":[{"taxonomy":"product_brand","embeddable":true,"href":"https:\/\/nicolebridal.vn\/en\/wp-json\/wp\/v2\/product_brand?post=37130"},{"taxonomy":"product_cat","embeddable":true,"href":"https:\/\/nicolebridal.vn\/en\/wp-json\/wp\/v2\/product_cat?post=37130"},{"taxonomy":"product_tag","embeddable":true,"href":"https:\/\/nicolebridal.vn\/en\/wp-json\/wp\/v2\/product_tag?post=37130"}],"curies":[{"name":"wp","href":"https:\/\/api.w.org\/{rel}","templated":true}]}}