{"id":37131,"date":"2026-05-09T00:28:00","date_gmt":"2026-05-08T17:28:00","guid":{"rendered":"https:\/\/nicolebridal.vn\/?post_type=product&#038;p=37131"},"modified":"2026-05-09T00:28:01","modified_gmt":"2026-05-08T17:28:01","slug":"amara","status":"publish","type":"product","link":"https:\/\/nicolebridal.vn\/en\/shop\/the-contrast\/amara\/","title":{"rendered":"Amara"},"content":{"rendered":"","protected":false},"excerpt":{"rendered":"<p>Amara mang v\u1ebb \u0111\u1eb9p hi\u1ec7n \u0111\u1ea1i v\u00e0 \u0111\u1ea7y tinh t\u1ebf d\u00e0nh cho nh\u1eefng c\u00f4 d\u00e2u y\u00eau th\u00edch phong c\u00e1ch t\u1ed1i gi\u1ea3n nh\u01b0ng v\u1eabn mu\u1ed1n t\u1ea1o d\u1ea5u \u1ea5n ri\u00eang trong ng\u00e0y tr\u1ecdng \u0111\u1ea1i. Thi\u1ebft k\u1ebf v\u00e1y c\u01b0\u1edbi ch\u1eef A v\u1edbi phom d\u00e1ng m\u1ec1m m\u1ea1i \u0111\u01b0\u1ee3c th\u1ef1c hi\u1ec7n tr\u00ean n\u1ec1n ch\u1ea5t li\u1ec7u satin cao c\u1ea5p, t\u1ea1o n\u00ean hi\u1ec7u \u1ee9ng b\u00f3ng nh\u1eb9 sang tr\u1ecdng.<\/p>\n<p>\u0110i\u1ec3m nh\u1ea5n \u0111\u1eb7c bi\u1ec7t c\u1ee7a Amara n\u1eb1m \u1edf k\u1ef9 thu\u1eadt draping \u0111\u1eafp x\u1ebfp v\u1ea3i \u0111\u1ea7y ngh\u1ec7 thu\u1eadt n\u01a1i th\u00e2n v\u00e1y, mang \u0111\u1ebfn c\u1ea3m gi\u00e1c v\u1eeba thanh l\u1ecbch v\u1eeba cu\u1ed1n h\u00fat m\u1ed9t c\u00e1ch t\u1ef1 nhi\u00ean. Chi ti\u1ebft x\u1ebb t\u00e0 k\u1ebft h\u1ee3p l\u1edbp ren \u1ea9n tinh t\u1ebf gi\u00fap t\u1ed5ng th\u1ec3 tr\u1edf n\u00ean m\u1ec1m m\u1ea1i v\u00e0 n\u1eef t\u00ednh h\u01a1n m\u00e0 v\u1eabn gi\u1eef \u0111\u01b0\u1ee3c tinh th\u1ea7n th\u1eddi trang hi\u1ec7n \u0111\u1ea1i. V\u00e1y c\u01b0\u1edbi c\u00fap ng\u1ef1c Amara l\u00e0 l\u1ef1a ch\u1ecdn ho\u00e0n h\u1ea3o d\u00e0nh cho c\u00f4 d\u00e2u y\u00eau v\u1ebb \u0111\u1eb9p sang tr\u1ecdng, tinh gi\u1ea3n nh\u01b0ng v\u1eabn \u0111\u1ee7 \u1ea5n t\u01b0\u1ee3ng \u0111\u1ec3 khi\u1ebfn m\u1ecdi \u00e1nh nh\u00ecn ph\u1ea3i l\u01b0u luy\u1ebfn.<\/p>\n","protected":false},"featured_media":36900,"template":"","meta":[],"product_brand":[],"product_cat":[1591],"product_tag":[],"class_list":{"0":"post-37131","1":"product","2":"type-product","3":"status-publish","4":"has-post-thumbnail","6":"product_cat-the-contrast","8":"first","9":"instock","10":"shipping-taxable","11":"product-type-simple"},"_links":{"self":[{"href":"https:\/\/nicolebridal.vn\/en\/wp-json\/wp\/v2\/product\/37131","targetHints":{"allow":["GET"]}}],"collection":[{"href":"https:\/\/nicolebridal.vn\/en\/wp-json\/wp\/v2\/product"}],"about":[{"href":"https:\/\/nicolebridal.vn\/en\/wp-json\/wp\/v2\/types\/product"}],"wp:featuredmedia":[{"embeddable":true,"href":"https:\/\/nicolebridal.vn\/en\/wp-json\/wp\/v2\/media\/36900"}],"wp:attachment":[{"href":"https:\/\/nicolebridal.vn\/en\/wp-json\/wp\/v2\/media?parent=37131"}],"wp:term":[{"taxonomy":"product_brand","embeddable":true,"href":"https:\/\/nicolebridal.vn\/en\/wp-json\/wp\/v2\/product_brand?post=37131"},{"taxonomy":"product_cat","embeddable":true,"href":"https:\/\/nicolebridal.vn\/en\/wp-json\/wp\/v2\/product_cat?post=37131"},{"taxonomy":"product_tag","embeddable":true,"href":"https:\/\/nicolebridal.vn\/en\/wp-json\/wp\/v2\/product_tag?post=37131"}],"curies":[{"name":"wp","href":"https:\/\/api.w.org\/{rel}","templated":true}]}}