{"id":37132,"date":"2026-05-09T00:30:42","date_gmt":"2026-05-08T17:30:42","guid":{"rendered":"https:\/\/nicolebridal.vn\/?post_type=product&#038;p=37132"},"modified":"2026-05-09T00:30:42","modified_gmt":"2026-05-08T17:30:42","slug":"inaya","status":"publish","type":"product","link":"https:\/\/nicolebridal.vn\/en\/shop\/the-contrast\/inaya\/","title":{"rendered":"Inaya"},"content":{"rendered":"","protected":false},"excerpt":{"rendered":"<p>Inaya l\u00e0 thi\u1ebft k\u1ebf d\u00e0nh cho nh\u1eefng c\u00f4 d\u00e2u y\u00eau th\u00edch v\u1ebb \u0111\u1eb9p n\u1ed5i b\u1eadt v\u00e0 \u0111\u1ea7y c\u00e1 t\u00ednh trong kho\u1ea3nh kh\u1eafc after party. Phom v\u00e1y \u0111u\u00f4i c\u00e1 \u00f4m s\u00e1t t\u00f4n l\u00ean \u0111\u01b0\u1eddng cong m\u1ec1m m\u1ea1i, k\u1ebft h\u1ee3p c\u00f9ng k\u1ef9 thu\u1eadt \u0111\u00ednh k\u1ebft th\u1ee7 c\u00f4ng tinh x\u1ea3o t\u1ea1o n\u00ean hi\u1ec7u \u1ee9ng chuy\u1ec3n \u0111\u1ed9ng l\u1ea5p l\u00e1nh \u0111\u1ea7y cu\u1ed1n h\u00fat. Nh\u1eefng l\u1edbp tua pha l\u00ea \u0111\u01b0\u1ee3c s\u1eafp \u0111\u1eb7t kh\u00e9o l\u00e9o theo t\u1eebng t\u1ea7ng v\u00e1y mang tinh th\u1ea7n glamorous hi\u1ec7n \u0111\u1ea1i, gi\u00fap c\u00f4 d\u00e2u tr\u1edf n\u00ean n\u1ed5i b\u1eadt trong t\u1eebng b\u01b0\u1edbc di chuy\u1ec3n.<\/p>\n<p>Kh\u00f4ng qu\u00e1 c\u1ea7u k\u1ef3 nh\u01b0ng \u0111\u1ee7 \u0111\u1ec3 t\u1ea1o d\u1ea5u \u1ea5n kh\u00f3 qu\u00ean, Inaya l\u00e0 chi\u1ebfc v\u00e1y c\u01b0\u1edbi \u0111\u1eb7c bi\u1ec7t d\u00e0nh cho c\u00f4 d\u00e2u mu\u1ed1n t\u1eadn h\u01b0\u1edfng b\u1eefa ti\u1ec7c c\u01b0\u1edbi theo c\u00e1ch th\u1eadt t\u1ef1 do, sang tr\u1ecdng v\u00e0 \u0111\u1ea7y c\u1ea3m x\u00fac.<\/p>\n","protected":false},"featured_media":36910,"template":"","meta":[],"product_brand":[],"product_cat":[1591],"product_tag":[],"class_list":{"0":"post-37132","1":"product","2":"type-product","3":"status-publish","4":"has-post-thumbnail","6":"product_cat-the-contrast","8":"first","9":"instock","10":"shipping-taxable","11":"product-type-simple"},"_links":{"self":[{"href":"https:\/\/nicolebridal.vn\/en\/wp-json\/wp\/v2\/product\/37132","targetHints":{"allow":["GET"]}}],"collection":[{"href":"https:\/\/nicolebridal.vn\/en\/wp-json\/wp\/v2\/product"}],"about":[{"href":"https:\/\/nicolebridal.vn\/en\/wp-json\/wp\/v2\/types\/product"}],"wp:featuredmedia":[{"embeddable":true,"href":"https:\/\/nicolebridal.vn\/en\/wp-json\/wp\/v2\/media\/36910"}],"wp:attachment":[{"href":"https:\/\/nicolebridal.vn\/en\/wp-json\/wp\/v2\/media?parent=37132"}],"wp:term":[{"taxonomy":"product_brand","embeddable":true,"href":"https:\/\/nicolebridal.vn\/en\/wp-json\/wp\/v2\/product_brand?post=37132"},{"taxonomy":"product_cat","embeddable":true,"href":"https:\/\/nicolebridal.vn\/en\/wp-json\/wp\/v2\/product_cat?post=37132"},{"taxonomy":"product_tag","embeddable":true,"href":"https:\/\/nicolebridal.vn\/en\/wp-json\/wp\/v2\/product_tag?post=37132"}],"curies":[{"name":"wp","href":"https:\/\/api.w.org\/{rel}","templated":true}]}}