{"id":37133,"date":"2026-05-09T00:32:42","date_gmt":"2026-05-08T17:32:42","guid":{"rendered":"https:\/\/nicolebridal.vn\/?post_type=product&#038;p=37133"},"modified":"2026-05-09T00:32:42","modified_gmt":"2026-05-08T17:32:42","slug":"malika","status":"publish","type":"product","link":"https:\/\/nicolebridal.vn\/en\/shop\/the-contrast\/malika\/","title":{"rendered":"Malika"},"content":{"rendered":"","protected":false},"excerpt":{"rendered":"<p>&nbsp;<\/p>\n<p>Malika l\u00e0 m\u1ed9t trong nh\u1eefng thi\u1ebft k\u1ebf n\u1ed5i b\u1eadt nh\u1ea5t c\u1ee7a b\u1ed9 s\u01b0u t\u1eadp The Contrast, g\u00e2y \u1ea5n t\u01b0\u1ee3ng ngay t\u1eeb \u00e1nh nh\u00ecn \u0111\u1ea7u ti\u00ean b\u1edfi v\u1ebb \u0111\u1eb9p l\u1ed9ng l\u1eaby v\u00e0 \u0111\u1ea7y cu\u1ed1n h\u00fat. Phom v\u00e1y c\u00f4ng ch\u00faa b\u1ec1nh b\u1ed3ng k\u1ebft h\u1ee3p c\u00f9ng ph\u1ea7n corset \u00f4m d\u00e1ng \u0111\u01b0\u1ee3c \u0111\u00ednh k\u1ebft th\u1ee7 c\u00f4ng t\u1ec9 m\u1ec9, t\u1ea1o n\u00ean hi\u1ec7u \u1ee9ng l\u1ea5p l\u00e1nh t\u1ef1a nh\u1eefng \u00e1nh sao.<\/p>\n<p>\u0110i\u1ec3m nh\u1ea5n \u0111\u1eb7c bi\u1ec7t c\u1ee7a Malika n\u1eb1m \u1edf chi ti\u1ebft l\u00f4ng v\u0169 m\u1ec1m m\u1ea1i n\u01a1i h\u00f4ng v\u00e1y, mang \u0111\u1ebfn tinh th\u1ea7n th\u1eddi trang haute couture v\u1eeba ki\u00eau sa v\u1eeba kh\u00e1c bi\u1ec7t. T\u1eebng l\u1edbp tulle nh\u1eb9 nh\u00e0ng bung x\u00f2e gi\u00fap c\u00f4 d\u00e2u tr\u1edf n\u00ean n\u1ed5i b\u1eadt nh\u01b0 b\u01b0\u1edbc ra t\u1eeb c\u00e2u chuy\u1ec7n c\u1ed5 t\u00edch hi\u1ec7n \u0111\u1ea1i. \u0110\u00e2y l\u00e0 thi\u1ebft k\u1ebf d\u00e0nh cho nh\u1eefng c\u00f4 g\u00e1i y\u00eau th\u00edch v\u1ebb \u0111\u1eb9p sang tr\u1ecdng, n\u1ed5i b\u1eadt v\u00e0 mu\u1ed1n tr\u1edf th\u00e0nh t\u00e2m \u0111i\u1ec3m trong kho\u1ea3nh kh\u1eafc tr\u1ecdng \u0111\u1ea1i nh\u1ea5t c\u1ee7a m\u00ecnh.<\/p>\n","protected":false},"featured_media":36950,"template":"","meta":[],"product_brand":[],"product_cat":[1591],"product_tag":[],"class_list":{"0":"post-37133","1":"product","2":"type-product","3":"status-publish","4":"has-post-thumbnail","6":"product_cat-the-contrast","8":"first","9":"instock","10":"shipping-taxable","11":"product-type-simple"},"_links":{"self":[{"href":"https:\/\/nicolebridal.vn\/en\/wp-json\/wp\/v2\/product\/37133","targetHints":{"allow":["GET"]}}],"collection":[{"href":"https:\/\/nicolebridal.vn\/en\/wp-json\/wp\/v2\/product"}],"about":[{"href":"https:\/\/nicolebridal.vn\/en\/wp-json\/wp\/v2\/types\/product"}],"wp:featuredmedia":[{"embeddable":true,"href":"https:\/\/nicolebridal.vn\/en\/wp-json\/wp\/v2\/media\/36950"}],"wp:attachment":[{"href":"https:\/\/nicolebridal.vn\/en\/wp-json\/wp\/v2\/media?parent=37133"}],"wp:term":[{"taxonomy":"product_brand","embeddable":true,"href":"https:\/\/nicolebridal.vn\/en\/wp-json\/wp\/v2\/product_brand?post=37133"},{"taxonomy":"product_cat","embeddable":true,"href":"https:\/\/nicolebridal.vn\/en\/wp-json\/wp\/v2\/product_cat?post=37133"},{"taxonomy":"product_tag","embeddable":true,"href":"https:\/\/nicolebridal.vn\/en\/wp-json\/wp\/v2\/product_tag?post=37133"}],"curies":[{"name":"wp","href":"https:\/\/api.w.org\/{rel}","templated":true}]}}