{"id":3757,"date":"2019-05-13T15:58:49","date_gmt":"2019-05-13T08:58:49","guid":{"rendered":"https:\/\/td.nicolebridal.vn\/ao-cuoi\/ch\u01b0a%20ph\u00e2n%20lo\u1ea1i\/merida\/"},"modified":"2026-01-27T23:20:33","modified_gmt":"2026-01-27T16:20:33","slug":"merida","status":"publish","type":"product","link":"https:\/\/nicolebridal.vn\/en\/shop\/2019-collections\/fairy-tales-collection\/merida\/","title":{"rendered":"Mermaid Wedding Dress Merida (19PM304)"},"content":{"rendered":"<table dir=\"ltr\" style=\"width: 98.8927%; height: 216px;\" border=\"1\" cellspacing=\"0\" cellpadding=\"0\">\n<tbody>\n<tr style=\"height: 24px;\">\n<td style=\"height: 24px; width: 34.9398%;\" data-sheets-value=\"{&quot;1&quot;:2,&quot;2&quot;:&quot;M\u00c0U S\u1eaeC&quot;}\"><span style=\"color: #000000;\">COLOR<\/span><\/td>\n<td style=\"height: 24px; width: 178.807%;\" data-sheets-value=\"{&quot;1&quot;:2,&quot;2&quot;:&quot;TR\u1eaeNG&quot;}\"><span style=\"color: #000000;\">OFF-WHITE<\/span><\/td>\n<\/tr>\n<tr style=\"height: 24px;\">\n<td style=\"height: 24px; width: 34.9398%;\" data-sheets-value=\"{&quot;1&quot;:2,&quot;2&quot;:&quot;PHOM V\u00c1Y&quot;}\"><span style=\"color: #000000;\">DRESS FORM<\/span><\/td>\n<td style=\"height: 24px; width: 178.807%;\" data-sheets-value=\"{&quot;1&quot;:2,&quot;2&quot;:&quot;V\u00c1Y CH\u1eee A&quot;}\"><span style=\"color: #000000;\">MERMAID<\/span><\/td>\n<\/tr>\n<tr style=\"height: 24px;\">\n<td style=\"height: 24px; width: 34.9398%;\" data-sheets-value=\"{&quot;1&quot;:2,&quot;2&quot;:&quot;SIZE&quot;}\"><span style=\"color: #000000;\">SIZE<\/span><\/td>\n<td style=\"height: 24px; width: 178.807%;\" data-sheets-value=\"{&quot;1&quot;:2,&quot;2&quot;:&quot;M&quot;}\"><span style=\"color: #000000;\">M \u2013 38<\/span><\/td>\n<\/tr>\n<tr style=\"height: 24px;\">\n<td style=\"height: 24px; width: 34.9398%;\" data-sheets-value=\"{&quot;1&quot;:2,&quot;2&quot;:&quot;CH\u1ea4T LI\u1ec6U&quot;}\"><span style=\"color: #000000;\">MARERIAL<\/span><\/td>\n<td style=\"height: 24px; width: 178.807%;\" data-sheets-value=\"{&quot;1&quot;:2,&quot;2&quot;:&quot;L\u01af\u1edaI REN&quot;}\"><span style=\"color: #000000;\">LACE, SATIN<\/span><\/td>\n<\/tr>\n<tr style=\"height: 24px;\">\n<td style=\"height: 24px; width: 34.9398%;\" data-sheets-value=\"{&quot;1&quot;:2,&quot;2&quot;:&quot;KI\u1ec2U C\u1ed4&quot;}\"><span style=\"color: #000000;\">NECK STYLE<\/span><\/td>\n<td style=\"height: 24px; width: 178.807%;\" data-sheets-value=\"{&quot;1&quot;:2,&quot;2&quot;:&quot;C\u00daP NGANG&quot;}\"><span style=\"color: #000000;\">V NECK<\/span><\/td>\n<\/tr>\n<tr style=\"height: 24px;\">\n<td style=\"height: 24px; width: 34.9398%;\" data-sheets-value=\"{&quot;1&quot;:2,&quot;2&quot;:&quot;KI\u1ec2U TAY&quot;}\"><span style=\"color: #000000;\">SLEEVE STYLE<\/span><\/td>\n<td style=\"height: 24px; width: 178.807%;\" data-sheets-value=\"{&quot;1&quot;:2,&quot;2&quot;:&quot;VAI NGANG&quot;}\"><span style=\"color: #000000;\">MIDDLESLEEVES<\/span><\/td>\n<\/tr>\n<tr style=\"height: 24px;\">\n<td style=\"height: 24px; width: 34.9398%;\" data-sheets-value=\"{&quot;1&quot;:2,&quot;2&quot;:&quot;KI\u1ec2U L\u01afNG&quot;}\"><span style=\"color: #000000;\">BACK STYLE<\/span><\/td>\n<td style=\"height: 24px; width: 178.807%;\" data-sheets-value=\"{&quot;1&quot;:2,&quot;2&quot;:&quot;D\u00c2Y K\u00c9O&quot;}\"><span style=\"color: #000000;\">CORSET<\/span><\/td>\n<\/tr>\n<tr style=\"height: 24px;\">\n<td style=\"height: 24px; width: 34.9398%;\" data-sheets-value=\"{&quot;1&quot;:2,&quot;2&quot;:&quot;D\u00c0I \u0110U\u00d4I&quot;}\"><span style=\"color: #000000;\">TRAIN<\/span><\/td>\n<td style=\"height: 24px; width: 178.807%;\" data-sheets-value=\"{&quot;1&quot;:2,&quot;2&quot;:&quot;1m&quot;}\"><span style=\"color: #000000;\">0.5M<\/span><\/td>\n<\/tr>\n<tr style=\"height: 24px;\">\n<td style=\"height: 24px; width: 34.9398%;\" data-sheets-value=\"{&quot;1&quot;:2,&quot;2&quot;:&quot;PH\u00d9 H\u1ee2P V\u1edaI&quot;}\"><span style=\"color: #000000;\">USED FOR<\/span><\/td>\n<td style=\"height: 24px; width: 178.807%;\" data-sheets-value=\"{&quot;1&quot;:2,&quot;2&quot;:&quot;L\u00c0M L\u1ec4\/\u0110I B\u00c0N&quot;}\"><span style=\"color: #000000;\">PREWEDDING\/CEREMONY<\/span><\/td>\n<\/tr>\n<\/tbody>\n<\/table>\n<p>&nbsp;<\/p>\n<ul>\n<li><span style=\"color: #000000;\"><strong>NOTE (Renting a wedding dress):<\/strong><\/span>\n<ul>\n<li><span style=\"color: #000000;\">Customers can request to modify their body measurements when renting dresses and tailoring<\/span><\/li>\n<li><span style=\"color: #000000;\">The RENTING time to keep the costume is 5 days.<\/span><\/li>\n<li><span style=\"color: #000000;\">Please refer to the information on tailoring and wedding dress rental above<\/span><\/li>\n<\/ul>\n<\/li>\n<li><span style=\"color: #000000;\"><strong>NOTE (Tailoring wedding dresses):<\/strong><\/span>\n<ul>\n<li><span style=\"color: #000000;\">Tailoring time ranges from 3-6 weeks<\/span><\/li>\n<li><span style=\"color: #000000;\">Domestic \/ national shipping (if any) and other related costs are not inclusive.<\/span><\/li>\n<li><span style=\"color: #000000;\">Guests can change the color and add details of the wedding dress they want<\/span><\/li>\n<li><span style=\"color: #000000;\">Tailor price for wedding dress applies to size S 36 \u2013 M 38- L 40, in case of sewing larger size, surcharge 10% of the value of tailor dress.<\/span><\/li>\n<\/ul>\n<\/li>\n<\/ul>\n<p><span style=\"color: #000000;\">For any questions about wedding dress rental \/ tailoring, please contact via email: nicole.weddingbridal@gmail.com<\/span><\/p>\n","protected":false},"excerpt":{"rendered":"<p>The harmonious combination between Chantilly and Alencon laces bring a stunning luxury beauty. The fishtail designs are always invested by the Nicole team in the most meticulous form.<\/p>\n","protected":false},"featured_media":3758,"template":"","meta":[],"product_brand":[],"product_cat":[571],"product_tag":[1416],"class_list":{"0":"post-3757","1":"product","2":"type-product","3":"status-publish","4":"has-post-thumbnail","6":"product_cat-fairy-tales-collection","7":"product_tag-premium-wedding-dress","8":"pa_chi-tiet-medium-sleeves","9":"pa_chi-tiet-v-neck","10":"pa_kieu-dang-ao-cuoi-mermaid-wedding-dress","11":"pa_mau-sac-off-white","13":"first","14":"instock","15":"shipping-taxable","16":"purchasable","17":"product-type-simple"},"_links":{"self":[{"href":"https:\/\/nicolebridal.vn\/en\/wp-json\/wp\/v2\/product\/3757","targetHints":{"allow":["GET"]}}],"collection":[{"href":"https:\/\/nicolebridal.vn\/en\/wp-json\/wp\/v2\/product"}],"about":[{"href":"https:\/\/nicolebridal.vn\/en\/wp-json\/wp\/v2\/types\/product"}],"wp:featuredmedia":[{"embeddable":true,"href":"https:\/\/nicolebridal.vn\/en\/wp-json\/wp\/v2\/media\/3758"}],"wp:attachment":[{"href":"https:\/\/nicolebridal.vn\/en\/wp-json\/wp\/v2\/media?parent=3757"}],"wp:term":[{"taxonomy":"product_brand","embeddable":true,"href":"https:\/\/nicolebridal.vn\/en\/wp-json\/wp\/v2\/product_brand?post=3757"},{"taxonomy":"product_cat","embeddable":true,"href":"https:\/\/nicolebridal.vn\/en\/wp-json\/wp\/v2\/product_cat?post=3757"},{"taxonomy":"product_tag","embeddable":true,"href":"https:\/\/nicolebridal.vn\/en\/wp-json\/wp\/v2\/product_tag?post=3757"}],"curies":[{"name":"wp","href":"https:\/\/api.w.org\/{rel}","templated":true}]}}