{"id":3923,"date":"2019-07-22T16:06:56","date_gmt":"2019-07-22T09:06:56","guid":{"rendered":"https:\/\/td.nicolebridal.vn\/ao-cuoi\/ch\u01b0a%20ph\u00e2n%20lo\u1ea1i\/willow\/"},"modified":"2026-01-27T23:17:59","modified_gmt":"2026-01-27T16:17:59","slug":"willow","status":"publish","type":"product","link":"https:\/\/nicolebridal.vn\/en\/shop\/the-nature-en\/willow\/","title":{"rendered":"Mermaid Wedding Dress WILLOW (19PM401)"},"content":{"rendered":"<table dir=\"ltr\" style=\"width: 98.7228%;\" border=\"1\" cellspacing=\"0\" cellpadding=\"0\">\n<tbody>\n<tr>\n<td style=\"width: 36.2229%;\" data-sheets-value=\"{&quot;1&quot;:2,&quot;2&quot;:&quot;M\u00c0U S\u1eaeC&quot;}\">COLOR<\/td>\n<td style=\"width: 172.01%;\" data-sheets-value=\"{&quot;1&quot;:2,&quot;2&quot;:&quot;TR\u1eaeNG&quot;}\">OFF-WHITE<\/td>\n<\/tr>\n<tr>\n<td style=\"width: 36.2229%;\" data-sheets-value=\"{&quot;1&quot;:2,&quot;2&quot;:&quot;PHOM V\u00c1Y&quot;}\">DRESS FORM<\/td>\n<td style=\"width: 172.01%;\" data-sheets-value=\"{&quot;1&quot;:2,&quot;2&quot;:&quot;V\u00c1Y CH\u1eee A&quot;}\">MERMAID<\/td>\n<\/tr>\n<tr>\n<td style=\"width: 36.2229%;\" data-sheets-value=\"{&quot;1&quot;:2,&quot;2&quot;:&quot;SIZE&quot;}\">SIZE<\/td>\n<td style=\"width: 172.01%;\" data-sheets-value=\"{&quot;1&quot;:2,&quot;2&quot;:&quot;M&quot;}\">M \u2013 38<\/td>\n<\/tr>\n<tr>\n<td style=\"width: 36.2229%;\" data-sheets-value=\"{&quot;1&quot;:2,&quot;2&quot;:&quot;CH\u1ea4T LI\u1ec6U&quot;}\">MARERIAL<\/td>\n<td style=\"width: 172.01%;\" data-sheets-value=\"{&quot;1&quot;:2,&quot;2&quot;:&quot;L\u01af\u1edaI REN&quot;}\">SATIN, LACE<\/td>\n<\/tr>\n<tr>\n<td style=\"width: 36.2229%;\" data-sheets-value=\"{&quot;1&quot;:2,&quot;2&quot;:&quot;KI\u1ec2U C\u1ed4&quot;}\">NECK STYLE<\/td>\n<td style=\"width: 172.01%;\" data-sheets-value=\"{&quot;1&quot;:2,&quot;2&quot;:&quot;C\u00daP NGANG&quot;}\">HALTER<\/td>\n<\/tr>\n<tr>\n<td style=\"width: 36.2229%;\" data-sheets-value=\"{&quot;1&quot;:2,&quot;2&quot;:&quot;KI\u1ec2U TAY&quot;}\">SLEEVE STYLE<\/td>\n<td style=\"width: 172.01%;\" data-sheets-value=\"{&quot;1&quot;:2,&quot;2&quot;:&quot;VAI NGANG&quot;}\">LONG SLEEVES<\/td>\n<\/tr>\n<tr>\n<td style=\"width: 36.2229%;\" data-sheets-value=\"{&quot;1&quot;:2,&quot;2&quot;:&quot;KI\u1ec2U L\u01afNG&quot;}\">BACK STYLE<\/td>\n<td style=\"width: 172.01%;\" data-sheets-value=\"{&quot;1&quot;:2,&quot;2&quot;:&quot;D\u00c2Y K\u00c9O&quot;}\">BUTTONS<\/td>\n<\/tr>\n<tr>\n<td style=\"width: 36.2229%;\" data-sheets-value=\"{&quot;1&quot;:2,&quot;2&quot;:&quot;D\u00c0I \u0110U\u00d4I&quot;}\">TRAIN<\/td>\n<td style=\"width: 172.01%;\" data-sheets-value=\"{&quot;1&quot;:2,&quot;2&quot;:&quot;1m&quot;}\">0.5M<\/td>\n<\/tr>\n<tr>\n<td style=\"width: 36.2229%;\" data-sheets-value=\"{&quot;1&quot;:2,&quot;2&quot;:&quot;PH\u00d9 H\u1ee2P V\u1edaI&quot;}\">USED FOR<\/td>\n<td style=\"width: 172.01%;\" data-sheets-value=\"{&quot;1&quot;:2,&quot;2&quot;:&quot;L\u00c0M L\u1ec4\/\u0110I B\u00c0N&quot;}\">PREWEDDING<\/td>\n<\/tr>\n<\/tbody>\n<\/table>\n<p>&nbsp;<\/p>\n<ul>\n<li><strong>NOTE (Renting a wedding dress):<\/strong>\n<ul>\n<li>Customers can request to modify their body measurements when renting dresses and tailoring<\/li>\n<li>The RENTING time to keep the costume is 5 days.<\/li>\n<li>Please refer to the information on tailoring and wedding dress rental above<\/li>\n<\/ul>\n<\/li>\n<li><strong>NOTE (Tailoring wedding dresses):<\/strong>\n<ul>\n<li>Tailoring time ranges from 3-6 weeks<\/li>\n<li>Domestic \/ national shipping (if any) and other related costs are not inclusive.<\/li>\n<li>Guests can change the color and add details of the wedding dress they want<\/li>\n<li>Tailor price for wedding dress applies to size S 36 \u2013 M 38- L 40, in case of sewing larger size, surcharge 10% of the value of tailor dress.<\/li>\n<\/ul>\n<\/li>\n<\/ul>\n<p>For any questions about wedding dress rental \/ tailoring, please contact via email: nicole.weddingbridal@gmail.com<\/p>\n<p>&nbsp;<\/p>\n","protected":false},"excerpt":{"rendered":"<p>Willow has stylized details with soft sleeves and stands out with a delicate symmetrical. And take advantage of the delicate cut lines to show off the curves of the spring girl.<\/p>\n","protected":false},"featured_media":3913,"template":"","meta":[],"product_brand":[],"product_cat":[588],"product_tag":[1416],"class_list":{"0":"post-3923","1":"product","2":"type-product","3":"status-publish","4":"has-post-thumbnail","6":"product_cat-the-nature-en","7":"product_tag-premium-wedding-dress","8":"pa_chi-tiet-co-yem","9":"pa_kieu-dang-ao-cuoi-ao-cuoi-duoi-ca","10":"pa_mau-sac-trang","12":"first","13":"instock","14":"shipping-taxable","15":"purchasable","16":"product-type-simple"},"_links":{"self":[{"href":"https:\/\/nicolebridal.vn\/en\/wp-json\/wp\/v2\/product\/3923","targetHints":{"allow":["GET"]}}],"collection":[{"href":"https:\/\/nicolebridal.vn\/en\/wp-json\/wp\/v2\/product"}],"about":[{"href":"https:\/\/nicolebridal.vn\/en\/wp-json\/wp\/v2\/types\/product"}],"wp:featuredmedia":[{"embeddable":true,"href":"https:\/\/nicolebridal.vn\/en\/wp-json\/wp\/v2\/media\/3913"}],"wp:attachment":[{"href":"https:\/\/nicolebridal.vn\/en\/wp-json\/wp\/v2\/media?parent=3923"}],"wp:term":[{"taxonomy":"product_brand","embeddable":true,"href":"https:\/\/nicolebridal.vn\/en\/wp-json\/wp\/v2\/product_brand?post=3923"},{"taxonomy":"product_cat","embeddable":true,"href":"https:\/\/nicolebridal.vn\/en\/wp-json\/wp\/v2\/product_cat?post=3923"},{"taxonomy":"product_tag","embeddable":true,"href":"https:\/\/nicolebridal.vn\/en\/wp-json\/wp\/v2\/product_tag?post=3923"}],"curies":[{"name":"wp","href":"https:\/\/api.w.org\/{rel}","templated":true}]}}